{"id":29880,"date":"2017-02-16T09:13:19","date_gmt":"2017-02-16T08:13:19","guid":{"rendered":"https:\/\/chateau-grandson.ch\/home\/"},"modified":"2024-11-01T09:36:39","modified_gmt":"2024-11-01T08:36:39","slug":"home","status":"publish","type":"page","link":"https:\/\/old.chateau-grandson.ch\/de\/","title":{"rendered":"Startseite"},"content":{"rendered":"<div class=\"wpb-content-wrapper\"><p>[vc_row css_animation=&#8220;&#8220; row_type=&#8220;row&#8220; use_row_as_full_screen_section=&#8220;no&#8220; type=&#8220;grid&#8220; angled_section=&#8220;no&#8220; text_align=&#8220;left&#8220; background_image_as_pattern=&#8220;without_pattern&#8220; z_index=&#8220;&#8220; css=&#8220;.vc_custom_1708508473128{padding-top: 40px !important;padding-bottom: 40px !important;background-color: #ffffff !important;}&#8220;][vc_column][vc_column_text css=&#8220;&#8220;]<\/p>\n<h3><span style=\"color: #000000;\">WICHTIGE INFORMATIONEN<\/span><\/h3>\n<p>&nbsp;<\/p>\n<p><span style=\"color: #000000;\"><strong><span style=\"font-size: 14pt;\">Das Schloss Grandson wird bis 2026 restauriert!<\/span><\/strong><\/span><\/p>\n<p>&nbsp;<\/p>\n<p><span style=\"font-size: 14pt; color: #000000;\">W\u00e4hrend der kompletten Umgestaltung bis 2026 empf\u00e4ngt Sie das Schloss zu exklusiven F\u00fchrungen mittwochs, samstags und sonntags. Erleben Sie eine einzigartige Erfahrung und entdecken Sie die Kulissen dieser historischen Restaurierung.<\/span><\/p>\n<p>&nbsp;<\/p>\n<p>[\/vc_column_text]<a  itemprop=\"url\" href=\"https:\/\/chateau-grandson.ch\/de\/besuch\/\" target=\"_self\" data-hover-background-color='#303030' data-hover-border-color='#303030' data-hover-color='#ffffff' class=\"qbutton  default\" style=\"color: #ffffff; border-color: #93a49f; margin: 0px 0px 30px 0px; background-color: #93a49f;\">Mehr \u00fcber \u00d6ffnungszeiten und Besuchsbedingungen<\/a>[\/vc_column][\/vc_row][vc_row css_animation=&#8220;&#8220; row_type=&#8220;row&#8220; use_row_as_full_screen_section=&#8220;no&#8220; type=&#8220;full_width&#8220; angled_section=&#8220;no&#8220; text_align=&#8220;center&#8220; background_image_as_pattern=&#8220;without_pattern&#8220; z_index=&#8220;&#8220; css=&#8220;.vc_custom_1677506772395{padding-bottom: 65px !important;background-color: #cbd6d3 !important;}&#8220; el_class=&#8220;agenda-week&#8220;][vc_column][vc_row_inner row_type=&#8220;row&#8220; type=&#8220;full_width&#8220; text_align=&#8220;left&#8220; css_animation=&#8220;&#8220;][vc_column_inner][\/vc_column_inner][\/vc_row_inner][vc_column_text css=&#8220;.vc_custom_1677506735335{padding-top: 80px !important;}&#8220;]<\/p>\n<h2>DIESEN MONAT IM SCHLOSS<\/h2>\n<p>[\/vc_column_text][vc_row_inner row_type=&#8220;row&#8220; type=&#8220;grid&#8220; text_align=&#8220;left&#8220; css_animation=&#8220;&#8220;][vc_column_inner]\t\t<div class=\"wcs-timetable__wrapper\">\n\t\t\t<div class=\"wcs-vue\" id=\"wcs-app-5\"><\/div>\n\t\t<\/div>\n\t\t[\/vc_column_inner][\/vc_row_inner]<a  itemprop=\"url\" href=\"https:\/\/chateau-grandson.ch\/fr\/agenda\/\" target=\"_self\" data-hover-background-color='#303030' data-hover-border-color='#303030' data-hover-color='#ffffff' class=\"qbutton  default\" style=\"color: #ffffff; border-color: #93a49f; margin: 0px 0px 30px 0px; background-color: #93a49f;\">Alle Agenda anzeigen<\/a>[vc_row_inner row_type=&#8220;row&#8220; type=&#8220;grid&#8220; text_align=&#8220;center&#8220; css_animation=&#8220;&#8220;][vc_column_inner]<div class=\"qode_vertical_separator\" style=\"height: 80px;width: 1px;background-color: #232323;margin: 60px 0 60px 0\">\n<\/div>[vc_column_text css=&#8220;.vc_custom_1595345573891{padding-bottom: 30px !important;}&#8220;]<\/p>\n<h2>AKTUALIT\u00c4TEN<\/h2>\n<p>[\/vc_column_text]<div class='q_masonry_blog'><div class=\"q_masonry_blog_grid_sizer\"><\/div><div class=\"q_masonry_blog_grid_gutter\"><\/div><article  class='post-35876 post type-post status-publish format-standard has-post-thumbnail hentry category-aktualitaten '><div class=\"q_masonry_blog_post_image\"><a itemprop=\"url\" href=\"https:\/\/old.chateau-grandson.ch\/de\/sonderausstellung\/\" target=\"_self\"><img decoding=\"async\" itemprop=\"image\" src=\"https:\/\/old.chateau-grandson.ch\/wp-content\/uploads\/2024\/11\/CdG_exposition-chantier-visuel-site.png\" alt=\"Groupe de personnes qui visite le chantier de restauration du ch\u00e2teau de Grandson\" \/><\/a><\/div><div class=\"q_masonry_blog_post_text\"><h4 itemprop=\"name\" class=\"q_masonry_blog_title entry_title\"><a itemprop=\"url\" href=\"https:\/\/old.chateau-grandson.ch\/de\/sonderausstellung\/\">Sonderausstellung \u00ab C&#8217;est le chantier ! \u00bb<\/a><\/h4><p itemprop=\"description\" class=\"q_masonry_blog_excerpt\">Neue Sommer\u00f6ffnungszeiten und Einblick hinter die Kulissen der Baustelle &nbsp; Ab dem 1. April 2025 gelten die Sommer\u00f6ffnungszeiten, um Sie weiterhin be...<\/p><div class=\"q_masonry_blog_post_info\"><\/div><\/div><\/article><article  class='post-35772 post type-post status-publish format-standard has-post-thumbnail hentry category-aktualitaten '><div class=\"q_masonry_blog_post_image\"><a itemprop=\"url\" href=\"https:\/\/old.chateau-grandson.ch\/de\/winter-24-2\/\" target=\"_self\"><img decoding=\"async\" itemprop=\"image\" src=\"https:\/\/old.chateau-grandson.ch\/wp-content\/uploads\/2024\/12\/Chateau-Grandson_horaires-fin-annee3.png\" alt=\"Illustration : Castello di Grandson, Antonio Sasso (eau-forte colori\u00e9e), dans Il Costume Antico e Moderno de Giulio Ferrario, Florence, 1837.\" \/><\/a><\/div><div class=\"q_masonry_blog_post_text\"><h4 itemprop=\"name\" class=\"q_masonry_blog_title entry_title\"><a itemprop=\"url\" href=\"https:\/\/old.chateau-grandson.ch\/de\/winter-24-2\/\">J\u00e4hrliche Schliessung zum Jahresende<\/a><\/h4><p itemprop=\"description\" class=\"q_masonry_blog_excerpt\">J\u00e4hrliche Schlie\u00dfung zum Jahresende &nbsp; Liebes Publikum, &nbsp; Zum Ende des Jahres 2024 bereitet sich das Schloss Grandson auf eine wohlverdiente Win...<\/p><div class=\"q_masonry_blog_post_info\"><\/div><\/div><\/article><article  class='post-35758 post type-post status-publish format-standard has-post-thumbnail hentry category-aktualitaten '><div class=\"q_masonry_blog_post_image\"><a itemprop=\"url\" href=\"https:\/\/old.chateau-grandson.ch\/de\/baustellen-ausstellung\/\" target=\"_self\"><img decoding=\"async\" itemprop=\"image\" src=\"https:\/\/old.chateau-grandson.ch\/wp-content\/uploads\/2024\/11\/CdG_exposition-chantier-visuel-site.png\" alt=\"Groupe de personnes qui visite le chantier de restauration du ch\u00e2teau de Grandson\" \/><\/a><\/div><div class=\"q_masonry_blog_post_text\"><h4 itemprop=\"name\" class=\"q_masonry_blog_title entry_title\"><a itemprop=\"url\" href=\"https:\/\/old.chateau-grandson.ch\/de\/baustellen-ausstellung\/\">Sonderausstellung \u00ab C&#8217;est le chantier ! \u00bb<\/a><\/h4><p itemprop=\"description\" class=\"q_masonry_blog_excerpt\">Neue Winter\u00f6ffnungszeiten und Einblick hinter die Kulissen der Baustelle &nbsp; Ab dem 1. November 2024 gelten die Winter\u00f6ffnungszeiten, um Sie weiterhin...<\/p><div class=\"q_masonry_blog_post_info\"><\/div><\/div><\/article><\/div><a  itemprop=\"url\" href=\"https:\/\/chateau-grandson.ch\/actualite\/\" target=\"_self\" data-hover-background-color='#303030' data-hover-border-color='#303030'  class=\"qbutton  default\" style=\"color: #ffffff; border-color: #93a49f; background-color: #93a49f;\">Unsere Aktualit\u00e4ten<\/a>[\/vc_column_inner][\/vc_row_inner]<div class=\"qode_vertical_separator\" style=\"height: 80px;width: 1px;background-color: #232323;margin: 60px 0 60px 0\">\n<\/div>[\/vc_column][\/vc_row][vc_row css_animation=&#8220;&#8220; row_type=&#8220;row&#8220; use_row_as_full_screen_section=&#8220;no&#8220; type=&#8220;full_width&#8220; angled_section=&#8220;no&#8220; text_align=&#8220;center&#8220; background_image_as_pattern=&#8220;without_pattern&#8220; z_index=&#8220;&#8220;][vc_column][vc_row_inner row_type=&#8220;row&#8220; type=&#8220;full_width&#8220; text_align=&#8220;center&#8220; css_animation=&#8220;&#8220;][vc_column_inner][qode_elements_holder number_of_columns=&#8220;two_columns&#8220; switch_to_one_column=&#8220;600&#8243; alignment_one_column=&#8220;left&#8220;][qode_elements_holder_item vertical_alignment=&#8220;middle&#8220; horizontal_alignment=&#8220;right&#8220; advanced_animations=&#8220;no&#8220; item_padding_1280_1440=&#8220;0 150px 0 150px&#8220; item_padding_1024_1280=&#8220;0 120px 0 120px&#8220; item_padding_768_1024=&#8220;0 60px 0 60px&#8220; item_padding_600_768=&#8220;0 60px 0 60px&#8220; item_padding_480_600=&#8220;0 30px 0 30px&#8220; item_padding_480=&#8220;0 30px 0 30px&#8220; item_padding=&#8220;0 150px 0 150px&#8220;][vc_column_text css=&#8220;.vc_custom_1708351526684{padding-bottom: 30px !important;}&#8220;]<\/p>\n<h3>Eine Grossbaustelle zum Entdecken<\/h3>\n<p>&nbsp;<\/p>\n<p>Das Schloss Grandson profitiert derzeit von einer gross angelegten Restaurierung des Kulturerbes. Gef\u00fchrte Touren lassen Sie hinter die Kulissen der Baustelle blicken. Da die Baubereiche nur selten f\u00fcr die \u00d6ffentlichkeit zug\u00e4nglich sind, nutzen Sie diese Gelegenheit, um die durchgef\u00fchrten Massnahmen zu beobachten und das Ausmass der Baustelle zu entdecken![\/vc_column_text]<a  itemprop=\"url\" href=\"https:\/\/chateau-grandson.ch\/fr\/agenda\/\" target=\"_self\"  class=\"qbutton  default\" style=\"\">Mehr Aktivit\u00e4ten<\/a>[vc_empty_space height=&#8220;30px&#8220;][\/qode_elements_holder_item][qode_elements_holder_item vertical_alignment=&#8220;middle&#8220; horizontal_alignment=&#8220;center&#8220; advanced_animations=&#8220;no&#8220;][vc_single_image image=&#8220;35176&#8243; img_size=&#8220;full&#8220; alignment=&#8220;center&#8220; qode_css_animation=&#8220;&#8220;][\/qode_elements_holder_item][\/qode_elements_holder][\/vc_column_inner][\/vc_row_inner]<div class=\"qode_vertical_separator\" style=\"height: 80px;width: 1px;background-color: #232323;margin: 60px 0 60px 0\">\n<\/div>[\/vc_column][\/vc_row]<\/p>\n<\/div>","protected":false},"excerpt":{"rendered":"<p>[vc_row css_animation=&#8220;&#8220; row_type=&#8220;row&#8220; use_row_as_full_screen_section=&#8220;no&#8220; type=&#8220;grid&#8220; angled_section=&#8220;no&#8220; text_align=&#8220;left&#8220; background_image_as_pattern=&#8220;without_pattern&#8220; z_index=&#8220;&#8220; css=&#8220;.vc_custom_1708508473128{padding-top: 40px !important;padding-bottom: 40px !important;background-color: #ffffff !important;}&#8220;][vc_column][vc_column_text css=&#8220;&#8220;] WICHTIGE INFORMATIONEN &nbsp; Das Schloss Grandson wird bis 2026 restauriert! &nbsp; W\u00e4hrend der kompletten Umgestaltung bis 2026 empf\u00e4ngt Sie das Schloss zu exklusiven F\u00fchrungen mittwochs, samstags und sonntags&#8230;.<\/p>\n","protected":false},"author":1,"featured_media":0,"parent":0,"menu_order":2,"comment_status":"closed","ping_status":"closed","template":"full_width.php","meta":{"footnotes":""},"class_list":["post-29880","page","type-page","status-publish","hentry"],"yoast_head":"<!-- This site is optimized with the Yoast SEO plugin v23.8 - https:\/\/yoast.com\/wordpress\/plugins\/seo\/ -->\n<title>Startseite | Ch\u00e2teau de Grandson<\/title>\n<meta name=\"robots\" content=\"index, follow, max-snippet:-1, max-image-preview:large, max-video-preview:-1\" \/>\n<link rel=\"canonical\" href=\"https:\/\/old.chateau-grandson.ch\/de\/\" \/>\n<meta property=\"og:locale\" content=\"de_DE\" \/>\n<meta property=\"og:type\" content=\"article\" \/>\n<meta property=\"og:title\" content=\"Startseite | Ch\u00e2teau de Grandson\" \/>\n<meta property=\"og:description\" content=\"[vc_row css_animation=&#8220;&#8220; row_type=&#8220;row&#8220; use_row_as_full_screen_section=&#8220;no&#8220; type=&#8220;grid&#8220; angled_section=&#8220;no&#8220; text_align=&#8220;left&#8220; background_image_as_pattern=&#8220;without_pattern&#8220; z_index=&#8220;&#8220; css=&#8220;.vc_custom_1708508473128{padding-top: 40px !important;padding-bottom: 40px !important;background-color: #ffffff !important;}&#8220;][vc_column][vc_column_text css=&#8220;&#8220;] WICHTIGE INFORMATIONEN &nbsp; Das Schloss Grandson wird bis 2026 restauriert! &nbsp; W\u00e4hrend der kompletten Umgestaltung bis 2026 empf\u00e4ngt Sie das Schloss zu exklusiven F\u00fchrungen mittwochs, samstags und sonntags....\" \/>\n<meta property=\"og:url\" content=\"https:\/\/old.chateau-grandson.ch\/de\/\" \/>\n<meta property=\"og:site_name\" content=\"Ch\u00e2teau de Grandson\" \/>\n<meta property=\"article:publisher\" content=\"https:\/\/www.facebook.com\/ChateauDeGrandson\" \/>\n<meta property=\"article:modified_time\" content=\"2024-11-01T08:36:39+00:00\" \/>\n<meta name=\"twitter:card\" content=\"summary_large_image\" \/>\n<meta name=\"twitter:label1\" content=\"Gesch\u00e4tzte Lesezeit\" \/>\n\t<meta name=\"twitter:data1\" content=\"2\u00a0Minuten\" \/>\n<script type=\"application\/ld+json\" class=\"yoast-schema-graph\">{\"@context\":\"https:\/\/schema.org\",\"@graph\":[{\"@type\":\"WebPage\",\"@id\":\"https:\/\/old.chateau-grandson.ch\/de\/\",\"url\":\"https:\/\/old.chateau-grandson.ch\/de\/\",\"name\":\"Startseite | Ch\u00e2teau de Grandson\",\"isPartOf\":{\"@id\":\"https:\/\/old.chateau-grandson.ch\/de\/#website\"},\"datePublished\":\"2017-02-16T08:13:19+00:00\",\"dateModified\":\"2024-11-01T08:36:39+00:00\",\"breadcrumb\":{\"@id\":\"https:\/\/old.chateau-grandson.ch\/de\/#breadcrumb\"},\"inLanguage\":\"de\",\"potentialAction\":[{\"@type\":\"ReadAction\",\"target\":[\"https:\/\/old.chateau-grandson.ch\/de\/\"]}]},{\"@type\":\"BreadcrumbList\",\"@id\":\"https:\/\/old.chateau-grandson.ch\/de\/#breadcrumb\",\"itemListElement\":[{\"@type\":\"ListItem\",\"position\":1,\"name\":\"Accueil\",\"item\":\"https:\/\/old.chateau-grandson.ch\/de\/\"},{\"@type\":\"ListItem\",\"position\":2,\"name\":\"Startseite\"}]},{\"@type\":\"WebSite\",\"@id\":\"https:\/\/old.chateau-grandson.ch\/de\/#website\",\"url\":\"https:\/\/old.chateau-grandson.ch\/de\/\",\"name\":\"Ch\u00e2teau de Grandson\",\"description\":\"\",\"publisher\":{\"@id\":\"https:\/\/old.chateau-grandson.ch\/de\/#organization\"},\"potentialAction\":[{\"@type\":\"SearchAction\",\"target\":{\"@type\":\"EntryPoint\",\"urlTemplate\":\"https:\/\/old.chateau-grandson.ch\/de\/?s={search_term_string}\"},\"query-input\":{\"@type\":\"PropertyValueSpecification\",\"valueRequired\":true,\"valueName\":\"search_term_string\"}}],\"inLanguage\":\"de\"},{\"@type\":\"Organization\",\"@id\":\"https:\/\/old.chateau-grandson.ch\/de\/#organization\",\"name\":\"Ch\u00e2teau de Grandson\",\"url\":\"https:\/\/old.chateau-grandson.ch\/de\/\",\"logo\":{\"@type\":\"ImageObject\",\"inLanguage\":\"de\",\"@id\":\"https:\/\/old.chateau-grandson.ch\/de\/#\/schema\/logo\/image\/\",\"url\":\"https:\/\/chateau-grandson.ch\/wp-content\/uploads\/2020\/07\/logo-chateau-grandson.svg\",\"contentUrl\":\"https:\/\/chateau-grandson.ch\/wp-content\/uploads\/2020\/07\/logo-chateau-grandson.svg\",\"width\":440,\"height\":271,\"caption\":\"Ch\u00e2teau de Grandson\"},\"image\":{\"@id\":\"https:\/\/old.chateau-grandson.ch\/de\/#\/schema\/logo\/image\/\"},\"sameAs\":[\"https:\/\/www.facebook.com\/ChateauDeGrandson\",\"https:\/\/www.instagram.com\/chateau_de_grandson\/\"]}]}<\/script>\n<!-- \/ Yoast SEO plugin. -->","yoast_head_json":{"title":"Startseite | Ch\u00e2teau de Grandson","robots":{"index":"index","follow":"follow","max-snippet":"max-snippet:-1","max-image-preview":"max-image-preview:large","max-video-preview":"max-video-preview:-1"},"canonical":"https:\/\/old.chateau-grandson.ch\/de\/","og_locale":"de_DE","og_type":"article","og_title":"Startseite | Ch\u00e2teau de Grandson","og_description":"[vc_row css_animation=&#8220;&#8220; row_type=&#8220;row&#8220; use_row_as_full_screen_section=&#8220;no&#8220; type=&#8220;grid&#8220; angled_section=&#8220;no&#8220; text_align=&#8220;left&#8220; background_image_as_pattern=&#8220;without_pattern&#8220; z_index=&#8220;&#8220; css=&#8220;.vc_custom_1708508473128{padding-top: 40px !important;padding-bottom: 40px !important;background-color: #ffffff !important;}&#8220;][vc_column][vc_column_text css=&#8220;&#8220;] WICHTIGE INFORMATIONEN &nbsp; Das Schloss Grandson wird bis 2026 restauriert! &nbsp; W\u00e4hrend der kompletten Umgestaltung bis 2026 empf\u00e4ngt Sie das Schloss zu exklusiven F\u00fchrungen mittwochs, samstags und sonntags....","og_url":"https:\/\/old.chateau-grandson.ch\/de\/","og_site_name":"Ch\u00e2teau de Grandson","article_publisher":"https:\/\/www.facebook.com\/ChateauDeGrandson","article_modified_time":"2024-11-01T08:36:39+00:00","twitter_card":"summary_large_image","twitter_misc":{"Gesch\u00e4tzte Lesezeit":"2\u00a0Minuten"},"schema":{"@context":"https:\/\/schema.org","@graph":[{"@type":"WebPage","@id":"https:\/\/old.chateau-grandson.ch\/de\/","url":"https:\/\/old.chateau-grandson.ch\/de\/","name":"Startseite | Ch\u00e2teau de Grandson","isPartOf":{"@id":"https:\/\/old.chateau-grandson.ch\/de\/#website"},"datePublished":"2017-02-16T08:13:19+00:00","dateModified":"2024-11-01T08:36:39+00:00","breadcrumb":{"@id":"https:\/\/old.chateau-grandson.ch\/de\/#breadcrumb"},"inLanguage":"de","potentialAction":[{"@type":"ReadAction","target":["https:\/\/old.chateau-grandson.ch\/de\/"]}]},{"@type":"BreadcrumbList","@id":"https:\/\/old.chateau-grandson.ch\/de\/#breadcrumb","itemListElement":[{"@type":"ListItem","position":1,"name":"Accueil","item":"https:\/\/old.chateau-grandson.ch\/de\/"},{"@type":"ListItem","position":2,"name":"Startseite"}]},{"@type":"WebSite","@id":"https:\/\/old.chateau-grandson.ch\/de\/#website","url":"https:\/\/old.chateau-grandson.ch\/de\/","name":"Ch\u00e2teau de Grandson","description":"","publisher":{"@id":"https:\/\/old.chateau-grandson.ch\/de\/#organization"},"potentialAction":[{"@type":"SearchAction","target":{"@type":"EntryPoint","urlTemplate":"https:\/\/old.chateau-grandson.ch\/de\/?s={search_term_string}"},"query-input":{"@type":"PropertyValueSpecification","valueRequired":true,"valueName":"search_term_string"}}],"inLanguage":"de"},{"@type":"Organization","@id":"https:\/\/old.chateau-grandson.ch\/de\/#organization","name":"Ch\u00e2teau de Grandson","url":"https:\/\/old.chateau-grandson.ch\/de\/","logo":{"@type":"ImageObject","inLanguage":"de","@id":"https:\/\/old.chateau-grandson.ch\/de\/#\/schema\/logo\/image\/","url":"https:\/\/chateau-grandson.ch\/wp-content\/uploads\/2020\/07\/logo-chateau-grandson.svg","contentUrl":"https:\/\/chateau-grandson.ch\/wp-content\/uploads\/2020\/07\/logo-chateau-grandson.svg","width":440,"height":271,"caption":"Ch\u00e2teau de Grandson"},"image":{"@id":"https:\/\/old.chateau-grandson.ch\/de\/#\/schema\/logo\/image\/"},"sameAs":["https:\/\/www.facebook.com\/ChateauDeGrandson","https:\/\/www.instagram.com\/chateau_de_grandson\/"]}]}},"_links":{"self":[{"href":"https:\/\/old.chateau-grandson.ch\/de\/wp-json\/wp\/v2\/pages\/29880"}],"collection":[{"href":"https:\/\/old.chateau-grandson.ch\/de\/wp-json\/wp\/v2\/pages"}],"about":[{"href":"https:\/\/old.chateau-grandson.ch\/de\/wp-json\/wp\/v2\/types\/page"}],"author":[{"embeddable":true,"href":"https:\/\/old.chateau-grandson.ch\/de\/wp-json\/wp\/v2\/users\/1"}],"replies":[{"embeddable":true,"href":"https:\/\/old.chateau-grandson.ch\/de\/wp-json\/wp\/v2\/comments?post=29880"}],"version-history":[{"count":42,"href":"https:\/\/old.chateau-grandson.ch\/de\/wp-json\/wp\/v2\/pages\/29880\/revisions"}],"predecessor-version":[{"id":35717,"href":"https:\/\/old.chateau-grandson.ch\/de\/wp-json\/wp\/v2\/pages\/29880\/revisions\/35717"}],"wp:attachment":[{"href":"https:\/\/old.chateau-grandson.ch\/de\/wp-json\/wp\/v2\/media?parent=29880"}],"curies":[{"name":"wp","href":"https:\/\/api.w.org\/{rel}","templated":true}]}}