{"id":29888,"date":"2020-07-23T09:28:38","date_gmt":"2020-07-23T07:28:38","guid":{"rendered":"https:\/\/chateau-grandson.ch\/histoire\/"},"modified":"2023-12-04T10:31:26","modified_gmt":"2023-12-04T09:31:26","slug":"geschichte","status":"publish","type":"page","link":"https:\/\/old.chateau-grandson.ch\/de\/geschichte\/","title":{"rendered":"GESCHICHTE"},"content":{"rendered":"<div class=\"wpb-content-wrapper\"><p>[vc_row css_animation=&#8220;&#8220; row_type=&#8220;row&#8220; use_row_as_full_screen_section=&#8220;no&#8220; type=&#8220;full_width&#8220; angled_section=&#8220;no&#8220; text_align=&#8220;center&#8220; background_image_as_pattern=&#8220;without_pattern&#8220; z_index=&#8220;&#8220;][vc_column][vc_row_inner row_type=&#8220;row&#8220; type=&#8220;grid&#8220; text_align=&#8220;center&#8220; css_animation=&#8220;&#8220; css=&#8220;.vc_custom_1595430003367{padding-top: 60px !important;}&#8220; el_class=&#8220;titre-page&#8220;][vc_column_inner][vc_column_text css=&#8220;.vc_custom_1595488062094{border-top-width: 1px !important;border-right-width: 1px !important;border-bottom-width: 1px !important;border-left-width: 1px !important;padding-top: 18px !important;padding-right: 35px !important;padding-bottom: 18px !important;padding-left: 35px !important;border-left-color: #303030 !important;border-left-style: solid !important;border-right-color: #303030 !important;border-right-style: solid !important;border-top-color: #303030 !important;border-top-style: solid !important;border-bottom-color: #303030 !important;border-bottom-style: solid !important;}&#8220;]<\/p>\n<h1>DIE GESCHICHTE DES SCHLOSSES<\/h1>\n<p>[\/vc_column_text][\/vc_column_inner][\/vc_row_inner]<div class=\"qode_vertical_separator\" style=\"height: 80px;width: 1px;background-color: #232323;margin: 60px 0 0 0\">\n<\/div>[vc_row_inner row_type=&#8220;row&#8220; type=&#8220;full_width&#8220; text_align=&#8220;center&#8220; css_animation=&#8220;&#8220; css=&#8220;.vc_custom_1595506290503{margin-top: -9px !important;}&#8220;][vc_column_inner]<span data-type=\"normal\" data-hover-icon-color=\"#303030\" class=\"qode_icon_shortcode  q_font_awsome_icon fa-lg  \" style=\" \"><i class=\"qode_icon_font_awesome fa fa-circle qode_icon_element\" style=\"color: #303030;\" ><\/i><\/span>[qode_elements_holder number_of_columns=&#8220;two_columns&#8220; switch_to_one_column=&#8220;768&#8243; alignment_one_column=&#8220;left&#8220;][qode_elements_holder_item vertical_alignment=&#8220;middle&#8220; horizontal_alignment=&#8220;right&#8220; advanced_animations=&#8220;yes&#8220; start_position=&#8220;center&#8220; end_position=&#8220;center&#8220; item_padding_1280_1440=&#8220;0 150px 0 150px&#8220; item_padding_1024_1280=&#8220;0 120px 0 120px&#8220; item_padding_768_1024=&#8220;0 60px 0 60px&#8220; item_padding_600_768=&#8220;0 60px 0 60px&#8220; item_padding_480_600=&#8220;0 30px 0 30px&#8220; item_padding_480=&#8220;0 30px 0 30px&#8220; item_padding=&#8220;0 85px 0 150px&#8220; custom_class=&#8220;border-right&#8220;][vc_column_text css=&#8220;.vc_custom_1649940885666{padding-top: 30px !important;padding-bottom: 30px !important;}&#8220;]<\/p>\n<h2>IM ZENTRUM DER EUROP\u00c4ISCHEN GESCHICHTE<\/h2>\n<p>&nbsp;<\/p>\n<p>Die imposante gotische Burg aus dem 13<sup>.<\/sup>und 14<sup>.<\/sup> Jahrhundert am Neuenburger See war der Sitz der adligen Familie de Grandson. W\u00e4hrend der Burgunderkriege (1474-1477) zwischen Karl dem K\u00fchnen und den Eidgenossen stand das Schloss pl\u00f6tzlich im Zentrum der europ\u00e4ischen Geschichte. Noch heute ist die Schlacht von Grandson im Jahr 1476 Teil des kollektiven Ged\u00e4chtnisses der Schweiz.[\/vc_column_text][\/qode_elements_holder_item][qode_elements_holder_item vertical_alignment=&#8220;middle&#8220; horizontal_alignment=&#8220;center&#8220; advanced_animations=&#8220;no&#8220; custom_class=&#8220;img-right&#8220; item_padding=&#8220;30px&#8220;][vc_single_image image=&#8220;29776&#8243; img_size=&#8220;large&#8220; alignment=&#8220;center&#8220; qode_css_animation=&#8220;&#8220;][\/qode_elements_holder_item][\/qode_elements_holder][\/vc_column_inner][\/vc_row_inner][vc_row_inner row_type=&#8220;row&#8220; type=&#8220;full_width&#8220; text_align=&#8220;center&#8220; css_animation=&#8220;&#8220;][vc_column_inner]<span data-type=\"normal\" data-hover-icon-color=\"#303030\" class=\"qode_icon_shortcode  q_font_awsome_icon fa-lg  \" style=\" \"><i class=\"qode_icon_font_awesome fa fa-circle qode_icon_element\" style=\"color: #303030;\" ><\/i><\/span>[qode_elements_holder number_of_columns=&#8220;two_columns&#8220; switch_to_one_column=&#8220;768&#8243; alignment_one_column=&#8220;left&#8220;][qode_elements_holder_item vertical_alignment=&#8220;middle&#8220; horizontal_alignment=&#8220;center&#8220; advanced_animations=&#8220;no&#8220; custom_class=&#8220;imp-left&#8220; item_padding=&#8220;30px&#8220;][vc_single_image image=&#8220;29770&#8243; img_size=&#8220;large&#8220; alignment=&#8220;center&#8220; qode_css_animation=&#8220;&#8220;][\/qode_elements_holder_item][qode_elements_holder_item vertical_alignment=&#8220;middle&#8220; horizontal_alignment=&#8220;left&#8220; advanced_animations=&#8220;yes&#8220; start_position=&#8220;center&#8220; end_position=&#8220;center&#8220; item_padding_1280_1440=&#8220;0 150px 0 150px&#8220; item_padding_1024_1280=&#8220;0 120px 0 120px&#8220; item_padding_768_1024=&#8220;0 60px 0 60px&#8220; item_padding_600_768=&#8220;0 60px 0 60px&#8220; item_padding_480_600=&#8220;0 30px 0 30px&#8220; item_padding_480=&#8220;0 30px 0 30px&#8220; item_padding=&#8220;0 150px 0 85px&#8220; custom_class=&#8220;border-left&#8220;][vc_column_text css=&#8220;.vc_custom_1678781739051{padding-top: 30px !important;padding-bottom: 30px !important;}&#8220;]<\/p>\n<h2>EINES DER WENIGEN SCHLOSS<\/h2>\n<p>&nbsp;<\/p>\n<p>Mit seiner 40 Meter hohen Fassade, den gewaltigen Umfassungsmauern und einem Wehrgang mit einem Umfang von mehr als 150 Metern ist das Schloss Grandson eines des gr\u00f6sste der Schweiz. Nach den ehrgeizigen Pl\u00e4nen von Otto I<sup>.<\/sup>, Herr von Grandson, ist die Festung ein pr\u00e4chtiges Beispiel f\u00fcr die Burgenarchitektur des 13<sup>.<\/sup> Jahrhunderts.[\/vc_column_text][\/qode_elements_holder_item][\/qode_elements_holder][\/vc_column_inner][\/vc_row_inner][vc_row_inner row_type=&#8220;row&#8220; type=&#8220;full_width&#8220; text_align=&#8220;center&#8220; css_animation=&#8220;&#8220;][vc_column_inner]<span data-type=\"normal\" data-hover-icon-color=\"#303030\" class=\"qode_icon_shortcode  q_font_awsome_icon fa-lg  \" style=\" \"><i class=\"qode_icon_font_awesome fa fa-circle qode_icon_element\" style=\"color: #303030;\" ><\/i><\/span>[qode_elements_holder number_of_columns=&#8220;two_columns&#8220; switch_to_one_column=&#8220;768&#8243; alignment_one_column=&#8220;left&#8220;][qode_elements_holder_item vertical_alignment=&#8220;middle&#8220; horizontal_alignment=&#8220;right&#8220; advanced_animations=&#8220;yes&#8220; start_position=&#8220;center&#8220; end_position=&#8220;center&#8220; item_padding_1280_1440=&#8220;0 150px 0 150px&#8220; item_padding_1024_1280=&#8220;0 120px 0 120px&#8220; item_padding_768_1024=&#8220;0 60px 0 60px&#8220; item_padding_600_768=&#8220;0 60px 0 60px&#8220; item_padding_480_600=&#8220;0 30px 0 30px&#8220; item_padding_480=&#8220;0 30px 0 30px&#8220; item_padding=&#8220;0 85px 0 150px&#8220; custom_class=&#8220;border-right&#8220;][vc_column_text css=&#8220;.vc_custom_1595861739916{padding-top: 30px !important;padding-bottom: 30px !important;}&#8220;]<\/p>\n<h2>EINE TAUSENDJ\u00c4HRIGE GESCHICHTE<\/h2>\n<p>&nbsp;<\/p>\n<p>Das Schloss Grandson hat unter einem Dutzend verschiedener Besitzer fast tausend Jahre Geschichte erlebt. Sie reicht von der Familie von Grandson \u00fcber das burgundische Haus Chalon und den drei Jahrhunderten als Berner und Freiburger Landvogtei bis zum Besitz der Familie de Blonay im 19. Jahrhundert, abgel\u00f6st von der \u00c4ra der Autorennst\u00e4lle Filipinettis und schliesslich dem Ankauf durch Bruno Stefanini 1983, dessen Stiftung f\u00fcr Kunst, Kultur und Geschichte es bis heute geh\u00f6rt.[\/vc_column_text]<a  itemprop=\"url\" href=\"https:\/\/chateau-grandson.ch\/wp-content\/uploads\/2021\/01\/histoire-FR-verslongue.pdf\" target=\"_blank\"  class=\"qbutton  default\" style=\"\">Ausf\u00fchrlichere Geschichte hier<\/a>[\/qode_elements_holder_item][qode_elements_holder_item vertical_alignment=&#8220;middle&#8220; horizontal_alignment=&#8220;center&#8220; advanced_animations=&#8220;no&#8220; custom_class=&#8220;img-right&#8220; item_padding=&#8220;30px&#8220;][vc_single_image image=&#8220;29768&#8243; img_size=&#8220;large&#8220; alignment=&#8220;center&#8220; qode_css_animation=&#8220;&#8220;][\/qode_elements_holder_item][\/qode_elements_holder][\/vc_column_inner][\/vc_row_inner][vc_row_inner row_type=&#8220;row&#8220; type=&#8220;full_width&#8220; text_align=&#8220;center&#8220; css_animation=&#8220;&#8220;][vc_column_inner]<span data-type=\"normal\" data-hover-icon-color=\"#303030\" class=\"qode_icon_shortcode  q_font_awsome_icon fa-lg  \" style=\" \"><i class=\"qode_icon_font_awesome fa fa-circle qode_icon_element\" style=\"color: #303030;\" ><\/i><\/span>[qode_elements_holder number_of_columns=&#8220;two_columns&#8220; switch_to_one_column=&#8220;768&#8243; alignment_one_column=&#8220;left&#8220;][qode_elements_holder_item vertical_alignment=&#8220;middle&#8220; horizontal_alignment=&#8220;center&#8220; advanced_animations=&#8220;no&#8220; custom_class=&#8220;imp-left&#8220; item_padding=&#8220;30px&#8220;][vc_single_image image=&#8220;29774&#8243; img_size=&#8220;large&#8220; alignment=&#8220;center&#8220; qode_css_animation=&#8220;&#8220;][\/qode_elements_holder_item][qode_elements_holder_item vertical_alignment=&#8220;middle&#8220; horizontal_alignment=&#8220;left&#8220; advanced_animations=&#8220;yes&#8220; start_position=&#8220;center&#8220; end_position=&#8220;center&#8220; item_padding_1280_1440=&#8220;0 150px 0 150px&#8220; item_padding_1024_1280=&#8220;0 120px 0 120px&#8220; item_padding_768_1024=&#8220;0 60px 0 60px&#8220; item_padding_600_768=&#8220;0 60px 0 60px&#8220; item_padding_480_600=&#8220;0 30px 0 30px&#8220; item_padding_480=&#8220;0 30px 0 30px&#8220; item_padding=&#8220;0 150px 0 85px&#8220; custom_class=&#8220;border-left&#8220;][vc_column_text css=&#8220;.vc_custom_1595861422071{padding-top: 30px !important;padding-bottom: 30px !important;}&#8220;]<\/p>\n<h2>DREIZEHN JAHRE DER RESTAURIERUNG DES KULTURERBES<\/h2>\n<p>&nbsp;<\/p>\n<p>Mit der Unterst\u00fctzung von st\u00e4dtischen, kantonalen und eidgen\u00f6ssischen Beh\u00f6rden und anderen institutionellen Akteuren wird dieses Denkmal von nationaler Bedeutung seit 2012 einer vollst\u00e4ndigen Restaurierung unterzogen, die bis 2025 dauern wird. Ziel dieser Intervention ist es, dieses aussergew\u00f6hnliche bauliche Erbe zu sch\u00fctzen, besser zu verstehen und aufzuwerten.[\/vc_column_text][vc_column_text css=&#8220;.vc_custom_1595861429001{padding-top: 30px !important;padding-bottom: 30px !important;}&#8220;]<\/p>\n<h4>Unsere Partner<\/h4>\n<p>[\/vc_column_text][qode_clients columns=&#8220;four_columns&#8220; hover_effect=&#8220;switch_img&#8220; switch_effect=&#8220;switch_fade&#8220; disable_separators=&#8220;&#8220;][qode_client link_target=&#8220;_blank&#8220; image=&#8220;29426&#8243; link=&#8220;https:\/\/skkg.ch\/?lang=fr&#8220; hover_image=&#8220;29427&#8243;][qode_client link_target=&#8220;_blank&#8220; image=&#8220;29422&#8243; link=&#8220;https:\/\/www.loro.ch\/fr&#8220; hover_image=&#8220;29423&#8243;][qode_client link_target=&#8220;_blank&#8220; image=&#8220;29416&#8243; link=&#8220;https:\/\/www.eca-vaud.ch&#8220; hover_image=&#8220;29417&#8243;][qode_client link_target=&#8220;_blank&#8220; image=&#8220;29414&#8243; link=&#8220;https:\/\/www.bak.admin.ch\/bak\/fr\/home.html&#8220; hover_image=&#8220;29415&#8243;][qode_client link_target=&#8220;_blank&#8220; image=&#8220;29410&#8243; link=&#8220;https:\/\/www.vd.ch&#8220; hover_image=&#8220;29411&#8243;][qode_client link_target=&#8220;_blank&#8220; image=&#8220;29420&#8243; link=&#8220;https:\/\/grandson.lionsclub.ch\/fr\/index.html&#8220; hover_image=&#8220;29421&#8243;][qode_client link_target=&#8220;_blank&#8220; image=&#8220;29418&#8243; link=&#8220;http:\/\/www.ernst-goehner-stiftung.ch\/index.php\/fr&#8220; hover_image=&#8220;29419&#8243;][\/qode_clients][vc_column_text css=&#8220;.vc_custom_1607519284770{padding-top: 30px !important;padding-bottom: 30px !important;}&#8220;]sowie folgenden Partnern, die uns ihre finanzielle Unterst\u00fctzung f\u00fcr das Projekt der Museumserneuerung zugesichert haben:[\/vc_column_text][qode_clients columns=&#8220;four_columns&#8220; hover_effect=&#8220;switch_img&#8220; switch_effect=&#8220;switch_fade&#8220; disable_separators=&#8220;&#8220;][qode_client link_target=&#8220;_blank&#8220; image=&#8220;29434&#8243; link=&#8220;https:\/\/www.grandson.ch&#8220; hover_image=&#8220;29435&#8243;][qode_client link_target=&#8220;_blank&#8220; image=&#8220;29412&#8243; link=&#8220;https:\/\/www.fondation-cepy.ch&#8220; hover_image=&#8220;29413&#8243;][qode_client link_target=&#8220;_blank&#8220; image=&#8220;29410&#8243; link=&#8220;https:\/\/www.vd.ch\/toutes-les-autorites\/departements\/departement-de-leconomie-de-linnovation-et-du-sport-deis\/service-de-la-promotion-de-leconomie-et-de-linnovation-spei\/&#8220; hover_image=&#8220;29411&#8243;][qode_client link_target=&#8220;_blank&#8220; image=&#8220;29424&#8243; link=&#8220;https:\/\/www.propatria.ch\/fr\/&#8220; hover_image=&#8220;29425&#8243;][\/qode_clients][\/qode_elements_holder_item][\/qode_elements_holder]<span data-type=\"normal\" data-hover-icon-color=\"#303030\" class=\"qode_icon_shortcode  q_font_awsome_icon fa-lg  \" style=\" \"><i class=\"qode_icon_font_awesome fa fa-circle qode_icon_element\" style=\"color: #303030;\" ><\/i><\/span>[\/vc_column_inner][\/vc_row_inner]<div class=\"qode_vertical_separator\" style=\"height: 80px;width: 1px;background-color: #232323;margin: 0 0 60px 0\">\n<\/div>[\/vc_column][\/vc_row]<\/p>\n<\/div>","protected":false},"excerpt":{"rendered":"<p>[vc_row css_animation=&#8220;&#8220; row_type=&#8220;row&#8220; use_row_as_full_screen_section=&#8220;no&#8220; type=&#8220;full_width&#8220; angled_section=&#8220;no&#8220; text_align=&#8220;center&#8220; background_image_as_pattern=&#8220;without_pattern&#8220; z_index=&#8220;&#8220;][vc_column][vc_row_inner row_type=&#8220;row&#8220; type=&#8220;grid&#8220; text_align=&#8220;center&#8220; css_animation=&#8220;&#8220; css=&#8220;.vc_custom_1595430003367{padding-top: 60px !important;}&#8220; el_class=&#8220;titre-page&#8220;][vc_column_inner][vc_column_text css=&#8220;.vc_custom_1595488062094{border-top-width: 1px !important;border-right-width: 1px !important;border-bottom-width: 1px !important;border-left-width: 1px !important;padding-top: 18px !important;padding-right: 35px !important;padding-bottom: 18px !important;padding-left: 35px !important;border-left-color: #303030 !important;border-left-style: solid !important;border-right-color: #303030 !important;border-right-style: solid !important;border-top-color: #303030 !important;border-top-style: solid&#8230;<\/p>\n","protected":false},"author":1,"featured_media":0,"parent":0,"menu_order":24,"comment_status":"closed","ping_status":"closed","template":"full_width.php","meta":{"footnotes":""},"class_list":["post-29888","page","type-page","status-publish","hentry"],"yoast_head":"<!-- This site is optimized with the Yoast SEO plugin v23.8 - https:\/\/yoast.com\/wordpress\/plugins\/seo\/ -->\n<title>GESCHICHTE | Ch\u00e2teau de Grandson<\/title>\n<meta name=\"robots\" content=\"index, follow, max-snippet:-1, max-image-preview:large, max-video-preview:-1\" \/>\n<link rel=\"canonical\" href=\"https:\/\/old.chateau-grandson.ch\/de\/geschichte\/\" \/>\n<meta property=\"og:locale\" content=\"de_DE\" \/>\n<meta property=\"og:type\" content=\"article\" \/>\n<meta property=\"og:title\" content=\"GESCHICHTE | Ch\u00e2teau de Grandson\" \/>\n<meta property=\"og:description\" content=\"[vc_row css_animation=&#8220;&#8220; row_type=&#8220;row&#8220; use_row_as_full_screen_section=&#8220;no&#8220; type=&#8220;full_width&#8220; angled_section=&#8220;no&#8220; text_align=&#8220;center&#8220; background_image_as_pattern=&#8220;without_pattern&#8220; z_index=&#8220;&#8220;][vc_column][vc_row_inner row_type=&#8220;row&#8220; type=&#8220;grid&#8220; text_align=&#8220;center&#8220; css_animation=&#8220;&#8220; css=&#8220;.vc_custom_1595430003367{padding-top: 60px !important;}&#8220; el_class=&#8220;titre-page&#8220;][vc_column_inner][vc_column_text css=&#8220;.vc_custom_1595488062094{border-top-width: 1px !important;border-right-width: 1px !important;border-bottom-width: 1px !important;border-left-width: 1px !important;padding-top: 18px !important;padding-right: 35px !important;padding-bottom: 18px !important;padding-left: 35px !important;border-left-color: #303030 !important;border-left-style: solid !important;border-right-color: #303030 !important;border-right-style: solid !important;border-top-color: #303030 !important;border-top-style: solid...\" \/>\n<meta property=\"og:url\" content=\"https:\/\/old.chateau-grandson.ch\/de\/geschichte\/\" \/>\n<meta property=\"og:site_name\" content=\"Ch\u00e2teau de Grandson\" \/>\n<meta property=\"article:publisher\" content=\"https:\/\/www.facebook.com\/ChateauDeGrandson\" \/>\n<meta property=\"article:modified_time\" content=\"2023-12-04T09:31:26+00:00\" \/>\n<meta name=\"twitter:card\" content=\"summary_large_image\" \/>\n<meta name=\"twitter:label1\" content=\"Gesch\u00e4tzte Lesezeit\" \/>\n\t<meta name=\"twitter:data1\" content=\"7\u00a0Minuten\" \/>\n<script type=\"application\/ld+json\" class=\"yoast-schema-graph\">{\"@context\":\"https:\/\/schema.org\",\"@graph\":[{\"@type\":\"WebPage\",\"@id\":\"https:\/\/old.chateau-grandson.ch\/de\/geschichte\/\",\"url\":\"https:\/\/old.chateau-grandson.ch\/de\/geschichte\/\",\"name\":\"GESCHICHTE | Ch\u00e2teau de Grandson\",\"isPartOf\":{\"@id\":\"https:\/\/old.chateau-grandson.ch\/de\/#website\"},\"datePublished\":\"2020-07-23T07:28:38+00:00\",\"dateModified\":\"2023-12-04T09:31:26+00:00\",\"breadcrumb\":{\"@id\":\"https:\/\/old.chateau-grandson.ch\/de\/geschichte\/#breadcrumb\"},\"inLanguage\":\"de\",\"potentialAction\":[{\"@type\":\"ReadAction\",\"target\":[\"https:\/\/old.chateau-grandson.ch\/de\/geschichte\/\"]}]},{\"@type\":\"BreadcrumbList\",\"@id\":\"https:\/\/old.chateau-grandson.ch\/de\/geschichte\/#breadcrumb\",\"itemListElement\":[{\"@type\":\"ListItem\",\"position\":1,\"name\":\"Accueil\",\"item\":\"https:\/\/old.chateau-grandson.ch\/de\/\"},{\"@type\":\"ListItem\",\"position\":2,\"name\":\"GESCHICHTE\"}]},{\"@type\":\"WebSite\",\"@id\":\"https:\/\/old.chateau-grandson.ch\/de\/#website\",\"url\":\"https:\/\/old.chateau-grandson.ch\/de\/\",\"name\":\"Ch\u00e2teau de Grandson\",\"description\":\"\",\"publisher\":{\"@id\":\"https:\/\/old.chateau-grandson.ch\/de\/#organization\"},\"potentialAction\":[{\"@type\":\"SearchAction\",\"target\":{\"@type\":\"EntryPoint\",\"urlTemplate\":\"https:\/\/old.chateau-grandson.ch\/de\/?s={search_term_string}\"},\"query-input\":{\"@type\":\"PropertyValueSpecification\",\"valueRequired\":true,\"valueName\":\"search_term_string\"}}],\"inLanguage\":\"de\"},{\"@type\":\"Organization\",\"@id\":\"https:\/\/old.chateau-grandson.ch\/de\/#organization\",\"name\":\"Ch\u00e2teau de Grandson\",\"url\":\"https:\/\/old.chateau-grandson.ch\/de\/\",\"logo\":{\"@type\":\"ImageObject\",\"inLanguage\":\"de\",\"@id\":\"https:\/\/old.chateau-grandson.ch\/de\/#\/schema\/logo\/image\/\",\"url\":\"https:\/\/chateau-grandson.ch\/wp-content\/uploads\/2020\/07\/logo-chateau-grandson.svg\",\"contentUrl\":\"https:\/\/chateau-grandson.ch\/wp-content\/uploads\/2020\/07\/logo-chateau-grandson.svg\",\"width\":440,\"height\":271,\"caption\":\"Ch\u00e2teau de Grandson\"},\"image\":{\"@id\":\"https:\/\/old.chateau-grandson.ch\/de\/#\/schema\/logo\/image\/\"},\"sameAs\":[\"https:\/\/www.facebook.com\/ChateauDeGrandson\",\"https:\/\/www.instagram.com\/chateau_de_grandson\/\"]}]}<\/script>\n<!-- \/ Yoast SEO plugin. -->","yoast_head_json":{"title":"GESCHICHTE | Ch\u00e2teau de Grandson","robots":{"index":"index","follow":"follow","max-snippet":"max-snippet:-1","max-image-preview":"max-image-preview:large","max-video-preview":"max-video-preview:-1"},"canonical":"https:\/\/old.chateau-grandson.ch\/de\/geschichte\/","og_locale":"de_DE","og_type":"article","og_title":"GESCHICHTE | Ch\u00e2teau de Grandson","og_description":"[vc_row css_animation=&#8220;&#8220; row_type=&#8220;row&#8220; use_row_as_full_screen_section=&#8220;no&#8220; type=&#8220;full_width&#8220; angled_section=&#8220;no&#8220; text_align=&#8220;center&#8220; background_image_as_pattern=&#8220;without_pattern&#8220; z_index=&#8220;&#8220;][vc_column][vc_row_inner row_type=&#8220;row&#8220; type=&#8220;grid&#8220; text_align=&#8220;center&#8220; css_animation=&#8220;&#8220; css=&#8220;.vc_custom_1595430003367{padding-top: 60px !important;}&#8220; el_class=&#8220;titre-page&#8220;][vc_column_inner][vc_column_text css=&#8220;.vc_custom_1595488062094{border-top-width: 1px !important;border-right-width: 1px !important;border-bottom-width: 1px !important;border-left-width: 1px !important;padding-top: 18px !important;padding-right: 35px !important;padding-bottom: 18px !important;padding-left: 35px !important;border-left-color: #303030 !important;border-left-style: solid !important;border-right-color: #303030 !important;border-right-style: solid !important;border-top-color: #303030 !important;border-top-style: solid...","og_url":"https:\/\/old.chateau-grandson.ch\/de\/geschichte\/","og_site_name":"Ch\u00e2teau de Grandson","article_publisher":"https:\/\/www.facebook.com\/ChateauDeGrandson","article_modified_time":"2023-12-04T09:31:26+00:00","twitter_card":"summary_large_image","twitter_misc":{"Gesch\u00e4tzte Lesezeit":"7\u00a0Minuten"},"schema":{"@context":"https:\/\/schema.org","@graph":[{"@type":"WebPage","@id":"https:\/\/old.chateau-grandson.ch\/de\/geschichte\/","url":"https:\/\/old.chateau-grandson.ch\/de\/geschichte\/","name":"GESCHICHTE | Ch\u00e2teau de Grandson","isPartOf":{"@id":"https:\/\/old.chateau-grandson.ch\/de\/#website"},"datePublished":"2020-07-23T07:28:38+00:00","dateModified":"2023-12-04T09:31:26+00:00","breadcrumb":{"@id":"https:\/\/old.chateau-grandson.ch\/de\/geschichte\/#breadcrumb"},"inLanguage":"de","potentialAction":[{"@type":"ReadAction","target":["https:\/\/old.chateau-grandson.ch\/de\/geschichte\/"]}]},{"@type":"BreadcrumbList","@id":"https:\/\/old.chateau-grandson.ch\/de\/geschichte\/#breadcrumb","itemListElement":[{"@type":"ListItem","position":1,"name":"Accueil","item":"https:\/\/old.chateau-grandson.ch\/de\/"},{"@type":"ListItem","position":2,"name":"GESCHICHTE"}]},{"@type":"WebSite","@id":"https:\/\/old.chateau-grandson.ch\/de\/#website","url":"https:\/\/old.chateau-grandson.ch\/de\/","name":"Ch\u00e2teau de Grandson","description":"","publisher":{"@id":"https:\/\/old.chateau-grandson.ch\/de\/#organization"},"potentialAction":[{"@type":"SearchAction","target":{"@type":"EntryPoint","urlTemplate":"https:\/\/old.chateau-grandson.ch\/de\/?s={search_term_string}"},"query-input":{"@type":"PropertyValueSpecification","valueRequired":true,"valueName":"search_term_string"}}],"inLanguage":"de"},{"@type":"Organization","@id":"https:\/\/old.chateau-grandson.ch\/de\/#organization","name":"Ch\u00e2teau de Grandson","url":"https:\/\/old.chateau-grandson.ch\/de\/","logo":{"@type":"ImageObject","inLanguage":"de","@id":"https:\/\/old.chateau-grandson.ch\/de\/#\/schema\/logo\/image\/","url":"https:\/\/chateau-grandson.ch\/wp-content\/uploads\/2020\/07\/logo-chateau-grandson.svg","contentUrl":"https:\/\/chateau-grandson.ch\/wp-content\/uploads\/2020\/07\/logo-chateau-grandson.svg","width":440,"height":271,"caption":"Ch\u00e2teau de Grandson"},"image":{"@id":"https:\/\/old.chateau-grandson.ch\/de\/#\/schema\/logo\/image\/"},"sameAs":["https:\/\/www.facebook.com\/ChateauDeGrandson","https:\/\/www.instagram.com\/chateau_de_grandson\/"]}]}},"_links":{"self":[{"href":"https:\/\/old.chateau-grandson.ch\/de\/wp-json\/wp\/v2\/pages\/29888"}],"collection":[{"href":"https:\/\/old.chateau-grandson.ch\/de\/wp-json\/wp\/v2\/pages"}],"about":[{"href":"https:\/\/old.chateau-grandson.ch\/de\/wp-json\/wp\/v2\/types\/page"}],"author":[{"embeddable":true,"href":"https:\/\/old.chateau-grandson.ch\/de\/wp-json\/wp\/v2\/users\/1"}],"replies":[{"embeddable":true,"href":"https:\/\/old.chateau-grandson.ch\/de\/wp-json\/wp\/v2\/comments?post=29888"}],"version-history":[{"count":16,"href":"https:\/\/old.chateau-grandson.ch\/de\/wp-json\/wp\/v2\/pages\/29888\/revisions"}],"predecessor-version":[{"id":34901,"href":"https:\/\/old.chateau-grandson.ch\/de\/wp-json\/wp\/v2\/pages\/29888\/revisions\/34901"}],"wp:attachment":[{"href":"https:\/\/old.chateau-grandson.ch\/de\/wp-json\/wp\/v2\/media?parent=29888"}],"curies":[{"name":"wp","href":"https:\/\/api.w.org\/{rel}","templated":true}]}}