{"id":30016,"date":"2020-07-27T15:35:42","date_gmt":"2020-07-27T13:35:42","guid":{"rendered":"https:\/\/chateau-grandson.ch\/contact\/"},"modified":"2025-04-01T17:20:40","modified_gmt":"2025-04-01T15:20:40","slug":"kontakt","status":"publish","type":"page","link":"https:\/\/old.chateau-grandson.ch\/de\/kontakt\/","title":{"rendered":"KONTAKT"},"content":{"rendered":"<div class=\"wpb-content-wrapper\"><p>[vc_row css_animation=&#8220;&#8220; row_type=&#8220;row&#8220; use_row_as_full_screen_section=&#8220;no&#8220; type=&#8220;full_width&#8220; angled_section=&#8220;no&#8220; text_align=&#8220;center&#8220; background_image_as_pattern=&#8220;without_pattern&#8220; z_index=&#8220;&#8220;][vc_column][vc_row_inner row_type=&#8220;row&#8220; type=&#8220;grid&#8220; text_align=&#8220;center&#8220; css_animation=&#8220;&#8220; css=&#8220;.vc_custom_1595430003367{padding-top: 60px !important;}&#8220; el_class=&#8220;titre-page&#8220;][vc_column_inner][vc_column_text css=&#8220;.vc_custom_1595856792048{border-top-width: 1px !important;border-right-width: 1px !important;border-bottom-width: 1px !important;border-left-width: 1px !important;padding-top: 18px !important;padding-right: 35px !important;padding-bottom: 18px !important;padding-left: 35px !important;border-left-color: #303030 !important;border-left-style: solid !important;border-right-color: #303030 !important;border-right-style: solid !important;border-top-color: #303030 !important;border-top-style: solid !important;border-bottom-color: #303030 !important;border-bottom-style: solid !important;}&#8220;]<\/p>\n<h1>KONTAKT<\/h1>\n<p>[\/vc_column_text][\/vc_column_inner][\/vc_row_inner]<div class=\"qode_vertical_separator\" style=\"height: 80px;width: 1px;background-color: #232323;margin: 60px 0 60px 0\">\n<\/div>[vc_row_inner row_type=&#8220;row&#8220; type=&#8220;full_width&#8220; text_align=&#8220;left&#8220; css_animation=&#8220;&#8220; el_class=&#8220;carte&#8220;][vc_column_inner][qode_elements_holder number_of_columns=&#8220;one_column&#8220; switch_to_one_column=&#8220;768&#8243; alignment_one_column=&#8220;left&#8220;][qode_elements_holder_item vertical_alignment=&#8220;top&#8220; advanced_animations=&#8220;no&#8220; item_padding_1280_1440=&#8220;0 150px 0 150px&#8220; item_padding_1024_1280=&#8220;0 130px 0 130px&#8220;]<div class='google_map_shortcode_holder' style='height:400px;'><div class='qode_google_map' style='height:400px;' id='map_canvas_46836' data-addresses='[\"Place du Ch\u00e2teau, 1422 Grandson\"]' data-custom-map-style='false' data-color-overlay='#393939' data-saturation='-100' data-lightness='-60' data-zoom='12' data-pin='https:\/\/old.chateau-grandson.ch\/wp-content\/uploads\/2020\/07\/pin-chateau-grandson.svg' data-unique-id='46836' data-google-maps-scroll-wheel='false' data-snazzy-map-style='yes' data-map-height='400'><\/div><input type=\"hidden\" class=\"qode-snazzy-map\" value=\"`{` { ``featureType``: ``all``, ``elementType``: ``geometry.fill``, ``stylers``: `{` { ``weight``: ``2.00`` } `}` }, { ``featureType``: ``all``, ``elementType``: ``geometry.stroke``, ``stylers``: `{` { ``color``: ``#9c9c9c`` } `}` }, { ``featureType``: ``all``, ``elementType``: ``labels.text``, ``stylers``: `{` { ``visibility``: ``on`` } `}` }, { ``featureType``: ``landscape``, ``elementType``: ``all``, ``stylers``: `{` { ``color``: ``#f2f2f2`` } `}` }, { ``featureType``: ``landscape``, ``elementType``: ``geometry.fill``, ``stylers``: `{` { ``color``: ``#ffffff`` } `}` }, { ``featureType``: ``landscape.man_made``, ``elementType``: ``geometry.fill``, ``stylers``: `{` { ``color``: ``#ffffff`` } `}` }, { ``featureType``: ``poi``, ``elementType``: ``all``, ``stylers``: `{` { ``visibility``: ``off`` } `}` }, { ``featureType``: ``road``, ``elementType``: ``all``, ``stylers``: `{` { ``saturation``: -100 }, { ``lightness``: 45 } `}` }, { ``featureType``: ``road``, ``elementType``: ``geometry.fill``, ``stylers``: `{` { ``color``: ``#eeeeee`` } `}` }, { ``featureType``: ``road``, ``elementType``: ``labels.text.fill``, ``stylers``: `{` { ``color``: ``#7b7b7b`` } `}` }, { ``featureType``: ``road``, ``elementType``: ``labels.text.stroke``, ``stylers``: `{` { ``color``: ``#ffffff`` } `}` }, { ``featureType``: ``road.highway``, ``elementType``: ``all``, ``stylers``: `{` { ``visibility``: ``simplified`` } `}` }, { ``featureType``: ``road.arterial``, ``elementType``: ``labels.icon``, ``stylers``: `{` { ``visibility``: ``off`` } `}` }, { ``featureType``: ``transit``, ``elementType``: ``all``, ``stylers``: `{` { ``visibility``: ``off`` } `}` }, { ``featureType``: ``water``, ``elementType``: ``all``, ``stylers``: `{` { ``visibility``: ``on`` }, { ``color``: ``#a6e1ff`` } `}` }, { ``featureType``: ``water``, ``elementType``: ``geometry.fill``, ``stylers``: `{` { ``color``: ``#c8d7d4`` } `}` }, { ``featureType``: ``water``, ``elementType``: ``labels.text.fill``, ``stylers``: `{` { ``color``: ``#070707`` } `}` }, { ``featureType``: ``water``, ``elementType``: ``labels.text.stroke``, ``stylers``: `{` { ``color``: ``#ffffff`` } `}` } `}` \" \/><div class='google_map_shortcode_overlay'><\/div><\/div>[\/qode_elements_holder_item][\/qode_elements_holder][\/vc_column_inner][\/vc_row_inner]<div class=\"qode_vertical_separator\" style=\"height: 80px;width: 1px;background-color: #232323;margin: 60px 0 60px 0\">\n<\/div>[vc_row_inner row_type=&#8220;row&#8220; type=&#8220;full_width&#8220; text_align=&#8220;left&#8220; css_animation=&#8220;&#8220;][vc_column_inner][qode_elements_holder number_of_columns=&#8220;two_columns&#8220; columns_proportion=&#8220;33_66&#8243; switch_to_one_column=&#8220;768&#8243; alignment_one_column=&#8220;left&#8220;][qode_elements_holder_item vertical_alignment=&#8220;top&#8220; advanced_animations=&#8220;no&#8220; item_padding_1280_1440=&#8220;0 0 0 150px&#8220; item_padding_1024_1280=&#8220;0 0 0 100px&#8220; custom_class=&#8220;holder-left&#8220;][vc_column_text css=&#8220;.vc_custom_1743520783723{padding-right: 30px !important;padding-bottom: 30px !important;padding-left: 30px !important;}&#8220;]<\/p>\n<h4>Kontakt<\/h4>\n<p>&nbsp;<\/p>\n<p>Fondation du Ch\u00e2teau de Grandson<br \/>\nPlace du Ch\u00e2teau 12<br \/>\n1422 Grandson<\/p>\n<p>Telefon: <a href=\"tel:+41244452926\">+41(0)24 445 29 26<\/a><\/p>\n<p>&nbsp;<\/p>\n<p>&nbsp;<\/p>\n<h4>\u00d6ffnungszeiten<\/h4>\n<p>&nbsp;<\/p>\n<h4>Schloss<\/h4>\n<p>&nbsp;<\/p>\n<p>Montag : 12:00 &#8211; 18:00<br \/>\nDienstag: geschlossen<br \/>\nMittwoch: 12:00 &#8211; 18:00<br \/>\nDonnerstag : 12:00 &#8211; 18:00<br \/>\nFreitag : 12:00 &#8211; 18:00<br \/>\nSamstag : 13:00 &#8211; 18:00<br \/>\nSonntag : 13:00 &#8211; 18:00<\/p>\n<p>&nbsp;<\/p>\n<p>W\u00e4hrend der Renovierung sind die Innenbereiche des Schloss Grandson nur mit F\u00fchrung zug\u00e4nglich. Weitere Informationen: <a href=\"https:\/\/chateau-grandson.ch\/de\/besuch\/\">Besuch des Schlosses<\/a>[\/vc_column_text][\/qode_elements_holder_item][qode_elements_holder_item vertical_alignment=&#8220;top&#8220; advanced_animations=&#8220;no&#8220; item_padding_1280_1440=&#8220;0 150px 0 0&#8243; item_padding_1024_1280=&#8220;0 100px 0 0&#8243; custom_class=&#8220;holder-right&#8220; item_padding=&#8220;0 30px 0 30px&#8220;][vc_column_text css=&#8220;.vc_custom_1625756285723{padding-bottom: 20px !important;}&#8220;]<\/p>\n<h4>M\u00f6chten Sie eine F\u00fchrung? Ihre Veranstaltung organisieren? Bitte <a href=\"https:\/\/chateau-grandson.ch\/de\/kontaktformular\/\">klicken Sie hier<\/a><\/h4>\n<p>[\/vc_column_text][vc_column_text css=&#8220;.vc_custom_1625756292926{padding-bottom: 20px !important;}&#8220;]<\/p>\n<h4>Ben\u00f6tigen Sie weitere Informationen? Bitte fragen Sie uns unten<\/h4>\n<p>[\/vc_column_text]\n<div class=\"wpcf7 no-js\" id=\"wpcf7-f30397-o1\" lang=\"fr-FR\" dir=\"ltr\" data-wpcf7-id=\"30397\">\n<div class=\"screen-reader-response\"><p role=\"status\" aria-live=\"polite\" aria-atomic=\"true\"><\/p> <ul><\/ul><\/div>\n<form action=\"\/de\/wp-json\/wp\/v2\/pages\/30016#wpcf7-f30397-o1\" method=\"post\" class=\"wpcf7-form init cf7_custom_style_1\" aria-label=\"Formulaire de contact\" novalidate=\"novalidate\" data-status=\"init\">\n<div style=\"display: none;\">\n<input type=\"hidden\" name=\"_wpcf7\" value=\"30397\" \/>\n<input type=\"hidden\" name=\"_wpcf7_version\" value=\"6.0\" \/>\n<input type=\"hidden\" name=\"_wpcf7_locale\" value=\"fr_FR\" \/>\n<input type=\"hidden\" name=\"_wpcf7_unit_tag\" value=\"wpcf7-f30397-o1\" \/>\n<input type=\"hidden\" name=\"_wpcf7_container_post\" value=\"0\" \/>\n<input type=\"hidden\" name=\"_wpcf7_posted_data_hash\" value=\"\" \/>\n<input type=\"hidden\" name=\"_wpcf7_recaptcha_response\" value=\"\" \/>\n<\/div>\n<p><label> Ihr Name*<br \/>\n<span class=\"wpcf7-form-control-wrap\" data-name=\"your-name\"><input size=\"40\" maxlength=\"400\" class=\"wpcf7-form-control wpcf7-text wpcf7-validates-as-required\" aria-required=\"true\" aria-invalid=\"false\" value=\"\" type=\"text\" name=\"your-name\" \/><\/span> <\/label>\n<\/p>\n<p><label> Ihr E-Mail*<br \/>\n<span class=\"wpcf7-form-control-wrap\" data-name=\"your-email\"><input size=\"40\" maxlength=\"400\" class=\"wpcf7-form-control wpcf7-email wpcf7-validates-as-required wpcf7-text wpcf7-validates-as-email\" aria-required=\"true\" aria-invalid=\"false\" value=\"\" type=\"email\" name=\"your-email\" \/><\/span> <\/label>\n<\/p>\n<p><label> Bettrift<br \/>\n<span class=\"wpcf7-form-control-wrap\" data-name=\"your-subject\"><input size=\"40\" maxlength=\"400\" class=\"wpcf7-form-control wpcf7-text\" aria-invalid=\"false\" value=\"\" type=\"text\" name=\"your-subject\" \/><\/span> <\/label>\n<\/p>\n<p><label> Ihr Nachricht*<br \/>\n<span class=\"wpcf7-form-control-wrap\" data-name=\"your-message\"><textarea cols=\"40\" rows=\"10\" maxlength=\"2000\" class=\"wpcf7-form-control wpcf7-textarea wpcf7-validates-as-required\" aria-required=\"true\" aria-invalid=\"false\" name=\"your-message\"><\/textarea><\/span> <\/label>\n<\/p>\n<p><input class=\"wpcf7-form-control wpcf7-submit has-spinner\" type=\"submit\" value=\"Senden\" \/>\n<\/p><div class=\"wpcf7-response-output\" aria-hidden=\"true\"><\/div>\n<\/form>\n<\/div>\n[\/qode_elements_holder_item][\/qode_elements_holder][\/vc_column_inner][\/vc_row_inner]<div class=\"qode_vertical_separator\" style=\"height: 80px;width: 1px;background-color: #232323;margin: 60px 0 60px 0\">\n<\/div>[\/vc_column][\/vc_row]<\/p>\n<\/div>","protected":false},"excerpt":{"rendered":"<p>[vc_row css_animation=&#8220;&#8220; row_type=&#8220;row&#8220; use_row_as_full_screen_section=&#8220;no&#8220; type=&#8220;full_width&#8220; angled_section=&#8220;no&#8220; text_align=&#8220;center&#8220; background_image_as_pattern=&#8220;without_pattern&#8220; z_index=&#8220;&#8220;][vc_column][vc_row_inner row_type=&#8220;row&#8220; type=&#8220;grid&#8220; text_align=&#8220;center&#8220; css_animation=&#8220;&#8220; css=&#8220;.vc_custom_1595430003367{padding-top: 60px !important;}&#8220; el_class=&#8220;titre-page&#8220;][vc_column_inner][vc_column_text css=&#8220;.vc_custom_1595856792048{border-top-width: 1px !important;border-right-width: 1px !important;border-bottom-width: 1px !important;border-left-width: 1px !important;padding-top: 18px !important;padding-right: 35px !important;padding-bottom: 18px !important;padding-left: 35px !important;border-left-color: #303030 !important;border-left-style: solid !important;border-right-color: #303030 !important;border-right-style: solid !important;border-top-color: #303030 !important;border-top-style: solid&#8230;<\/p>\n","protected":false},"author":1,"featured_media":0,"parent":0,"menu_order":16,"comment_status":"closed","ping_status":"closed","template":"full_width.php","meta":{"footnotes":""},"class_list":["post-30016","page","type-page","status-publish","hentry"],"yoast_head":"<!-- This site is optimized with the Yoast SEO plugin v23.8 - https:\/\/yoast.com\/wordpress\/plugins\/seo\/ -->\n<title>KONTAKT | Ch\u00e2teau de Grandson<\/title>\n<meta name=\"robots\" content=\"index, follow, max-snippet:-1, max-image-preview:large, max-video-preview:-1\" \/>\n<link rel=\"canonical\" href=\"https:\/\/old.chateau-grandson.ch\/de\/kontakt\/\" \/>\n<meta property=\"og:locale\" content=\"de_DE\" \/>\n<meta property=\"og:type\" content=\"article\" \/>\n<meta property=\"og:title\" content=\"KONTAKT | Ch\u00e2teau de Grandson\" \/>\n<meta property=\"og:description\" content=\"[vc_row css_animation=&#8220;&#8220; row_type=&#8220;row&#8220; use_row_as_full_screen_section=&#8220;no&#8220; type=&#8220;full_width&#8220; angled_section=&#8220;no&#8220; text_align=&#8220;center&#8220; background_image_as_pattern=&#8220;without_pattern&#8220; z_index=&#8220;&#8220;][vc_column][vc_row_inner row_type=&#8220;row&#8220; type=&#8220;grid&#8220; text_align=&#8220;center&#8220; css_animation=&#8220;&#8220; css=&#8220;.vc_custom_1595430003367{padding-top: 60px !important;}&#8220; el_class=&#8220;titre-page&#8220;][vc_column_inner][vc_column_text css=&#8220;.vc_custom_1595856792048{border-top-width: 1px !important;border-right-width: 1px !important;border-bottom-width: 1px !important;border-left-width: 1px !important;padding-top: 18px !important;padding-right: 35px !important;padding-bottom: 18px !important;padding-left: 35px !important;border-left-color: #303030 !important;border-left-style: solid !important;border-right-color: #303030 !important;border-right-style: solid !important;border-top-color: #303030 !important;border-top-style: solid...\" \/>\n<meta property=\"og:url\" content=\"https:\/\/old.chateau-grandson.ch\/de\/kontakt\/\" \/>\n<meta property=\"og:site_name\" content=\"Ch\u00e2teau de Grandson\" \/>\n<meta property=\"article:publisher\" content=\"https:\/\/www.facebook.com\/ChateauDeGrandson\" \/>\n<meta property=\"article:modified_time\" content=\"2025-04-01T15:20:40+00:00\" \/>\n<meta name=\"twitter:card\" content=\"summary_large_image\" \/>\n<meta name=\"twitter:label1\" content=\"Gesch\u00e4tzte Lesezeit\" \/>\n\t<meta name=\"twitter:data1\" content=\"3\u00a0Minuten\" \/>\n<script type=\"application\/ld+json\" class=\"yoast-schema-graph\">{\"@context\":\"https:\/\/schema.org\",\"@graph\":[{\"@type\":\"WebPage\",\"@id\":\"https:\/\/old.chateau-grandson.ch\/de\/kontakt\/\",\"url\":\"https:\/\/old.chateau-grandson.ch\/de\/kontakt\/\",\"name\":\"KONTAKT | Ch\u00e2teau de Grandson\",\"isPartOf\":{\"@id\":\"https:\/\/old.chateau-grandson.ch\/de\/#website\"},\"datePublished\":\"2020-07-27T13:35:42+00:00\",\"dateModified\":\"2025-04-01T15:20:40+00:00\",\"breadcrumb\":{\"@id\":\"https:\/\/old.chateau-grandson.ch\/de\/kontakt\/#breadcrumb\"},\"inLanguage\":\"de\",\"potentialAction\":[{\"@type\":\"ReadAction\",\"target\":[\"https:\/\/old.chateau-grandson.ch\/de\/kontakt\/\"]}]},{\"@type\":\"BreadcrumbList\",\"@id\":\"https:\/\/old.chateau-grandson.ch\/de\/kontakt\/#breadcrumb\",\"itemListElement\":[{\"@type\":\"ListItem\",\"position\":1,\"name\":\"Accueil\",\"item\":\"https:\/\/old.chateau-grandson.ch\/de\/\"},{\"@type\":\"ListItem\",\"position\":2,\"name\":\"KONTAKT\"}]},{\"@type\":\"WebSite\",\"@id\":\"https:\/\/old.chateau-grandson.ch\/de\/#website\",\"url\":\"https:\/\/old.chateau-grandson.ch\/de\/\",\"name\":\"Ch\u00e2teau de Grandson\",\"description\":\"\",\"publisher\":{\"@id\":\"https:\/\/old.chateau-grandson.ch\/de\/#organization\"},\"potentialAction\":[{\"@type\":\"SearchAction\",\"target\":{\"@type\":\"EntryPoint\",\"urlTemplate\":\"https:\/\/old.chateau-grandson.ch\/de\/?s={search_term_string}\"},\"query-input\":{\"@type\":\"PropertyValueSpecification\",\"valueRequired\":true,\"valueName\":\"search_term_string\"}}],\"inLanguage\":\"de\"},{\"@type\":\"Organization\",\"@id\":\"https:\/\/old.chateau-grandson.ch\/de\/#organization\",\"name\":\"Ch\u00e2teau de Grandson\",\"url\":\"https:\/\/old.chateau-grandson.ch\/de\/\",\"logo\":{\"@type\":\"ImageObject\",\"inLanguage\":\"de\",\"@id\":\"https:\/\/old.chateau-grandson.ch\/de\/#\/schema\/logo\/image\/\",\"url\":\"https:\/\/chateau-grandson.ch\/wp-content\/uploads\/2020\/07\/logo-chateau-grandson.svg\",\"contentUrl\":\"https:\/\/chateau-grandson.ch\/wp-content\/uploads\/2020\/07\/logo-chateau-grandson.svg\",\"width\":440,\"height\":271,\"caption\":\"Ch\u00e2teau de Grandson\"},\"image\":{\"@id\":\"https:\/\/old.chateau-grandson.ch\/de\/#\/schema\/logo\/image\/\"},\"sameAs\":[\"https:\/\/www.facebook.com\/ChateauDeGrandson\",\"https:\/\/www.instagram.com\/chateau_de_grandson\/\"]}]}<\/script>\n<!-- \/ Yoast SEO plugin. -->","yoast_head_json":{"title":"KONTAKT | Ch\u00e2teau de Grandson","robots":{"index":"index","follow":"follow","max-snippet":"max-snippet:-1","max-image-preview":"max-image-preview:large","max-video-preview":"max-video-preview:-1"},"canonical":"https:\/\/old.chateau-grandson.ch\/de\/kontakt\/","og_locale":"de_DE","og_type":"article","og_title":"KONTAKT | Ch\u00e2teau de Grandson","og_description":"[vc_row css_animation=&#8220;&#8220; row_type=&#8220;row&#8220; use_row_as_full_screen_section=&#8220;no&#8220; type=&#8220;full_width&#8220; angled_section=&#8220;no&#8220; text_align=&#8220;center&#8220; background_image_as_pattern=&#8220;without_pattern&#8220; z_index=&#8220;&#8220;][vc_column][vc_row_inner row_type=&#8220;row&#8220; type=&#8220;grid&#8220; text_align=&#8220;center&#8220; css_animation=&#8220;&#8220; css=&#8220;.vc_custom_1595430003367{padding-top: 60px !important;}&#8220; el_class=&#8220;titre-page&#8220;][vc_column_inner][vc_column_text css=&#8220;.vc_custom_1595856792048{border-top-width: 1px !important;border-right-width: 1px !important;border-bottom-width: 1px !important;border-left-width: 1px !important;padding-top: 18px !important;padding-right: 35px !important;padding-bottom: 18px !important;padding-left: 35px !important;border-left-color: #303030 !important;border-left-style: solid !important;border-right-color: #303030 !important;border-right-style: solid !important;border-top-color: #303030 !important;border-top-style: solid...","og_url":"https:\/\/old.chateau-grandson.ch\/de\/kontakt\/","og_site_name":"Ch\u00e2teau de Grandson","article_publisher":"https:\/\/www.facebook.com\/ChateauDeGrandson","article_modified_time":"2025-04-01T15:20:40+00:00","twitter_card":"summary_large_image","twitter_misc":{"Gesch\u00e4tzte Lesezeit":"3\u00a0Minuten"},"schema":{"@context":"https:\/\/schema.org","@graph":[{"@type":"WebPage","@id":"https:\/\/old.chateau-grandson.ch\/de\/kontakt\/","url":"https:\/\/old.chateau-grandson.ch\/de\/kontakt\/","name":"KONTAKT | Ch\u00e2teau de Grandson","isPartOf":{"@id":"https:\/\/old.chateau-grandson.ch\/de\/#website"},"datePublished":"2020-07-27T13:35:42+00:00","dateModified":"2025-04-01T15:20:40+00:00","breadcrumb":{"@id":"https:\/\/old.chateau-grandson.ch\/de\/kontakt\/#breadcrumb"},"inLanguage":"de","potentialAction":[{"@type":"ReadAction","target":["https:\/\/old.chateau-grandson.ch\/de\/kontakt\/"]}]},{"@type":"BreadcrumbList","@id":"https:\/\/old.chateau-grandson.ch\/de\/kontakt\/#breadcrumb","itemListElement":[{"@type":"ListItem","position":1,"name":"Accueil","item":"https:\/\/old.chateau-grandson.ch\/de\/"},{"@type":"ListItem","position":2,"name":"KONTAKT"}]},{"@type":"WebSite","@id":"https:\/\/old.chateau-grandson.ch\/de\/#website","url":"https:\/\/old.chateau-grandson.ch\/de\/","name":"Ch\u00e2teau de Grandson","description":"","publisher":{"@id":"https:\/\/old.chateau-grandson.ch\/de\/#organization"},"potentialAction":[{"@type":"SearchAction","target":{"@type":"EntryPoint","urlTemplate":"https:\/\/old.chateau-grandson.ch\/de\/?s={search_term_string}"},"query-input":{"@type":"PropertyValueSpecification","valueRequired":true,"valueName":"search_term_string"}}],"inLanguage":"de"},{"@type":"Organization","@id":"https:\/\/old.chateau-grandson.ch\/de\/#organization","name":"Ch\u00e2teau de Grandson","url":"https:\/\/old.chateau-grandson.ch\/de\/","logo":{"@type":"ImageObject","inLanguage":"de","@id":"https:\/\/old.chateau-grandson.ch\/de\/#\/schema\/logo\/image\/","url":"https:\/\/chateau-grandson.ch\/wp-content\/uploads\/2020\/07\/logo-chateau-grandson.svg","contentUrl":"https:\/\/chateau-grandson.ch\/wp-content\/uploads\/2020\/07\/logo-chateau-grandson.svg","width":440,"height":271,"caption":"Ch\u00e2teau de Grandson"},"image":{"@id":"https:\/\/old.chateau-grandson.ch\/de\/#\/schema\/logo\/image\/"},"sameAs":["https:\/\/www.facebook.com\/ChateauDeGrandson","https:\/\/www.instagram.com\/chateau_de_grandson\/"]}]}},"_links":{"self":[{"href":"https:\/\/old.chateau-grandson.ch\/de\/wp-json\/wp\/v2\/pages\/30016"}],"collection":[{"href":"https:\/\/old.chateau-grandson.ch\/de\/wp-json\/wp\/v2\/pages"}],"about":[{"href":"https:\/\/old.chateau-grandson.ch\/de\/wp-json\/wp\/v2\/types\/page"}],"author":[{"embeddable":true,"href":"https:\/\/old.chateau-grandson.ch\/de\/wp-json\/wp\/v2\/users\/1"}],"replies":[{"embeddable":true,"href":"https:\/\/old.chateau-grandson.ch\/de\/wp-json\/wp\/v2\/comments?post=30016"}],"version-history":[{"count":40,"href":"https:\/\/old.chateau-grandson.ch\/de\/wp-json\/wp\/v2\/pages\/30016\/revisions"}],"predecessor-version":[{"id":35858,"href":"https:\/\/old.chateau-grandson.ch\/de\/wp-json\/wp\/v2\/pages\/30016\/revisions\/35858"}],"wp:attachment":[{"href":"https:\/\/old.chateau-grandson.ch\/de\/wp-json\/wp\/v2\/media?parent=30016"}],"curies":[{"name":"wp","href":"https:\/\/api.w.org\/{rel}","templated":true}]}}