{"id":32088,"date":"2022-03-14T17:18:48","date_gmt":"2022-03-14T16:18:48","guid":{"rendered":"https:\/\/chateau-grandson.ch\/?page_id=32088"},"modified":"2024-07-25T09:48:33","modified_gmt":"2024-07-25T07:48:33","slug":"projekt2026","status":"publish","type":"page","link":"https:\/\/old.chateau-grandson.ch\/de\/projekt2026\/","title":{"rendered":"PROJEKT 2026"},"content":{"rendered":"<div class=\"wpb-content-wrapper\"><p>[vc_row css_animation=&#8220;&#8220; row_type=&#8220;row&#8220; use_row_as_full_screen_section=&#8220;no&#8220; type=&#8220;full_width&#8220; angled_section=&#8220;no&#8220; text_align=&#8220;center&#8220; background_image_as_pattern=&#8220;without_pattern&#8220; z_index=&#8220;&#8220;][vc_column][vc_row_inner row_type=&#8220;row&#8220; type=&#8220;grid&#8220; text_align=&#8220;center&#8220; css_animation=&#8220;&#8220; css=&#8220;.vc_custom_1595430003367{padding-top: 60px !important;}&#8220; el_class=&#8220;titre-page&#8220;][vc_column_inner][vc_column_text css=&#8220;.vc_custom_1647274695240{border-top-width: 1px !important;border-right-width: 1px !important;border-bottom-width: 1px !important;border-left-width: 1px !important;padding-top: 18px !important;padding-right: 35px !important;padding-bottom: 18px !important;padding-left: 35px !important;border-left-color: #303030 !important;border-left-style: solid !important;border-right-color: #303030 !important;border-right-style: solid !important;border-top-color: #303030 !important;border-top-style: solid !important;border-bottom-color: #303030 !important;border-bottom-style: solid !important;}&#8220;]<\/p>\n<h1>PROJEKT 2026<\/h1>\n<p>[\/vc_column_text][\/vc_column_inner][\/vc_row_inner]<div class=\"qode_vertical_separator\" style=\"height: 80px;width: 1px;background-color: #232323;margin: 60px 0 0 0\">\n<\/div>[vc_row_inner row_type=&#8220;row&#8220; type=&#8220;full_width&#8220; text_align=&#8220;center&#8220; css_animation=&#8220;&#8220; css=&#8220;.vc_custom_1595506290503{margin-top: -9px !important;}&#8220;][vc_column_inner]<span data-type=\"normal\" data-hover-icon-color=\"#303030\" class=\"qode_icon_shortcode  q_font_awsome_icon fa-lg  \" style=\" \"><i class=\"qode_icon_font_awesome fa fa-circle qode_icon_element\" style=\"color: #303030;\" ><\/i><\/span>[qode_elements_holder number_of_columns=&#8220;two_columns&#8220; switch_to_one_column=&#8220;768&#8243; alignment_one_column=&#8220;left&#8220;][qode_elements_holder_item vertical_alignment=&#8220;middle&#8220; horizontal_alignment=&#8220;right&#8220; advanced_animations=&#8220;yes&#8220; start_position=&#8220;center&#8220; end_position=&#8220;center&#8220; item_padding_1280_1440=&#8220;0 150px 0 150px&#8220; item_padding_1024_1280=&#8220;0 120px 0 120px&#8220; item_padding_768_1024=&#8220;0 60px 0 60px&#8220; item_padding_600_768=&#8220;0 60px 0 60px&#8220; item_padding_480_600=&#8220;0 30px 0 30px&#8220; item_padding_480=&#8220;0 30px 0 30px&#8220; item_padding=&#8220;0 85px 0 150px&#8220; custom_class=&#8220;border-right&#8220;][vc_column_text css=&#8220;.vc_custom_1657786750347{padding-top: 30px !important;padding-bottom: 30px !important;}&#8220;]<\/p>\n<h2>EIN SCHLOSS VON NATIONALER BEDEUTUNG<\/h2>\n<p>&nbsp; Die Schloss Grandson ist eines der symboltr\u00e4chtigen Bauwerke des Kantons Waadt und insbesondere des n\u00f6rdlichen Waadtlands. Als Sitz einer der m\u00e4chtigsten Waadtl\u00e4nder Familien vom 11. bis 14. Jahrhundert und Schauplatz einer historischen Schlacht ist die Festung Grandson auch das sichtbare Symbol f\u00fcr einen Teil der Geschichte der Schweiz und Europas.[\/vc_column_text][\/qode_elements_holder_item][qode_elements_holder_item vertical_alignment=&#8220;middle&#8220; horizontal_alignment=&#8220;center&#8220; advanced_animations=&#8220;no&#8220; custom_class=&#8220;img-right&#8220; item_padding=&#8220;30px&#8220;][vc_single_image image=&#8220;29776&#8243; img_size=&#8220;large&#8220; add_caption=&#8220;yes&#8220; alignment=&#8220;center&#8220; qode_css_animation=&#8220;&#8220;][\/qode_elements_holder_item][\/qode_elements_holder][\/vc_column_inner][\/vc_row_inner][vc_row_inner row_type=&#8220;row&#8220; type=&#8220;full_width&#8220; text_align=&#8220;center&#8220; css_animation=&#8220;&#8220;][vc_column_inner]<span data-type=\"normal\" data-hover-icon-color=\"#303030\" class=\"qode_icon_shortcode  q_font_awsome_icon fa-lg  \" style=\" \"><i class=\"qode_icon_font_awesome fa fa-circle qode_icon_element\" style=\"color: #303030;\" ><\/i><\/span>[qode_elements_holder number_of_columns=&#8220;two_columns&#8220; switch_to_one_column=&#8220;768&#8243; alignment_one_column=&#8220;left&#8220;][qode_elements_holder_item vertical_alignment=&#8220;middle&#8220; horizontal_alignment=&#8220;center&#8220; advanced_animations=&#8220;no&#8220; custom_class=&#8220;imp-left&#8220; item_padding=&#8220;30px&#8220;][vc_single_image image=&#8220;32789&#8243; img_size=&#8220;large&#8220; alignment=&#8220;center&#8220; qode_css_animation=&#8220;&#8220;][\/qode_elements_holder_item][qode_elements_holder_item vertical_alignment=&#8220;middle&#8220; horizontal_alignment=&#8220;left&#8220; advanced_animations=&#8220;yes&#8220; start_position=&#8220;center&#8220; end_position=&#8220;center&#8220; item_padding_1280_1440=&#8220;0 150px 0 150px&#8220; item_padding_1024_1280=&#8220;0 120px 0 120px&#8220; item_padding_768_1024=&#8220;0 60px 0 60px&#8220; item_padding_600_768=&#8220;0 60px 0 60px&#8220; item_padding_480_600=&#8220;0 30px 0 30px&#8220; item_padding_480=&#8220;0 30px 0 30px&#8220; item_padding=&#8220;0 150px 0 85px&#8220; custom_class=&#8220;border-left&#8220;][vc_column_text css=&#8220;.vc_custom_1680762898108{padding-top: 30px !important;padding-bottom: 30px !important;}&#8220;]<\/p>\n<h2>UMFANGREICHE RENOVIERUNG DES KULTURERBES<\/h2>\n<p>&nbsp; Im Jahr 2008 wurde eine Gesundheitspr\u00fcfung der Festung durchgef\u00fchrt, die seit mindestens 100 Jahren keine umfassende Renovierung mehr erfahren hatte. Die Stiftung f\u00fcr Kunst, Kultur und Geschichte und die Stiftung des Schlosses Grandson, die sich f\u00fcr diese 100-j\u00e4hrige Renovierung einsetzten, unternahmen dringende Arbeiten, wobei jeder Teil der Burg untersucht und renoviert wurde.[\/vc_column_text][\/qode_elements_holder_item][\/qode_elements_holder][\/vc_column_inner][\/vc_row_inner][vc_row_inner row_type=&#8220;row&#8220; type=&#8220;full_width&#8220; text_align=&#8220;center&#8220; css_animation=&#8220;&#8220; css=&#8220;.vc_custom_1595506290503{margin-top: -9px !important;}&#8220;][vc_column_inner]<span data-type=\"normal\" data-hover-icon-color=\"#303030\" class=\"qode_icon_shortcode  q_font_awsome_icon fa-lg  \" style=\" \"><i class=\"qode_icon_font_awesome fa fa-circle qode_icon_element\" style=\"color: #303030;\" ><\/i><\/span>[qode_elements_holder number_of_columns=&#8220;two_columns&#8220; switch_to_one_column=&#8220;768&#8243; alignment_one_column=&#8220;left&#8220;][qode_elements_holder_item vertical_alignment=&#8220;middle&#8220; horizontal_alignment=&#8220;right&#8220; advanced_animations=&#8220;yes&#8220; start_position=&#8220;center&#8220; end_position=&#8220;center&#8220; item_padding_1280_1440=&#8220;0 150px 0 150px&#8220; item_padding_1024_1280=&#8220;0 120px 0 120px&#8220; item_padding_768_1024=&#8220;0 60px 0 60px&#8220; item_padding_600_768=&#8220;0 60px 0 60px&#8220; item_padding_480_600=&#8220;0 30px 0 30px&#8220; item_padding_480=&#8220;0 30px 0 30px&#8220; item_padding=&#8220;0 85px 0 150px&#8220; custom_class=&#8220;border-right&#8220;][vc_column_text css=&#8220;.vc_custom_1658213621455{padding-top: 30px !important;padding-bottom: 30px !important;}&#8220;]<\/p>\n<h2>EIN NEUES MUSEUM IM JAHR 2026<\/h2>\n<p>&nbsp; Die ersten Arbeiten zur Stabilisierung und Renovierung der baulichen H\u00fclle des Geb\u00e4udes werden 2020 abgeschlossen. Im darauffolgenden Jahr wurde das Projekt \u201cCh\u00e2teau de Grandson 2026\u201d lanciert, ein \u00fcber 40 Millionen Franken teures Gro\u00dfprojekt, das von der Stiftung f\u00fcr Kunst Kultur und Geschichte und der Fondation du Ch\u00e2teau de Grandson gemeinsam durchgef\u00fchrt wird und darauf abzielt, das Monument in der Museums-, Kultur- und Tourismuslandschaft der Schweiz neu zu positionieren. &nbsp; Diese zweite Bauphase wird die Innenr\u00e4ume des Monuments betreffen, um neue Empfangsbereiche und ein v\u00f6llig \u00fcberarbeitetes Museumsangebot zu schaffen. Das Schloss Grandson wird Ausstellungen \u00fcber die Schlacht von Grandson und die Burgunderkriege, die Geschichte der Festung und ihrer Besitzer sowie ein Armbrust-Zentrum beherbergen. Eine Aufwertung der 1,5 ha gro\u00dfen Parkanlage, die im Einklang mit der Umwelt und der Biosph\u00e4re durchgef\u00fchrt wird, erm\u00f6glicht es den Besuchern, zum See zu gelangen und die Gr\u00fcnfl\u00e4chen zu genie\u00dfen. &nbsp; Das Schloss bleibt w\u00e4hrend der Bauarbeiten f\u00fcr die \u00d6ffentlichkeit zug\u00e4nglich, indem F\u00fchrungen und Workshops angeboten werden, die das Ausma\u00df der Renovierungsarbeiten veranschaulichen.[\/vc_column_text][\/qode_elements_holder_item][qode_elements_holder_item vertical_alignment=&#8220;middle&#8220; horizontal_alignment=&#8220;center&#8220; advanced_animations=&#8220;no&#8220; custom_class=&#8220;img-right&#8220; item_padding=&#8220;30px&#8220;][vc_single_image image=&#8220;32792&#8243; img_size=&#8220;large&#8220; alignment=&#8220;center&#8220; qode_css_animation=&#8220;&#8220;][\/qode_elements_holder_item][\/qode_elements_holder][\/vc_column_inner][\/vc_row_inner][vc_row_inner row_type=&#8220;row&#8220; type=&#8220;full_width&#8220; text_align=&#8220;center&#8220; css_animation=&#8220;&#8220;][vc_column_inner]<span data-type=\"normal\" data-hover-icon-color=\"#303030\" class=\"qode_icon_shortcode  q_font_awsome_icon fa-lg  \" style=\" \"><i class=\"qode_icon_font_awesome fa fa-circle qode_icon_element\" style=\"color: #303030;\" ><\/i><\/span>[qode_elements_holder number_of_columns=&#8220;two_columns&#8220; switch_to_one_column=&#8220;768&#8243; alignment_one_column=&#8220;left&#8220;][qode_elements_holder_item vertical_alignment=&#8220;middle&#8220; horizontal_alignment=&#8220;center&#8220; advanced_animations=&#8220;no&#8220; custom_class=&#8220;imp-left&#8220; item_padding=&#8220;30px&#8220;][vc_single_image img_size=&#8220;large&#8220; alignment=&#8220;center&#8220; css=&#8220;&#8220; qode_css_animation=&#8220;&#8220;][\/qode_elements_holder_item][qode_elements_holder_item vertical_alignment=&#8220;middle&#8220; horizontal_alignment=&#8220;left&#8220; advanced_animations=&#8220;yes&#8220; start_position=&#8220;center&#8220; end_position=&#8220;center&#8220; item_padding_1280_1440=&#8220;0 150px 0 150px&#8220; item_padding_1024_1280=&#8220;0 120px 0 120px&#8220; item_padding_768_1024=&#8220;0 60px 0 60px&#8220; item_padding_600_768=&#8220;0 60px 0 60px&#8220; item_padding_480_600=&#8220;0 30px 0 30px&#8220; item_padding_480=&#8220;0 30px 0 30px&#8220; item_padding=&#8220;0 150px 0 85px&#8220; custom_class=&#8220;border-left&#8220;][vc_column_text css=&#8220;.vc_custom_1721893345591{padding-top: 30px !important;padding-bottom: 30px !important;}&#8220;]<\/p>\n<h2>Titre<\/h2>\n<p>&nbsp; Paragraphe[\/vc_column_text]<a  itemprop=\"url\" href=\"https:\/\/chateau-grandson.ch\/fr\/participation\/\" target=\"_self\"  class=\"qbutton  default\" style=\"\">En savoir plus<\/a>[\/qode_elements_holder_item][\/qode_elements_holder][\/vc_column_inner][\/vc_row_inner]<div class=\"qode_vertical_separator\" style=\"height: 80px;width: 1px;background-color: #232323;margin: 0 0 60px 0\">\n<\/div>[\/vc_column][\/vc_row]<\/p>\n<\/div>","protected":false},"excerpt":{"rendered":"<p>[vc_row css_animation=&#8220;&#8220; row_type=&#8220;row&#8220; use_row_as_full_screen_section=&#8220;no&#8220; type=&#8220;full_width&#8220; angled_section=&#8220;no&#8220; text_align=&#8220;center&#8220; background_image_as_pattern=&#8220;without_pattern&#8220; z_index=&#8220;&#8220;][vc_column][vc_row_inner row_type=&#8220;row&#8220; type=&#8220;grid&#8220; text_align=&#8220;center&#8220; css_animation=&#8220;&#8220; css=&#8220;.vc_custom_1595430003367{padding-top: 60px !important;}&#8220; el_class=&#8220;titre-page&#8220;][vc_column_inner][vc_column_text css=&#8220;.vc_custom_1647274695240{border-top-width: 1px !important;border-right-width: 1px !important;border-bottom-width: 1px !important;border-left-width: 1px !important;padding-top: 18px !important;padding-right: 35px !important;padding-bottom: 18px !important;padding-left: 35px !important;border-left-color: #303030 !important;border-left-style: solid !important;border-right-color: #303030 !important;border-right-style: solid !important;border-top-color: #303030 !important;border-top-style: solid&#8230;<\/p>\n","protected":false},"author":1,"featured_media":0,"parent":0,"menu_order":39,"comment_status":"closed","ping_status":"closed","template":"full_width.php","meta":{"footnotes":""},"class_list":["post-32088","page","type-page","status-publish","hentry"],"yoast_head":"<!-- This site is optimized with the Yoast SEO plugin v23.8 - https:\/\/yoast.com\/wordpress\/plugins\/seo\/ -->\n<title>PROJEKT 2026 | Ch\u00e2teau de Grandson<\/title>\n<meta name=\"robots\" content=\"index, follow, max-snippet:-1, max-image-preview:large, max-video-preview:-1\" \/>\n<link rel=\"canonical\" href=\"https:\/\/old.chateau-grandson.ch\/de\/projekt2026\/\" \/>\n<meta property=\"og:locale\" content=\"de_DE\" \/>\n<meta property=\"og:type\" content=\"article\" \/>\n<meta property=\"og:title\" content=\"PROJEKT 2026 | Ch\u00e2teau de Grandson\" \/>\n<meta property=\"og:description\" content=\"[vc_row css_animation=&#8220;&#8220; row_type=&#8220;row&#8220; use_row_as_full_screen_section=&#8220;no&#8220; type=&#8220;full_width&#8220; angled_section=&#8220;no&#8220; text_align=&#8220;center&#8220; background_image_as_pattern=&#8220;without_pattern&#8220; z_index=&#8220;&#8220;][vc_column][vc_row_inner row_type=&#8220;row&#8220; type=&#8220;grid&#8220; text_align=&#8220;center&#8220; css_animation=&#8220;&#8220; css=&#8220;.vc_custom_1595430003367{padding-top: 60px !important;}&#8220; el_class=&#8220;titre-page&#8220;][vc_column_inner][vc_column_text css=&#8220;.vc_custom_1647274695240{border-top-width: 1px !important;border-right-width: 1px !important;border-bottom-width: 1px !important;border-left-width: 1px !important;padding-top: 18px !important;padding-right: 35px !important;padding-bottom: 18px !important;padding-left: 35px !important;border-left-color: #303030 !important;border-left-style: solid !important;border-right-color: #303030 !important;border-right-style: solid !important;border-top-color: #303030 !important;border-top-style: solid...\" \/>\n<meta property=\"og:url\" content=\"https:\/\/old.chateau-grandson.ch\/de\/projekt2026\/\" \/>\n<meta property=\"og:site_name\" content=\"Ch\u00e2teau de Grandson\" \/>\n<meta property=\"article:publisher\" content=\"https:\/\/www.facebook.com\/ChateauDeGrandson\" \/>\n<meta property=\"article:modified_time\" content=\"2024-07-25T07:48:33+00:00\" \/>\n<meta name=\"twitter:card\" content=\"summary_large_image\" \/>\n<meta name=\"twitter:label1\" content=\"Gesch\u00e4tzte Lesezeit\" \/>\n\t<meta name=\"twitter:data1\" content=\"6\u00a0Minuten\" \/>\n<script type=\"application\/ld+json\" class=\"yoast-schema-graph\">{\"@context\":\"https:\/\/schema.org\",\"@graph\":[{\"@type\":\"WebPage\",\"@id\":\"https:\/\/old.chateau-grandson.ch\/de\/projekt2026\/\",\"url\":\"https:\/\/old.chateau-grandson.ch\/de\/projekt2026\/\",\"name\":\"PROJEKT 2026 | Ch\u00e2teau de Grandson\",\"isPartOf\":{\"@id\":\"https:\/\/old.chateau-grandson.ch\/de\/#website\"},\"datePublished\":\"2022-03-14T16:18:48+00:00\",\"dateModified\":\"2024-07-25T07:48:33+00:00\",\"breadcrumb\":{\"@id\":\"https:\/\/old.chateau-grandson.ch\/de\/projekt2026\/#breadcrumb\"},\"inLanguage\":\"de\",\"potentialAction\":[{\"@type\":\"ReadAction\",\"target\":[\"https:\/\/old.chateau-grandson.ch\/de\/projekt2026\/\"]}]},{\"@type\":\"BreadcrumbList\",\"@id\":\"https:\/\/old.chateau-grandson.ch\/de\/projekt2026\/#breadcrumb\",\"itemListElement\":[{\"@type\":\"ListItem\",\"position\":1,\"name\":\"Accueil\",\"item\":\"https:\/\/old.chateau-grandson.ch\/de\/\"},{\"@type\":\"ListItem\",\"position\":2,\"name\":\"PROJEKT 2026\"}]},{\"@type\":\"WebSite\",\"@id\":\"https:\/\/old.chateau-grandson.ch\/de\/#website\",\"url\":\"https:\/\/old.chateau-grandson.ch\/de\/\",\"name\":\"Ch\u00e2teau de Grandson\",\"description\":\"\",\"publisher\":{\"@id\":\"https:\/\/old.chateau-grandson.ch\/de\/#organization\"},\"potentialAction\":[{\"@type\":\"SearchAction\",\"target\":{\"@type\":\"EntryPoint\",\"urlTemplate\":\"https:\/\/old.chateau-grandson.ch\/de\/?s={search_term_string}\"},\"query-input\":{\"@type\":\"PropertyValueSpecification\",\"valueRequired\":true,\"valueName\":\"search_term_string\"}}],\"inLanguage\":\"de\"},{\"@type\":\"Organization\",\"@id\":\"https:\/\/old.chateau-grandson.ch\/de\/#organization\",\"name\":\"Ch\u00e2teau de Grandson\",\"url\":\"https:\/\/old.chateau-grandson.ch\/de\/\",\"logo\":{\"@type\":\"ImageObject\",\"inLanguage\":\"de\",\"@id\":\"https:\/\/old.chateau-grandson.ch\/de\/#\/schema\/logo\/image\/\",\"url\":\"https:\/\/chateau-grandson.ch\/wp-content\/uploads\/2020\/07\/logo-chateau-grandson.svg\",\"contentUrl\":\"https:\/\/chateau-grandson.ch\/wp-content\/uploads\/2020\/07\/logo-chateau-grandson.svg\",\"width\":440,\"height\":271,\"caption\":\"Ch\u00e2teau de Grandson\"},\"image\":{\"@id\":\"https:\/\/old.chateau-grandson.ch\/de\/#\/schema\/logo\/image\/\"},\"sameAs\":[\"https:\/\/www.facebook.com\/ChateauDeGrandson\",\"https:\/\/www.instagram.com\/chateau_de_grandson\/\"]}]}<\/script>\n<!-- \/ Yoast SEO plugin. -->","yoast_head_json":{"title":"PROJEKT 2026 | Ch\u00e2teau de Grandson","robots":{"index":"index","follow":"follow","max-snippet":"max-snippet:-1","max-image-preview":"max-image-preview:large","max-video-preview":"max-video-preview:-1"},"canonical":"https:\/\/old.chateau-grandson.ch\/de\/projekt2026\/","og_locale":"de_DE","og_type":"article","og_title":"PROJEKT 2026 | Ch\u00e2teau de Grandson","og_description":"[vc_row css_animation=&#8220;&#8220; row_type=&#8220;row&#8220; use_row_as_full_screen_section=&#8220;no&#8220; type=&#8220;full_width&#8220; angled_section=&#8220;no&#8220; text_align=&#8220;center&#8220; background_image_as_pattern=&#8220;without_pattern&#8220; z_index=&#8220;&#8220;][vc_column][vc_row_inner row_type=&#8220;row&#8220; type=&#8220;grid&#8220; text_align=&#8220;center&#8220; css_animation=&#8220;&#8220; css=&#8220;.vc_custom_1595430003367{padding-top: 60px !important;}&#8220; el_class=&#8220;titre-page&#8220;][vc_column_inner][vc_column_text css=&#8220;.vc_custom_1647274695240{border-top-width: 1px !important;border-right-width: 1px !important;border-bottom-width: 1px !important;border-left-width: 1px !important;padding-top: 18px !important;padding-right: 35px !important;padding-bottom: 18px !important;padding-left: 35px !important;border-left-color: #303030 !important;border-left-style: solid !important;border-right-color: #303030 !important;border-right-style: solid !important;border-top-color: #303030 !important;border-top-style: solid...","og_url":"https:\/\/old.chateau-grandson.ch\/de\/projekt2026\/","og_site_name":"Ch\u00e2teau de Grandson","article_publisher":"https:\/\/www.facebook.com\/ChateauDeGrandson","article_modified_time":"2024-07-25T07:48:33+00:00","twitter_card":"summary_large_image","twitter_misc":{"Gesch\u00e4tzte Lesezeit":"6\u00a0Minuten"},"schema":{"@context":"https:\/\/schema.org","@graph":[{"@type":"WebPage","@id":"https:\/\/old.chateau-grandson.ch\/de\/projekt2026\/","url":"https:\/\/old.chateau-grandson.ch\/de\/projekt2026\/","name":"PROJEKT 2026 | Ch\u00e2teau de Grandson","isPartOf":{"@id":"https:\/\/old.chateau-grandson.ch\/de\/#website"},"datePublished":"2022-03-14T16:18:48+00:00","dateModified":"2024-07-25T07:48:33+00:00","breadcrumb":{"@id":"https:\/\/old.chateau-grandson.ch\/de\/projekt2026\/#breadcrumb"},"inLanguage":"de","potentialAction":[{"@type":"ReadAction","target":["https:\/\/old.chateau-grandson.ch\/de\/projekt2026\/"]}]},{"@type":"BreadcrumbList","@id":"https:\/\/old.chateau-grandson.ch\/de\/projekt2026\/#breadcrumb","itemListElement":[{"@type":"ListItem","position":1,"name":"Accueil","item":"https:\/\/old.chateau-grandson.ch\/de\/"},{"@type":"ListItem","position":2,"name":"PROJEKT 2026"}]},{"@type":"WebSite","@id":"https:\/\/old.chateau-grandson.ch\/de\/#website","url":"https:\/\/old.chateau-grandson.ch\/de\/","name":"Ch\u00e2teau de Grandson","description":"","publisher":{"@id":"https:\/\/old.chateau-grandson.ch\/de\/#organization"},"potentialAction":[{"@type":"SearchAction","target":{"@type":"EntryPoint","urlTemplate":"https:\/\/old.chateau-grandson.ch\/de\/?s={search_term_string}"},"query-input":{"@type":"PropertyValueSpecification","valueRequired":true,"valueName":"search_term_string"}}],"inLanguage":"de"},{"@type":"Organization","@id":"https:\/\/old.chateau-grandson.ch\/de\/#organization","name":"Ch\u00e2teau de Grandson","url":"https:\/\/old.chateau-grandson.ch\/de\/","logo":{"@type":"ImageObject","inLanguage":"de","@id":"https:\/\/old.chateau-grandson.ch\/de\/#\/schema\/logo\/image\/","url":"https:\/\/chateau-grandson.ch\/wp-content\/uploads\/2020\/07\/logo-chateau-grandson.svg","contentUrl":"https:\/\/chateau-grandson.ch\/wp-content\/uploads\/2020\/07\/logo-chateau-grandson.svg","width":440,"height":271,"caption":"Ch\u00e2teau de Grandson"},"image":{"@id":"https:\/\/old.chateau-grandson.ch\/de\/#\/schema\/logo\/image\/"},"sameAs":["https:\/\/www.facebook.com\/ChateauDeGrandson","https:\/\/www.instagram.com\/chateau_de_grandson\/"]}]}},"_links":{"self":[{"href":"https:\/\/old.chateau-grandson.ch\/de\/wp-json\/wp\/v2\/pages\/32088"}],"collection":[{"href":"https:\/\/old.chateau-grandson.ch\/de\/wp-json\/wp\/v2\/pages"}],"about":[{"href":"https:\/\/old.chateau-grandson.ch\/de\/wp-json\/wp\/v2\/types\/page"}],"author":[{"embeddable":true,"href":"https:\/\/old.chateau-grandson.ch\/de\/wp-json\/wp\/v2\/users\/1"}],"replies":[{"embeddable":true,"href":"https:\/\/old.chateau-grandson.ch\/de\/wp-json\/wp\/v2\/comments?post=32088"}],"version-history":[{"count":14,"href":"https:\/\/old.chateau-grandson.ch\/de\/wp-json\/wp\/v2\/pages\/32088\/revisions"}],"predecessor-version":[{"id":35548,"href":"https:\/\/old.chateau-grandson.ch\/de\/wp-json\/wp\/v2\/pages\/32088\/revisions\/35548"}],"wp:attachment":[{"href":"https:\/\/old.chateau-grandson.ch\/de\/wp-json\/wp\/v2\/media?parent=32088"}],"curies":[{"name":"wp","href":"https:\/\/api.w.org\/{rel}","templated":true}]}}