{"id":32129,"date":"2022-10-06T15:18:12","date_gmt":"2022-10-06T13:18:12","guid":{"rendered":"https:\/\/chateau-grandson.ch\/?page_id=32129"},"modified":"2025-04-01T17:51:39","modified_gmt":"2025-04-01T15:51:39","slug":"besuch","status":"publish","type":"page","link":"https:\/\/old.chateau-grandson.ch\/de\/besuch\/","title":{"rendered":"Die Baustelle besichtigen"},"content":{"rendered":"<div class=\"wpb-content-wrapper\"><p>[vc_row css_animation=&#8220;&#8220; row_type=&#8220;row&#8220; use_row_as_full_screen_section=&#8220;no&#8220; type=&#8220;full_width&#8220; angled_section=&#8220;no&#8220; text_align=&#8220;center&#8220; background_image_as_pattern=&#8220;without_pattern&#8220; z_index=&#8220;&#8220; css=&#8220;.vc_custom_1647342887737{padding-right: 30px !important;padding-bottom: 60px !important;padding-left: 30px !important;}&#8220;][vc_column][vc_row_inner row_type=&#8220;row&#8220; type=&#8220;grid&#8220; text_align=&#8220;center&#8220; css_animation=&#8220;&#8220; css=&#8220;.vc_custom_1665130055515{padding-top: 60px !important;}&#8220; el_class=&#8220;titre-page&#8220;][vc_column_inner][vc_column_text css=&#8220;.vc_custom_1717155334965{border-top-width: 1px !important;border-right-width: 1px !important;border-bottom-width: 1px !important;border-left-width: 1px !important;padding-top: 18px !important;padding-right: 35px !important;padding-bottom: 18px !important;padding-left: 35px !important;border-left-style: solid !important;border-right-style: solid !important;border-top-style: solid !important;border-bottom-style: solid !important;border-color: #303030 !important;}&#8220;]<\/p>\n<h1>Die Baustelle besichtigen<\/h1>\n<p>[\/vc_column_text][\/vc_column_inner][\/vc_row_inner]<div class=\"qode_vertical_separator\" style=\"height: 80px;width: 1px;background-color: #232323;margin: 60px 0 40px 0\">\n<\/div>[vc_column_text css=&#8220;.vc_custom_1716970184821{padding-bottom: 30px !important;}&#8220;]<\/p>\n<h2>Wichtige Informationen<\/h2>\n<p>[\/vc_column_text][vc_row_inner row_type=&#8220;row&#8220; type=&#8220;grid&#8220; text_align=&#8220;left&#8220; css_animation=&#8220;&#8220;][vc_column_inner width=&#8220;1\/2&#8243;][vc_column_text css=&#8220;.vc_custom_1730450791902{padding-bottom: 30px !important;}&#8220;]<\/p>\n<h3><span style=\"color: #000000;\">EIN BLICK HINTER DIE KULISSEN DER BAUARBEITEN IN GRANDSON<\/span><\/h3>\n<p>&nbsp;<\/p>\n<p style=\"text-align: left;\"><span style=\"font-size: 14pt; color: #000000;\">Die <strong>45-min\u00fctige<\/strong> Baustellenf\u00fchrung ist eine einmalige Gelegenheit, <strong>mehr \u00fcber die Arbeiten im Schloss Grandson zu erfahren<\/strong>. Besuchen Sie das Baudenkmal und seine historischen S\u00e4le mit einer F\u00fchrerin oder einem F\u00fchrer und erfahren Sie, was alles hinter diesen denkmalpflegerischen Restaurierungsarbeiten steckt.<\/span><\/p>\n<p>&nbsp;<\/p>\n<h4><span style=\"font-size: 14pt; color: #000000;\">Praktische Informationen:<\/span><\/h4>\n<ul>\n<li><span style=\"font-size: 14pt; color: #000000;\">Gruppen auf 12 Personen beschr\u00e4nkt<\/span><\/li>\n<li><span style=\"font-size: 14pt; color: #000000;\">Zug\u00e4nglich ab 6 Jahren<\/span><\/li>\n<li><span style=\"font-size: 14pt; color: #000000;\">Sicherheitsausr\u00fcstung wird zur Verf\u00fcgung gestellt<\/span><\/li>\n<li><span style=\"font-size: 14pt; color: #000000;\">Online-Reservierung empfohlen<\/span><\/li>\n<\/ul>\n<p>&nbsp;<\/p>\n<p style=\"text-align: left;\"><span style=\"font-size: 14pt; color: #000000;\"><strong>Workshops und andere Aktivit\u00e4ten<\/strong> lassen Sie regelm\u00e4ssig hinter die Kulissen der grossen Restaurierungsbaustelle blicken und stellen die verschiedenen daran beteiligten Berufe vor. <\/span><\/p>\n<p>[\/vc_column_text]<a  itemprop=\"url\" href=\"https:\/\/my.weezevent.com\/visite-guidee-du-chantier-hiver-2024-2025\" target=\"_self\"  class=\"qbutton  center default\" style=\"\">Ticket kaufen<\/a>[\/vc_column_inner][vc_column_inner width=&#8220;1\/2&#8243;][vc_column_text css=&#8220;.vc_custom_1730451020599{padding-bottom: 30px !important;}&#8220;]<\/p>\n<h4><span style=\"color: #000000; font-size: 14pt;\">Hinweise :<\/span><\/h4>\n<ul>\n<li class=\"whitespace-normal break-words\"><span style=\"font-size: 14pt; color: #000000;\">Schloss nur mit F\u00fchrung zug\u00e4nglich<\/span><\/li>\n<li class=\"whitespace-normal break-words\"><span style=\"font-size: 14pt; color: #000000;\">Das Schloss ist f\u00fcr Kinder ab 6 Jahren zug\u00e4nglich<\/span><\/li>\n<li class=\"whitespace-normal break-words\"><span style=\"font-size: 14pt; color: #000000;\">Waffen- und R\u00fcstungssammlungen vor\u00fcbergehend nicht zu besichtigen<\/span><\/li>\n<\/ul>\n<p>&nbsp;<\/p>\n<p><span style=\"font-size: 14pt; color: #000000;\"><em>Wir empfehlen Ihnen, online f\u00fcr die F\u00fchrung Ihrer Wahl zu reservieren, da die Platzzahl auf 12 Personen pro F\u00fchrung beschr\u00e4nkt ist. Das Angebot steht allen Personen ab 6 Jahren offen. Bitte tragen Sie geschlossene Schuhe. Helme und Baustellenwesten werden vor Ort zur Verf\u00fcgung gestellt. <span style=\"color: #ff0000;\">Diese Aktivit\u00e4t ist nicht geeignet f\u00fcr Personen mit eingeschr\u00e4nkter Mobilit\u00e4t und Kinder unter 6 Jahren (auch in Begleitung!)<\/span>. Wir behalten uns das Recht vor, Personen abzulehnen, die die oben genannten Bedingungen nicht erf\u00fcllen.\u00a0<\/em><\/span>[\/vc_column_text][\/vc_column_inner][\/vc_row_inner][vc_row_inner row_type=&#8220;row&#8220; type=&#8220;grid&#8220; text_align=&#8220;left&#8220; css_animation=&#8220;&#8220; css=&#8220;.vc_custom_1712736610687{padding-top: 60px !important;padding-bottom: 60px !important;}&#8220; anchor=&#8220;tarifs&#8220;][vc_column_inner width=&#8220;1\/2&#8243;][qode_elements_holder number_of_columns=&#8220;one_column&#8220;][qode_elements_holder_item advanced_animations=&#8220;no&#8220; background_color=&#8220;rgba(255,255,255,0.9)&#8220; item_padding=&#8220;30px&#8220;][vc_column_text css=&#8220;&#8220;]<\/p>\n<h3><span style=\"color: #000000;\">\u00d6ffnungszeiten im Sommer<\/span><\/h3>\n<p>&nbsp;<\/p>\n<p><span style=\"font-size: 14pt; color: #000000;\">Montag &#8211; Freitag (<span style=\"color: #ff0000;\"><strong>Dientag geschlossen<\/strong><\/span>):<\/span><\/p>\n<h2><span style=\"color: #000000;\"><strong>12:00 &#8211; 18:00<\/strong><\/span><\/h2>\n<p><span style=\"font-size: 14pt; color: #000000;\">Samstag &#8211; Sonntag:<\/span><\/p>\n<h2><span style=\"color: #000000;\"><strong>13:00 &#8211; 18:00<\/strong><\/span><\/h2>\n<p>&nbsp;<\/p>\n<h3><span style=\"color: #000000;\">Start der F\u00fchrungen<\/span><\/h3>\n<p><span style=\"font-size: 14pt; color: #000000;\">Montag &#8211; Freitag (<span style=\"color: #ff0000;\"><strong>Dientag geschlossen<\/strong><\/span>):<\/span><\/p>\n<h2><span style=\"color: #000000;\"><strong>12:15 | 14:30 | 15:45 | 17:00<\/strong><\/span><\/h2>\n<p><span style=\"font-size: 14pt; color: #000000;\">Samstag und Sonntag:<\/span><\/p>\n<h2><span style=\"color: #000000;\"><strong>13:15 | 14:30 | 15:45 | 17:00<\/strong><\/span><\/h2>\n<p>[\/vc_column_text][\/qode_elements_holder_item][\/qode_elements_holder][\/vc_column_inner][vc_column_inner width=&#8220;1\/2&#8243;][qode_elements_holder number_of_columns=&#8220;one_column&#8220;][qode_elements_holder_item advanced_animations=&#8220;no&#8220; background_color=&#8220;rgba(255,255,255,0.9)&#8220; item_padding=&#8220;30px&#8220;][vc_column_text css=&#8220;&#8220;]<\/p>\n<h3 style=\"text-align: left;\">Preise<\/h3>\n<p>[\/vc_column_text][qode_pricing_list][qode_pricing_list_item price=&#8220;CHF 10.00&#8243; price_font_size=&#8220;15&#8243; title=&#8220;Erwachsene&#8220; title_font_size=&#8220;20&#8243; text_font_size=&#8220;13&#8243; title_color=&#8220;#000000&#8243;][qode_pricing_list_item text=&#8220;6 &#8211; 18 Jahre&#8220; price=&#8220;CHF 5.00&#8243; price_font_size=&#8220;15&#8243; title=&#8220;Kinder und Jungendliche&#8220; title_font_size=&#8220;20&#8243; text_font_size=&#8220;13&#8243; title_color=&#8220;#000000&#8243;][qode_pricing_list_item text=&#8220;2 Erwachsene und bis zu 3 Kinder ab 6 Jahren&#8220; price=&#8220;CHF 20.00&#8243; price_font_size=&#8220;15&#8243; title=&#8220;Familie&#8220; title_font_size=&#8220;20&#8243; text_font_size=&#8220;13&#8243; title_color=&#8220;#000000&#8243;][qode_pricing_list_item text=&#8220;AHV, IV, Arbeitslose, Studierende, Lernende, Schweizer Milit\u00e4r&#8220; price=&#8220;CHF 8.00&#8243; price_font_size=&#8220;15&#8243; title=&#8220;VERG\u00dcNSTIGTER EINTRITTSPREIS&#8220; title_font_size=&#8220;20&#8243; text_font_size=&#8220;13&#8243; title_color=&#8220;#000000&#8243;][qode_pricing_list_item text=&#8220;IV- und Schulbegleiter, Einwohner von Grandson, Schweizer Museumspass, Mitglieder VMS, ICOM und AACG, Raiffeisenkarte**&#8220; price_font_size=&#8220;15&#8243; title=&#8220;KOSTENLOS&#8220; title_font_size=&#8220;20&#8243; text_font_size=&#8220;13&#8243; price=&#8220;Kostenlos&#8220; title_color=&#8220;#000000&#8243;][\/qode_pricing_list][vc_column_text css=&#8220;&#8220;]<span style=\"font-size: 10pt;\">Preise ausschliesslich f\u00fcr die \u00f6ffentlichen F\u00fchrungen. F\u00fcr weitere Aktivit\u00e4ten auf Anmeldung kontaktieren Sie uns bitte.<\/span><\/p>\n<p><span style=\"font-size: 10pt;\">** Jede Person mit Ausweis S, Ausweis N, Ausweis B (anerkannter Fl\u00fcchtling), Ausweis F (anerkannter Fl\u00fcchtling) oder mit Ausreisebescheinigung.\u00a0<\/span>[\/vc_column_text][\/qode_elements_holder_item][\/qode_elements_holder][\/vc_column_inner][\/vc_row_inner]<a  itemprop=\"url\" href=\"https:\/\/my.weezevent.com\/visite-guidee-du-chantier-hiver-2024-2025\" target=\"_self\"  class=\"qbutton  center default\" style=\"\">Ticket kaufen<\/a>[\/vc_column][\/vc_row][vc_row css_animation=&#8220;&#8220; row_type=&#8220;row&#8220; use_row_as_full_screen_section=&#8220;no&#8220; type=&#8220;grid&#8220; angled_section=&#8220;no&#8220; text_align=&#8220;center&#8220; background_image_as_pattern=&#8220;without_pattern&#8220; z_index=&#8220;&#8220; css=&#8220;.vc_custom_1665129984293{padding-top: 60px !important;padding-bottom: 60px !important;background-color: #cbd6d3 !important;}&#8220; anchor=&#8220;visite&#8220;][vc_column][vc_column_text css=&#8220;&#8220;]<\/p>\n<h2 style=\"text-align: center;\">BESUCHANGEBOT<\/h2>\n<p>[\/vc_column_text]<div class=\"qode_vertical_separator\" style=\"height: 80px;width: 1px;background-color: #232323;margin: 60px 0 60px 0\">\n<\/div>[vc_row_inner row_type=&#8220;row&#8220; type=&#8220;full_width&#8220; text_align=&#8220;left&#8220; css_animation=&#8220;&#8220; css=&#8220;.vc_custom_1647338646420{padding-bottom: 30px !important;}&#8220;][vc_column_inner width=&#8220;1\/2&#8243; css=&#8220;.vc_custom_1647338693386{padding-bottom: 30px !important;}&#8220;][vc_single_image image=&#8220;35346&#8243; img_size=&#8220;full&#8220; css=&#8220;&#8220; qode_css_animation=&#8220;&#8220;][qode_elements_holder number_of_columns=&#8220;one_column&#8220;][qode_elements_holder_item advanced_animations=&#8220;no&#8220; background_color=&#8220;#f9f9f9&#8243; item_padding=&#8220;15px&#8220;][vc_column_text css=&#8220;.vc_custom_1738941194007{margin-bottom: 20px !important;}&#8220;]<\/p>\n<h5>Schulklasse<\/h5>\n<p>&nbsp;<\/p>\n<p>Das ganze Jahr \u00fcber werden verschiedene Aktivit\u00e4ten speziell f\u00fcr Schulen konzipiert.[\/vc_column_text]<a  itemprop=\"url\" href=\"https:\/\/chateau-grandson.ch\/de\/schulklassen\/\" target=\"_self\"  class=\"qbutton  center default\" style=\"\">Offerte f\u00fcr Schulklasse<\/a>[\/qode_elements_holder_item][\/qode_elements_holder][\/vc_column_inner][vc_column_inner width=&#8220;1\/2&#8243;][vc_single_image image=&#8220;35176&#8243; img_size=&#8220;full&#8220; css=&#8220;&#8220; qode_css_animation=&#8220;&#8220;][qode_elements_holder number_of_columns=&#8220;one_column&#8220;][qode_elements_holder_item advanced_animations=&#8220;no&#8220; background_color=&#8220;#f9f9f9&#8243; item_padding=&#8220;15px&#8220;][vc_column_text css=&#8220;.vc_custom_1716971254751{margin-bottom: 20px !important;}&#8220;]<\/p>\n<h5>Besichtigungen und Aktivit\u00e4ten f\u00fcr Gruppen<\/h5>\n<p>&nbsp;<\/p>\n<p>Besuchen Sie die Baustelle oder nehmen Sie an einer Animation rund um die Bauberufe im Mittelalter teil.[\/vc_column_text]<a  itemprop=\"url\" href=\"https:\/\/chateau-grandson.ch\/de\/?page_id=35281\" target=\"_self\"  class=\"qbutton  center default\" style=\"\">Besuch mit einer Gruppe<\/a>[\/qode_elements_holder_item][\/qode_elements_holder][\/vc_column_inner][\/vc_row_inner]<div class=\"qode_vertical_separator\" style=\"height: 80px;width: 1px;background-color: #232323;margin: 20px 0 60px 0\">\n<\/div>[\/vc_column][\/vc_row]<\/p>\n<\/div>","protected":false},"excerpt":{"rendered":"<p>[vc_row css_animation=&#8220;&#8220; row_type=&#8220;row&#8220; use_row_as_full_screen_section=&#8220;no&#8220; type=&#8220;full_width&#8220; angled_section=&#8220;no&#8220; text_align=&#8220;center&#8220; background_image_as_pattern=&#8220;without_pattern&#8220; z_index=&#8220;&#8220; css=&#8220;.vc_custom_1647342887737{padding-right: 30px !important;padding-bottom: 60px !important;padding-left: 30px !important;}&#8220;][vc_column][vc_row_inner row_type=&#8220;row&#8220; type=&#8220;grid&#8220; text_align=&#8220;center&#8220; css_animation=&#8220;&#8220; css=&#8220;.vc_custom_1665130055515{padding-top: 60px !important;}&#8220; el_class=&#8220;titre-page&#8220;][vc_column_inner][vc_column_text css=&#8220;.vc_custom_1717155334965{border-top-width: 1px !important;border-right-width: 1px !important;border-bottom-width: 1px !important;border-left-width: 1px !important;padding-top: 18px !important;padding-right: 35px !important;padding-bottom: 18px !important;padding-left: 35px !important;border-left-style: solid !important;border-right-style: solid !important;border-top-style:&#8230;<\/p>\n","protected":false},"author":1,"featured_media":0,"parent":0,"menu_order":51,"comment_status":"closed","ping_status":"closed","template":"full_width.php","meta":{"footnotes":""},"class_list":["post-32129","page","type-page","status-publish","hentry"],"yoast_head":"<!-- This site is optimized with the Yoast SEO plugin v23.8 - https:\/\/yoast.com\/wordpress\/plugins\/seo\/ -->\n<title>Die Baustelle besichtigen | Ch\u00e2teau de Grandson<\/title>\n<meta name=\"robots\" content=\"index, follow, max-snippet:-1, max-image-preview:large, max-video-preview:-1\" \/>\n<link rel=\"canonical\" href=\"https:\/\/old.chateau-grandson.ch\/de\/besuch\/\" \/>\n<meta property=\"og:locale\" content=\"de_DE\" \/>\n<meta property=\"og:type\" content=\"article\" \/>\n<meta property=\"og:title\" content=\"Die Baustelle besichtigen | Ch\u00e2teau de Grandson\" \/>\n<meta property=\"og:description\" content=\"[vc_row css_animation=&#8220;&#8220; row_type=&#8220;row&#8220; use_row_as_full_screen_section=&#8220;no&#8220; type=&#8220;full_width&#8220; angled_section=&#8220;no&#8220; text_align=&#8220;center&#8220; background_image_as_pattern=&#8220;without_pattern&#8220; z_index=&#8220;&#8220; css=&#8220;.vc_custom_1647342887737{padding-right: 30px !important;padding-bottom: 60px !important;padding-left: 30px !important;}&#8220;][vc_column][vc_row_inner row_type=&#8220;row&#8220; type=&#8220;grid&#8220; text_align=&#8220;center&#8220; css_animation=&#8220;&#8220; css=&#8220;.vc_custom_1665130055515{padding-top: 60px !important;}&#8220; el_class=&#8220;titre-page&#8220;][vc_column_inner][vc_column_text css=&#8220;.vc_custom_1717155334965{border-top-width: 1px !important;border-right-width: 1px !important;border-bottom-width: 1px !important;border-left-width: 1px !important;padding-top: 18px !important;padding-right: 35px !important;padding-bottom: 18px !important;padding-left: 35px !important;border-left-style: solid !important;border-right-style: solid !important;border-top-style:...\" \/>\n<meta property=\"og:url\" content=\"https:\/\/old.chateau-grandson.ch\/de\/besuch\/\" \/>\n<meta property=\"og:site_name\" content=\"Ch\u00e2teau de Grandson\" \/>\n<meta property=\"article:publisher\" content=\"https:\/\/www.facebook.com\/ChateauDeGrandson\" \/>\n<meta property=\"article:modified_time\" content=\"2025-04-01T15:51:39+00:00\" \/>\n<meta name=\"twitter:card\" content=\"summary_large_image\" \/>\n<meta name=\"twitter:label1\" content=\"Gesch\u00e4tzte Lesezeit\" \/>\n\t<meta name=\"twitter:data1\" content=\"4\u00a0Minuten\" \/>\n<script type=\"application\/ld+json\" class=\"yoast-schema-graph\">{\"@context\":\"https:\/\/schema.org\",\"@graph\":[{\"@type\":\"WebPage\",\"@id\":\"https:\/\/old.chateau-grandson.ch\/de\/besuch\/\",\"url\":\"https:\/\/old.chateau-grandson.ch\/de\/besuch\/\",\"name\":\"Die Baustelle besichtigen | Ch\u00e2teau de Grandson\",\"isPartOf\":{\"@id\":\"https:\/\/old.chateau-grandson.ch\/de\/#website\"},\"datePublished\":\"2022-10-06T13:18:12+00:00\",\"dateModified\":\"2025-04-01T15:51:39+00:00\",\"breadcrumb\":{\"@id\":\"https:\/\/old.chateau-grandson.ch\/de\/besuch\/#breadcrumb\"},\"inLanguage\":\"de\",\"potentialAction\":[{\"@type\":\"ReadAction\",\"target\":[\"https:\/\/old.chateau-grandson.ch\/de\/besuch\/\"]}]},{\"@type\":\"BreadcrumbList\",\"@id\":\"https:\/\/old.chateau-grandson.ch\/de\/besuch\/#breadcrumb\",\"itemListElement\":[{\"@type\":\"ListItem\",\"position\":1,\"name\":\"Accueil\",\"item\":\"https:\/\/old.chateau-grandson.ch\/de\/\"},{\"@type\":\"ListItem\",\"position\":2,\"name\":\"Die Baustelle besichtigen\"}]},{\"@type\":\"WebSite\",\"@id\":\"https:\/\/old.chateau-grandson.ch\/de\/#website\",\"url\":\"https:\/\/old.chateau-grandson.ch\/de\/\",\"name\":\"Ch\u00e2teau de Grandson\",\"description\":\"\",\"publisher\":{\"@id\":\"https:\/\/old.chateau-grandson.ch\/de\/#organization\"},\"potentialAction\":[{\"@type\":\"SearchAction\",\"target\":{\"@type\":\"EntryPoint\",\"urlTemplate\":\"https:\/\/old.chateau-grandson.ch\/de\/?s={search_term_string}\"},\"query-input\":{\"@type\":\"PropertyValueSpecification\",\"valueRequired\":true,\"valueName\":\"search_term_string\"}}],\"inLanguage\":\"de\"},{\"@type\":\"Organization\",\"@id\":\"https:\/\/old.chateau-grandson.ch\/de\/#organization\",\"name\":\"Ch\u00e2teau de Grandson\",\"url\":\"https:\/\/old.chateau-grandson.ch\/de\/\",\"logo\":{\"@type\":\"ImageObject\",\"inLanguage\":\"de\",\"@id\":\"https:\/\/old.chateau-grandson.ch\/de\/#\/schema\/logo\/image\/\",\"url\":\"https:\/\/chateau-grandson.ch\/wp-content\/uploads\/2020\/07\/logo-chateau-grandson.svg\",\"contentUrl\":\"https:\/\/chateau-grandson.ch\/wp-content\/uploads\/2020\/07\/logo-chateau-grandson.svg\",\"width\":440,\"height\":271,\"caption\":\"Ch\u00e2teau de Grandson\"},\"image\":{\"@id\":\"https:\/\/old.chateau-grandson.ch\/de\/#\/schema\/logo\/image\/\"},\"sameAs\":[\"https:\/\/www.facebook.com\/ChateauDeGrandson\",\"https:\/\/www.instagram.com\/chateau_de_grandson\/\"]}]}<\/script>\n<!-- \/ Yoast SEO plugin. -->","yoast_head_json":{"title":"Die Baustelle besichtigen | Ch\u00e2teau de Grandson","robots":{"index":"index","follow":"follow","max-snippet":"max-snippet:-1","max-image-preview":"max-image-preview:large","max-video-preview":"max-video-preview:-1"},"canonical":"https:\/\/old.chateau-grandson.ch\/de\/besuch\/","og_locale":"de_DE","og_type":"article","og_title":"Die Baustelle besichtigen | Ch\u00e2teau de Grandson","og_description":"[vc_row css_animation=&#8220;&#8220; row_type=&#8220;row&#8220; use_row_as_full_screen_section=&#8220;no&#8220; type=&#8220;full_width&#8220; angled_section=&#8220;no&#8220; text_align=&#8220;center&#8220; background_image_as_pattern=&#8220;without_pattern&#8220; z_index=&#8220;&#8220; css=&#8220;.vc_custom_1647342887737{padding-right: 30px !important;padding-bottom: 60px !important;padding-left: 30px !important;}&#8220;][vc_column][vc_row_inner row_type=&#8220;row&#8220; type=&#8220;grid&#8220; text_align=&#8220;center&#8220; css_animation=&#8220;&#8220; css=&#8220;.vc_custom_1665130055515{padding-top: 60px !important;}&#8220; el_class=&#8220;titre-page&#8220;][vc_column_inner][vc_column_text css=&#8220;.vc_custom_1717155334965{border-top-width: 1px !important;border-right-width: 1px !important;border-bottom-width: 1px !important;border-left-width: 1px !important;padding-top: 18px !important;padding-right: 35px !important;padding-bottom: 18px !important;padding-left: 35px !important;border-left-style: solid !important;border-right-style: solid !important;border-top-style:...","og_url":"https:\/\/old.chateau-grandson.ch\/de\/besuch\/","og_site_name":"Ch\u00e2teau de Grandson","article_publisher":"https:\/\/www.facebook.com\/ChateauDeGrandson","article_modified_time":"2025-04-01T15:51:39+00:00","twitter_card":"summary_large_image","twitter_misc":{"Gesch\u00e4tzte Lesezeit":"4\u00a0Minuten"},"schema":{"@context":"https:\/\/schema.org","@graph":[{"@type":"WebPage","@id":"https:\/\/old.chateau-grandson.ch\/de\/besuch\/","url":"https:\/\/old.chateau-grandson.ch\/de\/besuch\/","name":"Die Baustelle besichtigen | Ch\u00e2teau de Grandson","isPartOf":{"@id":"https:\/\/old.chateau-grandson.ch\/de\/#website"},"datePublished":"2022-10-06T13:18:12+00:00","dateModified":"2025-04-01T15:51:39+00:00","breadcrumb":{"@id":"https:\/\/old.chateau-grandson.ch\/de\/besuch\/#breadcrumb"},"inLanguage":"de","potentialAction":[{"@type":"ReadAction","target":["https:\/\/old.chateau-grandson.ch\/de\/besuch\/"]}]},{"@type":"BreadcrumbList","@id":"https:\/\/old.chateau-grandson.ch\/de\/besuch\/#breadcrumb","itemListElement":[{"@type":"ListItem","position":1,"name":"Accueil","item":"https:\/\/old.chateau-grandson.ch\/de\/"},{"@type":"ListItem","position":2,"name":"Die Baustelle besichtigen"}]},{"@type":"WebSite","@id":"https:\/\/old.chateau-grandson.ch\/de\/#website","url":"https:\/\/old.chateau-grandson.ch\/de\/","name":"Ch\u00e2teau de Grandson","description":"","publisher":{"@id":"https:\/\/old.chateau-grandson.ch\/de\/#organization"},"potentialAction":[{"@type":"SearchAction","target":{"@type":"EntryPoint","urlTemplate":"https:\/\/old.chateau-grandson.ch\/de\/?s={search_term_string}"},"query-input":{"@type":"PropertyValueSpecification","valueRequired":true,"valueName":"search_term_string"}}],"inLanguage":"de"},{"@type":"Organization","@id":"https:\/\/old.chateau-grandson.ch\/de\/#organization","name":"Ch\u00e2teau de Grandson","url":"https:\/\/old.chateau-grandson.ch\/de\/","logo":{"@type":"ImageObject","inLanguage":"de","@id":"https:\/\/old.chateau-grandson.ch\/de\/#\/schema\/logo\/image\/","url":"https:\/\/chateau-grandson.ch\/wp-content\/uploads\/2020\/07\/logo-chateau-grandson.svg","contentUrl":"https:\/\/chateau-grandson.ch\/wp-content\/uploads\/2020\/07\/logo-chateau-grandson.svg","width":440,"height":271,"caption":"Ch\u00e2teau de Grandson"},"image":{"@id":"https:\/\/old.chateau-grandson.ch\/de\/#\/schema\/logo\/image\/"},"sameAs":["https:\/\/www.facebook.com\/ChateauDeGrandson","https:\/\/www.instagram.com\/chateau_de_grandson\/"]}]}},"_links":{"self":[{"href":"https:\/\/old.chateau-grandson.ch\/de\/wp-json\/wp\/v2\/pages\/32129"}],"collection":[{"href":"https:\/\/old.chateau-grandson.ch\/de\/wp-json\/wp\/v2\/pages"}],"about":[{"href":"https:\/\/old.chateau-grandson.ch\/de\/wp-json\/wp\/v2\/types\/page"}],"author":[{"embeddable":true,"href":"https:\/\/old.chateau-grandson.ch\/de\/wp-json\/wp\/v2\/users\/1"}],"replies":[{"embeddable":true,"href":"https:\/\/old.chateau-grandson.ch\/de\/wp-json\/wp\/v2\/comments?post=32129"}],"version-history":[{"count":74,"href":"https:\/\/old.chateau-grandson.ch\/de\/wp-json\/wp\/v2\/pages\/32129\/revisions"}],"predecessor-version":[{"id":35861,"href":"https:\/\/old.chateau-grandson.ch\/de\/wp-json\/wp\/v2\/pages\/32129\/revisions\/35861"}],"wp:attachment":[{"href":"https:\/\/old.chateau-grandson.ch\/de\/wp-json\/wp\/v2\/media?parent=32129"}],"curies":[{"name":"wp","href":"https:\/\/api.w.org\/{rel}","templated":true}]}}