{"id":32731,"date":"2022-07-21T11:04:14","date_gmt":"2022-07-21T09:04:14","guid":{"rendered":"https:\/\/chateau-grandson.ch\/?page_id=32731"},"modified":"2022-10-06T17:06:16","modified_gmt":"2022-10-06T15:06:16","slug":"rechtliche-hinweise","status":"publish","type":"page","link":"https:\/\/old.chateau-grandson.ch\/de\/rechtliche-hinweise\/","title":{"rendered":"Rechtliche Hinweise"},"content":{"rendered":"<div class=\"wpb-content-wrapper\"><p>[vc_row css_animation=&#8220;&#8220; row_type=&#8220;row&#8220; use_row_as_full_screen_section=&#8220;no&#8220; type=&#8220;full_width&#8220; angled_section=&#8220;no&#8220; text_align=&#8220;center&#8220; background_image_as_pattern=&#8220;without_pattern&#8220; z_index=&#8220;&#8220;][vc_column][vc_row_inner row_type=&#8220;row&#8220; type=&#8220;grid&#8220; text_align=&#8220;center&#8220; css_animation=&#8220;&#8220; css=&#8220;.vc_custom_1595430003367{padding-top: 60px !important;}&#8220; el_class=&#8220;titre-page&#8220;][vc_column_inner][vc_column_text css=&#8220;.vc_custom_1658393777121{border-top-width: 1px !important;border-right-width: 1px !important;border-bottom-width: 1px !important;border-left-width: 1px !important;padding-top: 18px !important;padding-right: 35px !important;padding-bottom: 18px !important;padding-left: 35px !important;border-left-color: #303030 !important;border-left-style: solid !important;border-right-color: #303030 !important;border-right-style: solid !important;border-top-color: #303030 !important;border-top-style: solid !important;border-bottom-color: #303030 !important;border-bottom-style: solid !important;}&#8220;]<\/p>\n<h1>Rechtliche Hinweise<\/h1>\n<p>[\/vc_column_text][\/vc_column_inner][\/vc_row_inner]<div class=\"qode_vertical_separator\" style=\"height: 80px;width: 1px;background-color: #232323;margin: 60px 0 60px 0\">\n<\/div>[vc_row_inner row_type=&#8220;row&#8220; type=&#8220;grid&#8220; text_align=&#8220;left&#8220; css_animation=&#8220;&#8220;][vc_column_inner width=&#8220;1\/2&#8243;][vc_column_text]<\/p>\n<h3>Verantwortung<\/h3>\n<p>&nbsp;<\/p>\n<p><span style=\"font-size: 14pt;\">Die Stiftung Schloss Grandson achtet mit gr\u00f6\u00dfter Sorgfalt auf die Richtigkeit der auf ihrer Website ver\u00f6ffentlichten Informationen, kann diese jedoch nicht garantieren. Diese Informationen werden f\u00fcr den pers\u00f6nlichen Gebrauch und zu Informationszwecken zur Verf\u00fcgung gestellt. Die Stiftung beh\u00e4lt sich ausdr\u00fccklich das Recht vor, die Informationen jederzeit und ohne vorherige Ank\u00fcndigung ganz oder teilweise zu erg\u00e4nzen, zu \u00e4ndern, zu l\u00f6schen oder zu verbreiten.<\/span><\/p>\n<p>&nbsp;<\/p>\n<p><span style=\"font-size: 14pt;\">Die Stiftung Schloss Grandson lehnt jegliche Haftung f\u00fcr Sch\u00e4den ab, die durch den Zugang zu ihrer Website, deren Nutzung sowie durch die verbreiteten Informationen verursacht werden k\u00f6nnten. Die Haftung der Stiftung ist ausgeschlossen, soweit ihr nicht Vorsatz oder grobe Fahrl\u00e4ssigkeit zur Last gelegt werden kann.<\/span><\/p>\n<p>&nbsp;<\/p>\n<p><span style=\"font-size: 14pt;\">Die Website des Schlosses Grandson (chateau-grandson.ch) enth\u00e4lt Links zu anderen Websites, f\u00fcr die die Stiftung nicht verantwortlich ist. Die Stiftung Schloss Grandson lehnt jede Verantwortung f\u00fcr die Einhaltung des Datenschutzes durch die Eigent\u00fcmer dieser anderen Websites sowie f\u00fcr deren Inhalt ab.<\/span>[\/vc_column_text][\/vc_column_inner][vc_column_inner width=&#8220;1\/2&#8243;][vc_column_text]<\/p>\n<h3>Datenschutz<\/h3>\n<p>&nbsp;<\/p>\n<p><span style=\"font-size: 14pt;\">Die Stiftung Schloss Grandson respektiert gewissenhaft das Recht auf Privatsph\u00e4re und den Schutz vor missbr\u00e4uchlicher und betr\u00fcgerischer Verwendung der pers\u00f6nlichen Daten ihrer Besucher.\u00a0Sie h\u00e4lt sich an die geltenden gesetzlichen Bestimmungen in diesem Bereich.<\/span><\/p>\n<p>&nbsp;<\/p>\n<p><span style=\"font-size: 14pt;\">Die Stiftung Schloss Grandson sammelt keine Daten, mit denen die Besucher ihrer Website pers\u00f6nlich identifiziert werden k\u00f6nnen, es sei denn, diese Daten werden ihr vom Besucher freiwillig mittels eines Formulars oder per E-Mail zur Verf\u00fcgung gestellt. In diesem Fall k\u00f6nnen die Daten gespeichert und mit Zustimmung des Nutzers zu Verwaltungszwecken, zur Verbesserung der angebotenen Dienstleistungen sowie zur \u00dcbermittlung von Informationen und Werbeaktionen \u00fcber die Aktivit\u00e4ten des Schlosses Grandson, seines Museums und seines Restaurants verwendet werden.<\/span><\/p>\n<p>&nbsp;<\/p>\n<p><span style=\"font-size: 14pt;\">Die von den Besuchern mitgeteilten pers\u00f6nlichen Daten werden vertraulich behandelt und weder verkauft noch an Dritte weitergegeben. Die Nutzer k\u00f6nnen jederzeit ihr Recht auf Datenschutz geltend machen und Auskunft \u00fcber die Speicherung ihrer pers\u00f6nlichen Daten erhalten, diese berichtigen, erg\u00e4nzen oder sich ihrer Verwendung widersetzen sowie gegebenenfalls ihre L\u00f6schung verlangen.<\/span><\/p>\n<p>&nbsp;<\/p>\n<p><span style=\"font-size: 14pt;\">Bei Fragen oder Unklarheiten bez\u00fcglich der Nutzung und Verarbeitung von Daten wenden Sie sich bitte an :<\/span><\/p>\n<p>&nbsp;<\/p>\n<p style=\"padding-left: 40px;\"><strong><span style=\"font-size: 14pt;\">Fondation du Ch\u00e2teau de Grandson<\/span><\/strong><\/p>\n<p style=\"padding-left: 40px;\"><span style=\"font-size: 14pt;\">Place du Ch\u00e2teau 12<\/span><\/p>\n<p style=\"padding-left: 40px;\"><span style=\"font-size: 14pt;\">1422 Grandson<\/span><\/p>\n<p style=\"padding-left: 40px;\"><span style=\"font-size: 14pt;\"><a href=\"mailto:administration@chateau-grandson.ch\">administration@chateau-grandson.ch<\/a><\/span><\/p>\n<p>\u00a0[\/vc_column_text][vc_column_text]<\/p>\n<h3>Copyright<\/h3>\n<p>&nbsp;<\/p>\n<p><span style=\"font-size: 14pt;\">Alle Texte, Bilder und grafischen Inhalte auf der Website des Schlosses Grandson sind das alleinige Eigentum der Stiftung Schloss Grandson oder ausdr\u00fccklich genannter Dritter und sind urheberrechtlich gesch\u00fctzt. Die Vervielf\u00e4ltigung, \u00dcbertragung, \u00c4nderung oder Nutzung jeglicher Inhalte ist untersagt und bedarf der vorherigen schriftlichen Genehmigung des Rechteinhabers. Durch das Herunterladen oder Kopieren von Bildern, Texten, Fotos oder anderen grafischen Elementen werden keinerlei Rechte \u00fcbertragen.<\/span><\/p>\n<p>&nbsp;<\/p>\n<p><span style=\"font-size: 14pt;\">Der Gerichtsstand ist Grandson VD, Schweiz.<\/span><\/p>\n<p>&nbsp;<\/p>\n<p><span style=\"font-size: 14pt;\">Stiftung Schloss Grandson, Grandson, Juli 2022.<\/span>[\/vc_column_text][\/vc_column_inner][\/vc_row_inner]<div class=\"qode_vertical_separator\" style=\"height: 80px;width: 1px;background-color: #232323;margin: 60px 0 60px 0\">\n<\/div>[\/vc_column][\/vc_row]<\/p>\n<\/div>","protected":false},"excerpt":{"rendered":"<p>[vc_row css_animation=&#8220;&#8220; row_type=&#8220;row&#8220; use_row_as_full_screen_section=&#8220;no&#8220; type=&#8220;full_width&#8220; angled_section=&#8220;no&#8220; text_align=&#8220;center&#8220; background_image_as_pattern=&#8220;without_pattern&#8220; z_index=&#8220;&#8220;][vc_column][vc_row_inner row_type=&#8220;row&#8220; type=&#8220;grid&#8220; text_align=&#8220;center&#8220; css_animation=&#8220;&#8220; css=&#8220;.vc_custom_1595430003367{padding-top: 60px !important;}&#8220; el_class=&#8220;titre-page&#8220;][vc_column_inner][vc_column_text css=&#8220;.vc_custom_1658393777121{border-top-width: 1px !important;border-right-width: 1px !important;border-bottom-width: 1px !important;border-left-width: 1px !important;padding-top: 18px !important;padding-right: 35px !important;padding-bottom: 18px !important;padding-left: 35px !important;border-left-color: #303030 !important;border-left-style: solid !important;border-right-color: #303030 !important;border-right-style: solid !important;border-top-color: #303030 !important;border-top-style: solid&#8230;<\/p>\n","protected":false},"author":1,"featured_media":0,"parent":0,"menu_order":34,"comment_status":"closed","ping_status":"closed","template":"full_width.php","meta":{"footnotes":""},"class_list":["post-32731","page","type-page","status-publish","hentry"],"yoast_head":"<!-- This site is optimized with the Yoast SEO plugin v23.8 - https:\/\/yoast.com\/wordpress\/plugins\/seo\/ -->\n<title>Rechtliche Hinweise | Ch\u00e2teau de Grandson<\/title>\n<meta name=\"robots\" content=\"index, follow, max-snippet:-1, max-image-preview:large, max-video-preview:-1\" \/>\n<link rel=\"canonical\" href=\"https:\/\/old.chateau-grandson.ch\/de\/rechtliche-hinweise\/\" \/>\n<meta property=\"og:locale\" content=\"de_DE\" \/>\n<meta property=\"og:type\" content=\"article\" \/>\n<meta property=\"og:title\" content=\"Rechtliche Hinweise | Ch\u00e2teau de Grandson\" \/>\n<meta property=\"og:description\" content=\"[vc_row css_animation=&#8220;&#8220; row_type=&#8220;row&#8220; use_row_as_full_screen_section=&#8220;no&#8220; type=&#8220;full_width&#8220; angled_section=&#8220;no&#8220; text_align=&#8220;center&#8220; background_image_as_pattern=&#8220;without_pattern&#8220; z_index=&#8220;&#8220;][vc_column][vc_row_inner row_type=&#8220;row&#8220; type=&#8220;grid&#8220; text_align=&#8220;center&#8220; css_animation=&#8220;&#8220; css=&#8220;.vc_custom_1595430003367{padding-top: 60px !important;}&#8220; el_class=&#8220;titre-page&#8220;][vc_column_inner][vc_column_text css=&#8220;.vc_custom_1658393777121{border-top-width: 1px !important;border-right-width: 1px !important;border-bottom-width: 1px !important;border-left-width: 1px !important;padding-top: 18px !important;padding-right: 35px !important;padding-bottom: 18px !important;padding-left: 35px !important;border-left-color: #303030 !important;border-left-style: solid !important;border-right-color: #303030 !important;border-right-style: solid !important;border-top-color: #303030 !important;border-top-style: solid...\" \/>\n<meta property=\"og:url\" content=\"https:\/\/old.chateau-grandson.ch\/de\/rechtliche-hinweise\/\" \/>\n<meta property=\"og:site_name\" content=\"Ch\u00e2teau de Grandson\" \/>\n<meta property=\"article:publisher\" content=\"https:\/\/www.facebook.com\/ChateauDeGrandson\" \/>\n<meta property=\"article:modified_time\" content=\"2022-10-06T15:06:16+00:00\" \/>\n<meta name=\"twitter:card\" content=\"summary_large_image\" \/>\n<meta name=\"twitter:label1\" content=\"Gesch\u00e4tzte Lesezeit\" \/>\n\t<meta name=\"twitter:data1\" content=\"3\u00a0Minuten\" \/>\n<script type=\"application\/ld+json\" class=\"yoast-schema-graph\">{\"@context\":\"https:\/\/schema.org\",\"@graph\":[{\"@type\":\"WebPage\",\"@id\":\"https:\/\/old.chateau-grandson.ch\/de\/rechtliche-hinweise\/\",\"url\":\"https:\/\/old.chateau-grandson.ch\/de\/rechtliche-hinweise\/\",\"name\":\"Rechtliche Hinweise | Ch\u00e2teau de Grandson\",\"isPartOf\":{\"@id\":\"https:\/\/old.chateau-grandson.ch\/de\/#website\"},\"datePublished\":\"2022-07-21T09:04:14+00:00\",\"dateModified\":\"2022-10-06T15:06:16+00:00\",\"breadcrumb\":{\"@id\":\"https:\/\/old.chateau-grandson.ch\/de\/rechtliche-hinweise\/#breadcrumb\"},\"inLanguage\":\"de\",\"potentialAction\":[{\"@type\":\"ReadAction\",\"target\":[\"https:\/\/old.chateau-grandson.ch\/de\/rechtliche-hinweise\/\"]}]},{\"@type\":\"BreadcrumbList\",\"@id\":\"https:\/\/old.chateau-grandson.ch\/de\/rechtliche-hinweise\/#breadcrumb\",\"itemListElement\":[{\"@type\":\"ListItem\",\"position\":1,\"name\":\"Accueil\",\"item\":\"https:\/\/old.chateau-grandson.ch\/de\/\"},{\"@type\":\"ListItem\",\"position\":2,\"name\":\"Rechtliche Hinweise\"}]},{\"@type\":\"WebSite\",\"@id\":\"https:\/\/old.chateau-grandson.ch\/de\/#website\",\"url\":\"https:\/\/old.chateau-grandson.ch\/de\/\",\"name\":\"Ch\u00e2teau de Grandson\",\"description\":\"\",\"publisher\":{\"@id\":\"https:\/\/old.chateau-grandson.ch\/de\/#organization\"},\"potentialAction\":[{\"@type\":\"SearchAction\",\"target\":{\"@type\":\"EntryPoint\",\"urlTemplate\":\"https:\/\/old.chateau-grandson.ch\/de\/?s={search_term_string}\"},\"query-input\":{\"@type\":\"PropertyValueSpecification\",\"valueRequired\":true,\"valueName\":\"search_term_string\"}}],\"inLanguage\":\"de\"},{\"@type\":\"Organization\",\"@id\":\"https:\/\/old.chateau-grandson.ch\/de\/#organization\",\"name\":\"Ch\u00e2teau de Grandson\",\"url\":\"https:\/\/old.chateau-grandson.ch\/de\/\",\"logo\":{\"@type\":\"ImageObject\",\"inLanguage\":\"de\",\"@id\":\"https:\/\/old.chateau-grandson.ch\/de\/#\/schema\/logo\/image\/\",\"url\":\"https:\/\/chateau-grandson.ch\/wp-content\/uploads\/2020\/07\/logo-chateau-grandson.svg\",\"contentUrl\":\"https:\/\/chateau-grandson.ch\/wp-content\/uploads\/2020\/07\/logo-chateau-grandson.svg\",\"width\":440,\"height\":271,\"caption\":\"Ch\u00e2teau de Grandson\"},\"image\":{\"@id\":\"https:\/\/old.chateau-grandson.ch\/de\/#\/schema\/logo\/image\/\"},\"sameAs\":[\"https:\/\/www.facebook.com\/ChateauDeGrandson\",\"https:\/\/www.instagram.com\/chateau_de_grandson\/\"]}]}<\/script>\n<!-- \/ Yoast SEO plugin. -->","yoast_head_json":{"title":"Rechtliche Hinweise | Ch\u00e2teau de Grandson","robots":{"index":"index","follow":"follow","max-snippet":"max-snippet:-1","max-image-preview":"max-image-preview:large","max-video-preview":"max-video-preview:-1"},"canonical":"https:\/\/old.chateau-grandson.ch\/de\/rechtliche-hinweise\/","og_locale":"de_DE","og_type":"article","og_title":"Rechtliche Hinweise | Ch\u00e2teau de Grandson","og_description":"[vc_row css_animation=&#8220;&#8220; row_type=&#8220;row&#8220; use_row_as_full_screen_section=&#8220;no&#8220; type=&#8220;full_width&#8220; angled_section=&#8220;no&#8220; text_align=&#8220;center&#8220; background_image_as_pattern=&#8220;without_pattern&#8220; z_index=&#8220;&#8220;][vc_column][vc_row_inner row_type=&#8220;row&#8220; type=&#8220;grid&#8220; text_align=&#8220;center&#8220; css_animation=&#8220;&#8220; css=&#8220;.vc_custom_1595430003367{padding-top: 60px !important;}&#8220; el_class=&#8220;titre-page&#8220;][vc_column_inner][vc_column_text css=&#8220;.vc_custom_1658393777121{border-top-width: 1px !important;border-right-width: 1px !important;border-bottom-width: 1px !important;border-left-width: 1px !important;padding-top: 18px !important;padding-right: 35px !important;padding-bottom: 18px !important;padding-left: 35px !important;border-left-color: #303030 !important;border-left-style: solid !important;border-right-color: #303030 !important;border-right-style: solid !important;border-top-color: #303030 !important;border-top-style: solid...","og_url":"https:\/\/old.chateau-grandson.ch\/de\/rechtliche-hinweise\/","og_site_name":"Ch\u00e2teau de Grandson","article_publisher":"https:\/\/www.facebook.com\/ChateauDeGrandson","article_modified_time":"2022-10-06T15:06:16+00:00","twitter_card":"summary_large_image","twitter_misc":{"Gesch\u00e4tzte Lesezeit":"3\u00a0Minuten"},"schema":{"@context":"https:\/\/schema.org","@graph":[{"@type":"WebPage","@id":"https:\/\/old.chateau-grandson.ch\/de\/rechtliche-hinweise\/","url":"https:\/\/old.chateau-grandson.ch\/de\/rechtliche-hinweise\/","name":"Rechtliche Hinweise | Ch\u00e2teau de Grandson","isPartOf":{"@id":"https:\/\/old.chateau-grandson.ch\/de\/#website"},"datePublished":"2022-07-21T09:04:14+00:00","dateModified":"2022-10-06T15:06:16+00:00","breadcrumb":{"@id":"https:\/\/old.chateau-grandson.ch\/de\/rechtliche-hinweise\/#breadcrumb"},"inLanguage":"de","potentialAction":[{"@type":"ReadAction","target":["https:\/\/old.chateau-grandson.ch\/de\/rechtliche-hinweise\/"]}]},{"@type":"BreadcrumbList","@id":"https:\/\/old.chateau-grandson.ch\/de\/rechtliche-hinweise\/#breadcrumb","itemListElement":[{"@type":"ListItem","position":1,"name":"Accueil","item":"https:\/\/old.chateau-grandson.ch\/de\/"},{"@type":"ListItem","position":2,"name":"Rechtliche Hinweise"}]},{"@type":"WebSite","@id":"https:\/\/old.chateau-grandson.ch\/de\/#website","url":"https:\/\/old.chateau-grandson.ch\/de\/","name":"Ch\u00e2teau de Grandson","description":"","publisher":{"@id":"https:\/\/old.chateau-grandson.ch\/de\/#organization"},"potentialAction":[{"@type":"SearchAction","target":{"@type":"EntryPoint","urlTemplate":"https:\/\/old.chateau-grandson.ch\/de\/?s={search_term_string}"},"query-input":{"@type":"PropertyValueSpecification","valueRequired":true,"valueName":"search_term_string"}}],"inLanguage":"de"},{"@type":"Organization","@id":"https:\/\/old.chateau-grandson.ch\/de\/#organization","name":"Ch\u00e2teau de Grandson","url":"https:\/\/old.chateau-grandson.ch\/de\/","logo":{"@type":"ImageObject","inLanguage":"de","@id":"https:\/\/old.chateau-grandson.ch\/de\/#\/schema\/logo\/image\/","url":"https:\/\/chateau-grandson.ch\/wp-content\/uploads\/2020\/07\/logo-chateau-grandson.svg","contentUrl":"https:\/\/chateau-grandson.ch\/wp-content\/uploads\/2020\/07\/logo-chateau-grandson.svg","width":440,"height":271,"caption":"Ch\u00e2teau de Grandson"},"image":{"@id":"https:\/\/old.chateau-grandson.ch\/de\/#\/schema\/logo\/image\/"},"sameAs":["https:\/\/www.facebook.com\/ChateauDeGrandson","https:\/\/www.instagram.com\/chateau_de_grandson\/"]}]}},"_links":{"self":[{"href":"https:\/\/old.chateau-grandson.ch\/de\/wp-json\/wp\/v2\/pages\/32731"}],"collection":[{"href":"https:\/\/old.chateau-grandson.ch\/de\/wp-json\/wp\/v2\/pages"}],"about":[{"href":"https:\/\/old.chateau-grandson.ch\/de\/wp-json\/wp\/v2\/types\/page"}],"author":[{"embeddable":true,"href":"https:\/\/old.chateau-grandson.ch\/de\/wp-json\/wp\/v2\/users\/1"}],"replies":[{"embeddable":true,"href":"https:\/\/old.chateau-grandson.ch\/de\/wp-json\/wp\/v2\/comments?post=32731"}],"version-history":[{"count":2,"href":"https:\/\/old.chateau-grandson.ch\/de\/wp-json\/wp\/v2\/pages\/32731\/revisions"}],"predecessor-version":[{"id":32804,"href":"https:\/\/old.chateau-grandson.ch\/de\/wp-json\/wp\/v2\/pages\/32731\/revisions\/32804"}],"wp:attachment":[{"href":"https:\/\/old.chateau-grandson.ch\/de\/wp-json\/wp\/v2\/media?parent=32731"}],"curies":[{"name":"wp","href":"https:\/\/api.w.org\/{rel}","templated":true}]}}