{"id":29973,"date":"2020-08-03T15:47:32","date_gmt":"2020-08-03T13:47:32","guid":{"rendered":"https:\/\/chateau-grandson.ch\/fondation-du-chateau-de-grandson\/"},"modified":"2025-01-21T18:15:30","modified_gmt":"2025-01-21T17:15:30","slug":"fondation-du-chateau-de-grandson","status":"publish","type":"page","link":"https:\/\/old.chateau-grandson.ch\/en\/fondation-du-chateau-de-grandson\/","title":{"rendered":"Fondation du Ch\u00e2teau de Grandson"},"content":{"rendered":"<div class=\"wpb-content-wrapper\"><p>[vc_row css_animation=&#8221;&#8221; row_type=&#8221;row&#8221; use_row_as_full_screen_section=&#8221;no&#8221; type=&#8221;full_width&#8221; angled_section=&#8221;no&#8221; text_align=&#8221;center&#8221; background_image_as_pattern=&#8221;without_pattern&#8221; z_index=&#8221;&#8221;][vc_column][vc_row_inner row_type=&#8221;row&#8221; type=&#8221;grid&#8221; text_align=&#8221;center&#8221; css_animation=&#8221;&#8221; css=&#8221;.vc_custom_1595430003367{padding-top: 60px !important;}&#8221; el_class=&#8221;titre-page&#8221;][vc_column_inner][vc_column_text css=&#8221;.vc_custom_1596462337410{border-top-width: 1px !important;border-right-width: 1px !important;border-bottom-width: 1px !important;border-left-width: 1px !important;padding-top: 18px !important;padding-right: 35px !important;padding-bottom: 18px !important;padding-left: 35px !important;border-left-color: #303030 !important;border-left-style: solid !important;border-right-color: #303030 !important;border-right-style: solid !important;border-top-color: #303030 !important;border-top-style: solid !important;border-bottom-color: #303030 !important;border-bottom-style: solid !important;}&#8221;]<\/p>\n<h1>Fondation du Ch\u00e2teau de Grandson<\/h1>\n<p>[\/vc_column_text][\/vc_column_inner][\/vc_row_inner]<div class=\"qode_vertical_separator\" style=\"height: 80px;width: 1px;background-color: #232323;margin: 60px 0 60px 0\">\n<\/div>[vc_row_inner row_type=&#8221;row&#8221; type=&#8221;grid&#8221; text_align=&#8221;left&#8221; css_animation=&#8221;&#8221;][vc_column_inner width=&#8221;1\/2&#8243;][vc_column_text css=&#8221;.vc_custom_1681816376267{padding-right: 30px !important;padding-bottom: 30px !important;padding-left: 30px !important;}&#8221;]<\/p>\n<h3>THE FOUNDATION<\/h3>\n<p>&nbsp;<\/p>\n<h4>Created in 1980 with the aim of buying the castle of Grandson, the Fondation du Ch\u00e2teau de Grandson has been involved since 1983 in the management and promotion of the monument and its opening to the public.<\/h4>\n<p>[\/vc_column_text][\/vc_column_inner][vc_column_inner width=&#8221;1\/2&#8243;][vc_column_text css=&#8221;.vc_custom_1637064925883{padding-right: 30px !important;padding-left: 30px !important;}&#8221;]<\/p>\n<h3>GOALS AND MISSIONS<\/h3>\n<p>&nbsp;<\/p>\n<h4>Safeguarding, documenting and promoting the Castle of Grandson.<\/h4>\n<p>&nbsp;<\/p>\n<h4>Contribute to knowledge and understanding, develop the educational role and make the historical and cultural content carried by the Castle and the collection accessible to all.<\/h4>\n<p>&nbsp;<\/p>\n<h4>Acquire, preserve and develop the collection.<\/h4>\n<p>[\/vc_column_text][\/vc_column_inner][\/vc_row_inner]<div class=\"qode_vertical_separator\" style=\"height: 80px;width: 1px;background-color: #232323;margin: 60px 0 60px 0\">\n<\/div>[vc_row_inner row_type=&#8221;row&#8221; type=&#8221;grid&#8221; text_align=&#8221;center&#8221; css_animation=&#8221;&#8221; el_class=&#8221;carte&#8221; css=&#8221;.vc_custom_1596463214632{padding-top: 60px !important;background-color: #ffffff !important;}&#8221;][vc_column_inner][vc_column_text css=&#8221;.vc_custom_1611233196773{padding-right: 30px !important;padding-left: 30px !important;}&#8221;]<\/p>\n<h3 style=\"text-align: center;\">FOUNDATION BOARD<\/h3>\n<p>[\/vc_column_text][\/vc_column_inner][\/vc_row_inner][vc_row_inner row_type=&#8221;row&#8221; type=&#8221;grid&#8221; text_align=&#8221;center&#8221; css_animation=&#8221;&#8221; el_class=&#8221;carte&#8221; css=&#8221;.vc_custom_1596463214632{padding-top: 60px !important;background-color: #ffffff !important;}&#8221;][vc_column_inner][vc_column_text css=&#8221;.vc_custom_1737479395619{padding-right: 30px !important;padding-left: 30px !important;}&#8221;]<\/p>\n<h4 style=\"text-align: center;\">Dominique Freymond (President)<\/h4>\n<h4 style=\"text-align: center;\">Nicolas Delachaux<\/h4>\n<h4 style=\"text-align: center;\">Roland Duss<\/h4>\n<h4 style=\"text-align: center;\">Charlotte Gutscher<\/h4>\n<h4 style=\"text-align: center;\">Karin Hilzinger<\/h4>\n<h4 style=\"text-align: center;\">Isabelle Raboud-Sch\u00fcle<\/h4>\n<h4 style=\"text-align: center;\">Serge Reymond (Vice President)<\/h4>\n<h4 style=\"text-align: center;\">Antonio Vialatte<\/h4>\n<p>[\/vc_column_text][\/vc_column_inner][\/vc_row_inner]<div class=\"qode_vertical_separator\" style=\"height: 80px;width: 1px;background-color: #232323;margin: 60px 0 60px 0\">\n<\/div>[vc_row_inner row_type=&#8221;row&#8221; type=&#8221;grid&#8221; text_align=&#8221;center&#8221; css_animation=&#8221;&#8221; el_class=&#8221;carte&#8221; css=&#8221;.vc_custom_1596463214632{padding-top: 60px !important;background-color: #ffffff !important;}&#8221;][vc_column_inner][vc_column_text css=&#8221;.vc_custom_1596462489234{padding-right: 30px !important;padding-left: 30px !important;}&#8221;]<\/p>\n<h3 style=\"text-align: center;\">THE TEAM<\/h3>\n<p>[\/vc_column_text][\/vc_column_inner][\/vc_row_inner][vc_row_inner row_type=&#8221;row&#8221; type=&#8221;grid&#8221; text_align=&#8221;left&#8221; css_animation=&#8221;&#8221; css=&#8221;.vc_custom_1596463186967{padding-top: 60px !important;background-color: #ffffff !important;}&#8221;][vc_column_inner width=&#8221;1\/5&#8243;][vc_column_text css=&#8221;.vc_custom_1737479722839{padding-bottom: 30px !important;}&#8221;]<\/p>\n<h4><img loading=\"lazy\" decoding=\"async\" class=\"alignnone size-medium wp-image-28999\" role=\"img\" src=\"https:\/\/chateau-grandson.ch\/wp-content\/uploads\/\/2020\/08\/icone-people-1.svg\" alt=\"icone train\" width=\"100\" height=\"100\" \/><\/h4>\n<p>&nbsp;<\/p>\n<h4>Director<\/h4>\n<p>Camille Verdier<\/p>\n<p>&nbsp;<\/p>\n<h4>Museum Curator<\/h4>\n<p>Tiziana Andreani[\/vc_column_text][\/vc_column_inner][vc_column_inner width=&#8221;1\/5&#8243;][vc_column_text css=&#8221;.vc_custom_1737479475784{padding-bottom: 30px !important;}&#8221;]<\/p>\n<h4><img loading=\"lazy\" decoding=\"async\" class=\"alignnone size-medium wp-image-29003\" role=\"img\" src=\"https:\/\/chateau-grandson.ch\/wp-content\/uploads\/\/2020\/08\/icone-people-1.svg\" alt=\"icone voiture\" width=\"100\" height=\"100\" \/><\/h4>\n<p>&nbsp;<\/p>\n<h4>Communication Director<\/h4>\n<p>Diego Mediano[\/vc_column_text][\/vc_column_inner][vc_column_inner width=&#8221;1\/5&#8243;][vc_column_text css=&#8221;.vc_custom_1737479497575{padding-bottom: 30px !important;}&#8221;]<\/p>\n<h4><img loading=\"lazy\" decoding=\"async\" class=\"alignnone size-medium wp-image-28999\" role=\"img\" src=\"https:\/\/chateau-grandson.ch\/wp-content\/uploads\/\/2020\/08\/icone-people-1.svg\" alt=\"icone train\" width=\"100\" height=\"100\" \/><\/h4>\n<p>&nbsp;<\/p>\n<h4>Administration manager<\/h4>\n<p>Catherine Staffieri[\/vc_column_text][\/vc_column_inner][vc_column_inner width=&#8221;1\/5&#8243;][vc_column_text css=&#8221;.vc_custom_1637063895845{padding-bottom: 30px !important;}&#8221;]<\/p>\n<h4><img loading=\"lazy\" decoding=\"async\" class=\"alignnone size-medium wp-image-28999\" role=\"img\" src=\"https:\/\/chateau-grandson.ch\/wp-content\/uploads\/\/2020\/08\/icone-people-1.svg\" alt=\"icone train\" width=\"100\" height=\"100\" \/><\/h4>\n<p>&nbsp;<\/p>\n<h4>Event Manager<\/h4>\n<p>Lola Bertin[\/vc_column_text][\/vc_column_inner][vc_column_inner width=&#8221;1\/5&#8243;][vc_column_text css=&#8221;.vc_custom_1737479531122{padding-bottom: 30px !important;}&#8221;]<\/p>\n<h4><img loading=\"lazy\" decoding=\"async\" class=\"alignnone size-medium wp-image-28999\" role=\"img\" src=\"https:\/\/chateau-grandson.ch\/wp-content\/uploads\/\/2020\/08\/icone-people-1.svg\" alt=\"icone train\" width=\"100\" height=\"100\" \/><\/h4>\n<p>&nbsp;<\/p>\n<h4>F&amp;B Manager<\/h4>\n<p>L\u00e9onore de Raemy[\/vc_column_text][\/vc_column_inner][\/vc_row_inner][vc_row_inner row_type=&#8221;row&#8221; type=&#8221;grid&#8221; text_align=&#8221;left&#8221; css_animation=&#8221;&#8221; css=&#8221;.vc_custom_1596463229820{padding-top: 30px !important;padding-bottom: 30px !important;background-color: #ffffff !important;}&#8221;][vc_column_inner width=&#8221;1\/5&#8243;][vc_column_text css=&#8221;.vc_custom_1737479541135{padding-bottom: 30px !important;}&#8221;]<\/p>\n<h4><img loading=\"lazy\" decoding=\"async\" class=\"alignnone size-medium wp-image-29003\" role=\"img\" src=\"https:\/\/chateau-grandson.ch\/wp-content\/uploads\/\/2020\/08\/icone-people-1.svg\" alt=\"icone voiture\" width=\"100\" height=\"100\" \/><\/h4>\n<p>&nbsp;<\/p>\n<h4>Maintenance and security Manager<\/h4>\n<p>&nbsp;<\/p>\n<h4>Maintenance<\/h4>\n<p>Carmela Menna[\/vc_column_text][\/vc_column_inner][vc_column_inner width=&#8221;1\/5&#8243;][vc_column_text css=&#8221;.vc_custom_1653990860705{padding-bottom: 30px !important;}&#8221;]<\/p>\n<h4><img loading=\"lazy\" decoding=\"async\" class=\"alignnone size-medium wp-image-28999\" role=\"img\" src=\"https:\/\/chateau-grandson.ch\/wp-content\/uploads\/\/2020\/08\/icone-people-1.svg\" alt=\"icone train\" width=\"100\" height=\"100\" \/><\/h4>\n<p>&nbsp;<\/p>\n<h4>Cultural mediation manager<\/h4>\n<p>Sandra Hay[\/vc_column_text][\/vc_column_inner][vc_column_inner width=&#8221;1\/5&#8243;][vc_column_text css=&#8221;.vc_custom_1681387223706{padding-bottom: 30px !important;}&#8221;]<\/p>\n<h4><img loading=\"lazy\" decoding=\"async\" class=\"alignnone size-medium wp-image-28999\" role=\"img\" src=\"https:\/\/chateau-grandson.ch\/wp-content\/uploads\/\/2020\/07\/icone-people.svg\" alt=\"icone train\" width=\"100\" height=\"100\" \/><\/h4>\n<p>&nbsp;<\/p>\n<h4>Cultural mediation team<\/h4>\n<p>Robin Badoux, Maude Benoit, Sandrine Cottens, Claudia Gattolliat, V\u00e9ronique Meusy, Fabien Siegert, Brigitte Stegm\u00fcller, Annick Voirol, Peter Z\u00fcnd[\/vc_column_text][\/vc_column_inner][vc_column_inner width=&#8221;1\/5&#8243;][vc_column_text css=&#8221;.vc_custom_1737479573385{padding-bottom: 30px !important;}&#8221;]<\/p>\n<h4><img loading=\"lazy\" decoding=\"async\" class=\"alignnone size-medium wp-image-28999\" role=\"img\" src=\"https:\/\/chateau-grandson.ch\/wp-content\/uploads\/\/2020\/07\/icone-people.svg\" alt=\"icone train\" width=\"100\" height=\"100\" \/><\/h4>\n<p>&nbsp;<\/p>\n<h4>Reception team<\/h4>\n<p>Aur\u00e9lie Fortes Garcia, Martine Schenker, Nadia Capraro[\/vc_column_text][\/vc_column_inner][vc_column_inner width=&#8221;1\/5&#8243;][vc_column_text css=&#8221;.vc_custom_1737479566390{padding-bottom: 30px !important;}&#8221;]<\/p>\n<h4><img loading=\"lazy\" decoding=\"async\" class=\"alignnone size-medium wp-image-28999\" role=\"img\" src=\"https:\/\/chateau-grandson.ch\/wp-content\/uploads\/\/2020\/07\/icone-people.svg\" alt=\"icone train\" width=\"100\" height=\"100\" \/><\/h4>\n<p>&nbsp;<\/p>\n<h4>Caf\u00e9-Restaurant Le Ch\u00e2telet Team<\/h4>\n<p>[\/vc_column_text][\/vc_column_inner][\/vc_row_inner]<div class=\"qode_vertical_separator\" style=\"height: 80px;width: 1px;background-color: #232323;margin: 60px 0 60px 0\">\n<\/div>[vc_row_inner row_type=&#8221;row&#8221; type=&#8221;grid&#8221; text_align=&#8221;left&#8221; css_animation=&#8221;&#8221;][vc_column_inner][vc_column_text css=&#8221;.vc_custom_1639058727606{padding-bottom: 30px !important;}&#8221;]<\/p>\n<h3>PROJECT CH\u00c2TEAU DE GRANDSON 2026<\/h3>\n<p>&nbsp;<\/p>\n<p>\u00ab Ch\u00e2teau de Grandson 2026 \u00bb est un projet de r\u00e9novation patrimoniale et de renouveau mus\u00e9al qui vise \u00e0 replacer le Ch\u00e2teau de Grandson dans le paysage culturel et touristique helv\u00e9tique. Ce projet d\u2019envergure de plus de 40 millions de francs, men\u00e9 de concert par la fondation propri\u00e9taire du ch\u00e2teau, la Stiftung f\u00fcr Kunst, Kultur und Geschichte (SKKG) et la Fondation du Ch\u00e2teau de Grandson est une opportunit\u00e9 touristique rare pour le Nord vaudois et le canton dans son ensemble. Le ch\u00e2teau reste ouvert au public pendant toute la dur\u00e9e de ce projet gr\u00e2ce \u00e0 des visites guid\u00e9es qui permettront d\u2019appr\u00e9cier l\u2019ampleur des travaux de r\u00e9novation.[\/vc_column_text]<a  itemprop=\"url\" href=\"https:\/\/chateau-grandson.ch\/wp-content\/uploads\/2021\/12\/Projet-Chateau-de-Grandson-2026_fr.pdf\" target=\"_parent\"  class=\"qbutton  default\" style=\"\">Science and Cultural Project Ch\u00e2teau de Grandson 2025 (in French)<\/a>[\/vc_column_inner][\/vc_row_inner]<div class=\"qode_vertical_separator\" style=\"height: 80px;width: 1px;background-color: #232323;margin: 60px 0 60px 0\">\n<\/div>[vc_row_inner row_type=&#8221;row&#8221; type=&#8221;grid&#8221; text_align=&#8221;left&#8221; css_animation=&#8221;&#8221;][vc_column_inner width=&#8221;1\/2&#8243;][vc_column_text css=&#8221;.vc_custom_1681816612301{padding-bottom: 30px !important;}&#8221;]<\/p>\n<h3>ANNUAL REPORTS<\/h3>\n<p>&nbsp;<\/p>\n<p>In 2022, the Grandson Castle Foundation (FCG) made significant strides in its \u201cGrandson Castle 2026\u201d project by implementing crucial structural adjustments and expanding its team with new positions and profiles.<\/p>\n<p>&nbsp;<\/p>\n<p>The FCG Board has worked tirelessly to ensure the project\u2019s sustainability and long-term success, with a focus on managing the site\u2019s restoration and preparing for the museum\u2019s grand opening in 2026.<\/p>\n<p>&nbsp;<\/p>\n<p>Join us in discovering the exciting highlights of Grandson Castle\u2019s progress in 2022. (Annual report in french)[\/vc_column_text]<a  itemprop=\"url\" href=\"https:\/\/chateau-grandson.ch\/wp-content\/uploads\/2023\/04\/FondationChateaudeGrandson_rapport-annuel-2022.pdf\" target=\"_blank\"  class=\"qbutton  default\" style=\"\">Annual report 2022 (in French)<\/a>[vc_separator type=&#8221;normal&#8221;]<a  itemprop=\"url\" href=\"https:\/\/chateau-grandson.ch\/wp-content\/uploads\/2022\/05\/Fondation-Chateau-de-Grandson-rapport-activite-2021.pdf\" target=\"_blank\"  class=\"qbutton  default\" style=\"\">Annual report 2021 (in French)<\/a><a  itemprop=\"url\" href=\"https:\/\/chateau-grandson.ch\/wp-content\/uploads\/2021\/09\/rapport-exploitation-2020-ld.pdf\" target=\"_blank\"  class=\"qbutton  default\" style=\"\">Annual report 2020 (in French)<\/a>[\/vc_column_inner][\/vc_row_inner]<div class=\"qode_vertical_separator\" style=\"height: 80px;width: 1px;background-color: #232323;margin: 60px 0 60px 0\">\n<\/div>[\/vc_column][\/vc_row]<\/p>\n<\/div>","protected":false},"excerpt":{"rendered":"<p>[vc_row css_animation=&#8221;&#8221; row_type=&#8221;row&#8221; use_row_as_full_screen_section=&#8221;no&#8221; type=&#8221;full_width&#8221; angled_section=&#8221;no&#8221; text_align=&#8221;center&#8221; background_image_as_pattern=&#8221;without_pattern&#8221; z_index=&#8221;&#8221;][vc_column][vc_row_inner row_type=&#8221;row&#8221; type=&#8221;grid&#8221; text_align=&#8221;center&#8221; css_animation=&#8221;&#8221; css=&#8221;.vc_custom_1595430003367{padding-top: 60px !important;}&#8221; el_class=&#8221;titre-page&#8221;][vc_column_inner][vc_column_text css=&#8221;.vc_custom_1596462337410{border-top-width: 1px !important;border-right-width: 1px !important;border-bottom-width: 1px !important;border-left-width: 1px !important;padding-top: 18px !important;padding-right: 35px !important;padding-bottom: 18px !important;padding-left: 35px !important;border-left-color: #303030 !important;border-left-style: solid !important;border-right-color: #303030 !important;border-right-style: solid !important;border-top-color: #303030 !important;border-top-style: solid&#8230;<\/p>\n","protected":false},"author":1,"featured_media":0,"parent":0,"menu_order":21,"comment_status":"closed","ping_status":"closed","template":"full_width.php","meta":{"footnotes":""},"class_list":["post-29973","page","type-page","status-publish","hentry"],"yoast_head":"<!-- This site is optimized with the Yoast SEO plugin v23.8 - https:\/\/yoast.com\/wordpress\/plugins\/seo\/ -->\n<title>Fondation du Ch\u00e2teau de Grandson | Ch\u00e2teau de Grandson<\/title>\n<meta name=\"robots\" content=\"index, follow, max-snippet:-1, max-image-preview:large, max-video-preview:-1\" \/>\n<link rel=\"canonical\" href=\"https:\/\/old.chateau-grandson.ch\/en\/fondation-du-chateau-de-grandson\/\" \/>\n<meta property=\"og:locale\" content=\"en_US\" \/>\n<meta property=\"og:type\" content=\"article\" \/>\n<meta property=\"og:title\" content=\"Fondation du Ch\u00e2teau de Grandson | Ch\u00e2teau de Grandson\" \/>\n<meta property=\"og:description\" content=\"[vc_row css_animation=&#8221;&#8221; row_type=&#8221;row&#8221; use_row_as_full_screen_section=&#8221;no&#8221; type=&#8221;full_width&#8221; angled_section=&#8221;no&#8221; text_align=&#8221;center&#8221; background_image_as_pattern=&#8221;without_pattern&#8221; z_index=&#8221;&#8221;][vc_column][vc_row_inner row_type=&#8221;row&#8221; type=&#8221;grid&#8221; text_align=&#8221;center&#8221; css_animation=&#8221;&#8221; css=&#8221;.vc_custom_1595430003367{padding-top: 60px !important;}&#8221; el_class=&#8221;titre-page&#8221;][vc_column_inner][vc_column_text css=&#8221;.vc_custom_1596462337410{border-top-width: 1px !important;border-right-width: 1px !important;border-bottom-width: 1px !important;border-left-width: 1px !important;padding-top: 18px !important;padding-right: 35px !important;padding-bottom: 18px !important;padding-left: 35px !important;border-left-color: #303030 !important;border-left-style: solid !important;border-right-color: #303030 !important;border-right-style: solid !important;border-top-color: #303030 !important;border-top-style: solid...\" \/>\n<meta property=\"og:url\" content=\"https:\/\/old.chateau-grandson.ch\/en\/fondation-du-chateau-de-grandson\/\" \/>\n<meta property=\"og:site_name\" content=\"Ch\u00e2teau de Grandson\" \/>\n<meta property=\"article:publisher\" content=\"https:\/\/www.facebook.com\/ChateauDeGrandson\" \/>\n<meta property=\"article:modified_time\" content=\"2025-01-21T17:15:30+00:00\" \/>\n<meta property=\"og:image\" content=\"https:\/\/chateau-grandson.ch\/wp-content\/uploads\/\/2020\/08\/icone-people-1.svg\" \/>\n<meta name=\"twitter:card\" content=\"summary_large_image\" \/>\n<meta name=\"twitter:label1\" content=\"Est. reading time\" \/>\n\t<meta name=\"twitter:data1\" content=\"6 minutes\" \/>\n<script type=\"application\/ld+json\" class=\"yoast-schema-graph\">{\"@context\":\"https:\/\/schema.org\",\"@graph\":[{\"@type\":\"WebPage\",\"@id\":\"https:\/\/old.chateau-grandson.ch\/en\/fondation-du-chateau-de-grandson\/\",\"url\":\"https:\/\/old.chateau-grandson.ch\/en\/fondation-du-chateau-de-grandson\/\",\"name\":\"Fondation du Ch\u00e2teau de Grandson | Ch\u00e2teau de Grandson\",\"isPartOf\":{\"@id\":\"https:\/\/old.chateau-grandson.ch\/en\/#website\"},\"primaryImageOfPage\":{\"@id\":\"https:\/\/old.chateau-grandson.ch\/en\/fondation-du-chateau-de-grandson\/#primaryimage\"},\"image\":{\"@id\":\"https:\/\/old.chateau-grandson.ch\/en\/fondation-du-chateau-de-grandson\/#primaryimage\"},\"thumbnailUrl\":\"https:\/\/chateau-grandson.ch\/wp-content\/uploads\/\/2020\/08\/icone-people-1.svg\",\"datePublished\":\"2020-08-03T13:47:32+00:00\",\"dateModified\":\"2025-01-21T17:15:30+00:00\",\"breadcrumb\":{\"@id\":\"https:\/\/old.chateau-grandson.ch\/en\/fondation-du-chateau-de-grandson\/#breadcrumb\"},\"inLanguage\":\"en-US\",\"potentialAction\":[{\"@type\":\"ReadAction\",\"target\":[\"https:\/\/old.chateau-grandson.ch\/en\/fondation-du-chateau-de-grandson\/\"]}]},{\"@type\":\"ImageObject\",\"inLanguage\":\"en-US\",\"@id\":\"https:\/\/old.chateau-grandson.ch\/en\/fondation-du-chateau-de-grandson\/#primaryimage\",\"url\":\"https:\/\/chateau-grandson.ch\/wp-content\/uploads\/\/2020\/08\/icone-people-1.svg\",\"contentUrl\":\"https:\/\/chateau-grandson.ch\/wp-content\/uploads\/\/2020\/08\/icone-people-1.svg\"},{\"@type\":\"BreadcrumbList\",\"@id\":\"https:\/\/old.chateau-grandson.ch\/en\/fondation-du-chateau-de-grandson\/#breadcrumb\",\"itemListElement\":[{\"@type\":\"ListItem\",\"position\":1,\"name\":\"Accueil\",\"item\":\"https:\/\/old.chateau-grandson.ch\/en\/\"},{\"@type\":\"ListItem\",\"position\":2,\"name\":\"Fondation du Ch\u00e2teau de Grandson\"}]},{\"@type\":\"WebSite\",\"@id\":\"https:\/\/old.chateau-grandson.ch\/en\/#website\",\"url\":\"https:\/\/old.chateau-grandson.ch\/en\/\",\"name\":\"Ch\u00e2teau de Grandson\",\"description\":\"\",\"publisher\":{\"@id\":\"https:\/\/old.chateau-grandson.ch\/en\/#organization\"},\"potentialAction\":[{\"@type\":\"SearchAction\",\"target\":{\"@type\":\"EntryPoint\",\"urlTemplate\":\"https:\/\/old.chateau-grandson.ch\/en\/?s={search_term_string}\"},\"query-input\":{\"@type\":\"PropertyValueSpecification\",\"valueRequired\":true,\"valueName\":\"search_term_string\"}}],\"inLanguage\":\"en-US\"},{\"@type\":\"Organization\",\"@id\":\"https:\/\/old.chateau-grandson.ch\/en\/#organization\",\"name\":\"Ch\u00e2teau de Grandson\",\"url\":\"https:\/\/old.chateau-grandson.ch\/en\/\",\"logo\":{\"@type\":\"ImageObject\",\"inLanguage\":\"en-US\",\"@id\":\"https:\/\/old.chateau-grandson.ch\/en\/#\/schema\/logo\/image\/\",\"url\":\"https:\/\/chateau-grandson.ch\/wp-content\/uploads\/2020\/07\/logo-chateau-grandson.svg\",\"contentUrl\":\"https:\/\/chateau-grandson.ch\/wp-content\/uploads\/2020\/07\/logo-chateau-grandson.svg\",\"width\":440,\"height\":271,\"caption\":\"Ch\u00e2teau de Grandson\"},\"image\":{\"@id\":\"https:\/\/old.chateau-grandson.ch\/en\/#\/schema\/logo\/image\/\"},\"sameAs\":[\"https:\/\/www.facebook.com\/ChateauDeGrandson\",\"https:\/\/www.instagram.com\/chateau_de_grandson\/\"]}]}<\/script>\n<!-- \/ Yoast SEO plugin. -->","yoast_head_json":{"title":"Fondation du Ch\u00e2teau de Grandson | Ch\u00e2teau de Grandson","robots":{"index":"index","follow":"follow","max-snippet":"max-snippet:-1","max-image-preview":"max-image-preview:large","max-video-preview":"max-video-preview:-1"},"canonical":"https:\/\/old.chateau-grandson.ch\/en\/fondation-du-chateau-de-grandson\/","og_locale":"en_US","og_type":"article","og_title":"Fondation du Ch\u00e2teau de Grandson | Ch\u00e2teau de Grandson","og_description":"[vc_row css_animation=&#8221;&#8221; row_type=&#8221;row&#8221; use_row_as_full_screen_section=&#8221;no&#8221; type=&#8221;full_width&#8221; angled_section=&#8221;no&#8221; text_align=&#8221;center&#8221; background_image_as_pattern=&#8221;without_pattern&#8221; z_index=&#8221;&#8221;][vc_column][vc_row_inner row_type=&#8221;row&#8221; type=&#8221;grid&#8221; text_align=&#8221;center&#8221; css_animation=&#8221;&#8221; css=&#8221;.vc_custom_1595430003367{padding-top: 60px !important;}&#8221; el_class=&#8221;titre-page&#8221;][vc_column_inner][vc_column_text css=&#8221;.vc_custom_1596462337410{border-top-width: 1px !important;border-right-width: 1px !important;border-bottom-width: 1px !important;border-left-width: 1px !important;padding-top: 18px !important;padding-right: 35px !important;padding-bottom: 18px !important;padding-left: 35px !important;border-left-color: #303030 !important;border-left-style: solid !important;border-right-color: #303030 !important;border-right-style: solid !important;border-top-color: #303030 !important;border-top-style: solid...","og_url":"https:\/\/old.chateau-grandson.ch\/en\/fondation-du-chateau-de-grandson\/","og_site_name":"Ch\u00e2teau de Grandson","article_publisher":"https:\/\/www.facebook.com\/ChateauDeGrandson","article_modified_time":"2025-01-21T17:15:30+00:00","og_image":[{"url":"https:\/\/chateau-grandson.ch\/wp-content\/uploads\/\/2020\/08\/icone-people-1.svg"}],"twitter_card":"summary_large_image","twitter_misc":{"Est. reading time":"6 minutes"},"schema":{"@context":"https:\/\/schema.org","@graph":[{"@type":"WebPage","@id":"https:\/\/old.chateau-grandson.ch\/en\/fondation-du-chateau-de-grandson\/","url":"https:\/\/old.chateau-grandson.ch\/en\/fondation-du-chateau-de-grandson\/","name":"Fondation du Ch\u00e2teau de Grandson | Ch\u00e2teau de Grandson","isPartOf":{"@id":"https:\/\/old.chateau-grandson.ch\/en\/#website"},"primaryImageOfPage":{"@id":"https:\/\/old.chateau-grandson.ch\/en\/fondation-du-chateau-de-grandson\/#primaryimage"},"image":{"@id":"https:\/\/old.chateau-grandson.ch\/en\/fondation-du-chateau-de-grandson\/#primaryimage"},"thumbnailUrl":"https:\/\/chateau-grandson.ch\/wp-content\/uploads\/\/2020\/08\/icone-people-1.svg","datePublished":"2020-08-03T13:47:32+00:00","dateModified":"2025-01-21T17:15:30+00:00","breadcrumb":{"@id":"https:\/\/old.chateau-grandson.ch\/en\/fondation-du-chateau-de-grandson\/#breadcrumb"},"inLanguage":"en-US","potentialAction":[{"@type":"ReadAction","target":["https:\/\/old.chateau-grandson.ch\/en\/fondation-du-chateau-de-grandson\/"]}]},{"@type":"ImageObject","inLanguage":"en-US","@id":"https:\/\/old.chateau-grandson.ch\/en\/fondation-du-chateau-de-grandson\/#primaryimage","url":"https:\/\/chateau-grandson.ch\/wp-content\/uploads\/\/2020\/08\/icone-people-1.svg","contentUrl":"https:\/\/chateau-grandson.ch\/wp-content\/uploads\/\/2020\/08\/icone-people-1.svg"},{"@type":"BreadcrumbList","@id":"https:\/\/old.chateau-grandson.ch\/en\/fondation-du-chateau-de-grandson\/#breadcrumb","itemListElement":[{"@type":"ListItem","position":1,"name":"Accueil","item":"https:\/\/old.chateau-grandson.ch\/en\/"},{"@type":"ListItem","position":2,"name":"Fondation du Ch\u00e2teau de Grandson"}]},{"@type":"WebSite","@id":"https:\/\/old.chateau-grandson.ch\/en\/#website","url":"https:\/\/old.chateau-grandson.ch\/en\/","name":"Ch\u00e2teau de Grandson","description":"","publisher":{"@id":"https:\/\/old.chateau-grandson.ch\/en\/#organization"},"potentialAction":[{"@type":"SearchAction","target":{"@type":"EntryPoint","urlTemplate":"https:\/\/old.chateau-grandson.ch\/en\/?s={search_term_string}"},"query-input":{"@type":"PropertyValueSpecification","valueRequired":true,"valueName":"search_term_string"}}],"inLanguage":"en-US"},{"@type":"Organization","@id":"https:\/\/old.chateau-grandson.ch\/en\/#organization","name":"Ch\u00e2teau de Grandson","url":"https:\/\/old.chateau-grandson.ch\/en\/","logo":{"@type":"ImageObject","inLanguage":"en-US","@id":"https:\/\/old.chateau-grandson.ch\/en\/#\/schema\/logo\/image\/","url":"https:\/\/chateau-grandson.ch\/wp-content\/uploads\/2020\/07\/logo-chateau-grandson.svg","contentUrl":"https:\/\/chateau-grandson.ch\/wp-content\/uploads\/2020\/07\/logo-chateau-grandson.svg","width":440,"height":271,"caption":"Ch\u00e2teau de Grandson"},"image":{"@id":"https:\/\/old.chateau-grandson.ch\/en\/#\/schema\/logo\/image\/"},"sameAs":["https:\/\/www.facebook.com\/ChateauDeGrandson","https:\/\/www.instagram.com\/chateau_de_grandson\/"]}]}},"_links":{"self":[{"href":"https:\/\/old.chateau-grandson.ch\/en\/wp-json\/wp\/v2\/pages\/29973"}],"collection":[{"href":"https:\/\/old.chateau-grandson.ch\/en\/wp-json\/wp\/v2\/pages"}],"about":[{"href":"https:\/\/old.chateau-grandson.ch\/en\/wp-json\/wp\/v2\/types\/page"}],"author":[{"embeddable":true,"href":"https:\/\/old.chateau-grandson.ch\/en\/wp-json\/wp\/v2\/users\/1"}],"replies":[{"embeddable":true,"href":"https:\/\/old.chateau-grandson.ch\/en\/wp-json\/wp\/v2\/comments?post=29973"}],"version-history":[{"count":43,"href":"https:\/\/old.chateau-grandson.ch\/en\/wp-json\/wp\/v2\/pages\/29973\/revisions"}],"predecessor-version":[{"id":35786,"href":"https:\/\/old.chateau-grandson.ch\/en\/wp-json\/wp\/v2\/pages\/29973\/revisions\/35786"}],"wp:attachment":[{"href":"https:\/\/old.chateau-grandson.ch\/en\/wp-json\/wp\/v2\/media?parent=29973"}],"curies":[{"name":"wp","href":"https:\/\/api.w.org\/{rel}","templated":true}]}}