{"id":29062,"date":"2020-07-23T09:28:38","date_gmt":"2020-07-23T07:28:38","guid":{"rendered":"https:\/\/chateau-grandson.ch\/?page_id=29062"},"modified":"2023-12-04T10:26:10","modified_gmt":"2023-12-04T09:26:10","slug":"histoire","status":"publish","type":"page","link":"https:\/\/old.chateau-grandson.ch\/fr\/histoire\/","title":{"rendered":"Histoire"},"content":{"rendered":"<div class=\"wpb-content-wrapper\"><p>[vc_row css_animation=\u00a0\u00bb\u00a0\u00bb row_type=\u00a0\u00bbrow\u00a0\u00bb use_row_as_full_screen_section=\u00a0\u00bbno\u00a0\u00bb type=\u00a0\u00bbfull_width\u00a0\u00bb angled_section=\u00a0\u00bbno\u00a0\u00bb text_align=\u00a0\u00bbcenter\u00a0\u00bb background_image_as_pattern=\u00a0\u00bbwithout_pattern\u00a0\u00bb z_index=\u00a0\u00bb\u00a0\u00bb][vc_column][vc_row_inner row_type=\u00a0\u00bbrow\u00a0\u00bb type=\u00a0\u00bbgrid\u00a0\u00bb text_align=\u00a0\u00bbcenter\u00a0\u00bb css_animation=\u00a0\u00bb\u00a0\u00bb css=\u00a0\u00bb.vc_custom_1595430003367{padding-top: 60px !important;}\u00a0\u00bb el_class=\u00a0\u00bbtitre-page\u00a0\u00bb][vc_column_inner][vc_column_text css=\u00a0\u00bb.vc_custom_1595488062094{border-top-width: 1px !important;border-right-width: 1px !important;border-bottom-width: 1px !important;border-left-width: 1px !important;padding-top: 18px !important;padding-right: 35px !important;padding-bottom: 18px !important;padding-left: 35px !important;border-left-color: #303030 !important;border-left-style: solid !important;border-right-color: #303030 !important;border-right-style: solid !important;border-top-color: #303030 !important;border-top-style: solid !important;border-bottom-color: #303030 !important;border-bottom-style: solid !important;}\u00a0\u00bb]<\/p>\n<h1>L&rsquo;histoire du ch\u00e2teau<\/h1>\n<p>[\/vc_column_text][\/vc_column_inner][\/vc_row_inner]<div class=\"qode_vertical_separator\" style=\"height: 80px;width: 1px;background-color: #232323;margin: 60px 0 0 0\">\n<\/div>[vc_row_inner row_type=\u00a0\u00bbrow\u00a0\u00bb type=\u00a0\u00bbfull_width\u00a0\u00bb text_align=\u00a0\u00bbcenter\u00a0\u00bb css_animation=\u00a0\u00bb\u00a0\u00bb css=\u00a0\u00bb.vc_custom_1595506290503{margin-top: -9px !important;}\u00a0\u00bb][vc_column_inner]<span data-type=\"normal\" data-hover-icon-color=\"#303030\" class=\"qode_icon_shortcode  q_font_awsome_icon fa-lg  \" style=\" \"><i class=\"qode_icon_font_awesome fa fa-circle qode_icon_element\" style=\"color: #303030;\" ><\/i><\/span>[qode_elements_holder number_of_columns=\u00a0\u00bbtwo_columns\u00a0\u00bb switch_to_one_column=\u00a0\u00bb768&Prime; alignment_one_column=\u00a0\u00bbleft\u00a0\u00bb][qode_elements_holder_item vertical_alignment=\u00a0\u00bbmiddle\u00a0\u00bb horizontal_alignment=\u00a0\u00bbright\u00a0\u00bb advanced_animations=\u00a0\u00bbyes\u00a0\u00bb start_position=\u00a0\u00bbcenter\u00a0\u00bb end_position=\u00a0\u00bbcenter\u00a0\u00bb item_padding_1280_1440=\u00a0\u00bb0 150px 0 150px\u00a0\u00bb item_padding_1024_1280=\u00a0\u00bb0 120px 0 120px\u00a0\u00bb item_padding_768_1024=\u00a0\u00bb0 60px 0 60px\u00a0\u00bb item_padding_600_768=\u00a0\u00bb0 60px 0 60px\u00a0\u00bb item_padding_480_600=\u00a0\u00bb0 30px 0 30px\u00a0\u00bb item_padding_480=\u00a0\u00bb0 30px 0 30px\u00a0\u00bb item_padding=\u00a0\u00bb0 85px 0 150px\u00a0\u00bb custom_class=\u00a0\u00bbborder-right\u00a0\u00bb][vc_column_text css=\u00a0\u00bb.vc_custom_1649940885666{padding-top: 30px !important;padding-bottom: 30px !important;}\u00a0\u00bb]<\/p>\n<h2>Au c\u0153ur de l\u2019histoire europ\u00e9enne<\/h2>\n<p>&nbsp;<\/p>\n<p>Surplombant le lac de Neuch\u00e2tel, cette imposante forteresse gothique du XIII<sup>\u00e8me<\/sup>&#8211; XIV<sup>\u00e8me<\/sup> si\u00e8cle, si\u00e8ge de la noble famille vaudoise des Grandson, s\u2019est retrouv\u00e9e au c\u0153ur de l\u2019histoire europ\u00e9enne lors des Guerres de Bourgogne (1474-1477) opposant Charles le T\u00e9m\u00e9raire aux Conf\u00e9d\u00e9r\u00e9s et dont les \u00e9chos de la bataille de Grandson (1476) r\u00e9sonnent encore dans la m\u00e9moire collective helv\u00e9tique.[\/vc_column_text][\/qode_elements_holder_item][qode_elements_holder_item vertical_alignment=\u00a0\u00bbmiddle\u00a0\u00bb horizontal_alignment=\u00a0\u00bbcenter\u00a0\u00bb advanced_animations=\u00a0\u00bbno\u00a0\u00bb custom_class=\u00a0\u00bbimg-right\u00a0\u00bb item_padding=\u00a0\u00bb30px\u00a0\u00bb][vc_single_image image=\u00a0\u00bb29489&Prime; img_size=\u00a0\u00bblarge\u00a0\u00bb alignment=\u00a0\u00bbcenter\u00a0\u00bb qode_css_animation=\u00a0\u00bb\u00a0\u00bb][\/qode_elements_holder_item][\/qode_elements_holder][\/vc_column_inner][\/vc_row_inner][vc_row_inner row_type=\u00a0\u00bbrow\u00a0\u00bb type=\u00a0\u00bbfull_width\u00a0\u00bb text_align=\u00a0\u00bbcenter\u00a0\u00bb css_animation=\u00a0\u00bb\u00a0\u00bb][vc_column_inner]<span data-type=\"normal\" data-hover-icon-color=\"#303030\" class=\"qode_icon_shortcode  q_font_awsome_icon fa-lg  \" style=\" \"><i class=\"qode_icon_font_awesome fa fa-circle qode_icon_element\" style=\"color: #303030;\" ><\/i><\/span>[qode_elements_holder number_of_columns=\u00a0\u00bbtwo_columns\u00a0\u00bb switch_to_one_column=\u00a0\u00bb768&Prime; alignment_one_column=\u00a0\u00bbleft\u00a0\u00bb][qode_elements_holder_item vertical_alignment=\u00a0\u00bbmiddle\u00a0\u00bb horizontal_alignment=\u00a0\u00bbcenter\u00a0\u00bb advanced_animations=\u00a0\u00bbno\u00a0\u00bb custom_class=\u00a0\u00bbimp-left\u00a0\u00bb item_padding=\u00a0\u00bb30px\u00a0\u00bb][vc_single_image image=\u00a0\u00bb29486&Prime; img_size=\u00a0\u00bblarge\u00a0\u00bb alignment=\u00a0\u00bbcenter\u00a0\u00bb qode_css_animation=\u00a0\u00bb\u00a0\u00bb][\/qode_elements_holder_item][qode_elements_holder_item vertical_alignment=\u00a0\u00bbmiddle\u00a0\u00bb horizontal_alignment=\u00a0\u00bbleft\u00a0\u00bb advanced_animations=\u00a0\u00bbyes\u00a0\u00bb start_position=\u00a0\u00bbcenter\u00a0\u00bb end_position=\u00a0\u00bbcenter\u00a0\u00bb item_padding_1280_1440=\u00a0\u00bb0 150px 0 150px\u00a0\u00bb item_padding_1024_1280=\u00a0\u00bb0 120px 0 120px\u00a0\u00bb item_padding_768_1024=\u00a0\u00bb0 60px 0 60px\u00a0\u00bb item_padding_600_768=\u00a0\u00bb0 60px 0 60px\u00a0\u00bb item_padding_480_600=\u00a0\u00bb0 30px 0 30px\u00a0\u00bb item_padding_480=\u00a0\u00bb0 30px 0 30px\u00a0\u00bb item_padding=\u00a0\u00bb0 150px 0 85px\u00a0\u00bb custom_class=\u00a0\u00bbborder-left\u00a0\u00bb][vc_column_text css=\u00a0\u00bb.vc_custom_1678781739051{padding-top: 30px !important;padding-bottom: 30px !important;}\u00a0\u00bb]<\/p>\n<h2>Le Ch\u00e2teau de tous les superlatifs<\/h2>\n<p>&nbsp;<\/p>\n<p>Avec ses 40 m\u00e8tres de hauteur de fa\u00e7ade cumul\u00e9e, ses immenses remparts et son chemin de ronde de plus de 150 m\u00e8tres de circonf\u00e9rence, la place forte de Grandson est l&rsquo;un des plus grands ch\u00e2teaux de Suisse (class\u00e9 en note 1). Vision ambitieuse d\u2019Othon I<sup>er<\/sup>, seigneur de Grandson, la forteresse est un splendide exemple d\u2019architecture castrale du XIII<sup>\u00e8me<\/sup> si\u00e8cle.[\/vc_column_text][\/qode_elements_holder_item][\/qode_elements_holder][\/vc_column_inner][\/vc_row_inner][vc_row_inner row_type=\u00a0\u00bbrow\u00a0\u00bb type=\u00a0\u00bbfull_width\u00a0\u00bb text_align=\u00a0\u00bbcenter\u00a0\u00bb css_animation=\u00a0\u00bb\u00a0\u00bb][vc_column_inner]<span data-type=\"normal\" data-hover-icon-color=\"#303030\" class=\"qode_icon_shortcode  q_font_awsome_icon fa-lg  \" style=\" \"><i class=\"qode_icon_font_awesome fa fa-circle qode_icon_element\" style=\"color: #303030;\" ><\/i><\/span>[qode_elements_holder number_of_columns=\u00a0\u00bbtwo_columns\u00a0\u00bb switch_to_one_column=\u00a0\u00bb768&Prime; alignment_one_column=\u00a0\u00bbleft\u00a0\u00bb][qode_elements_holder_item vertical_alignment=\u00a0\u00bbmiddle\u00a0\u00bb horizontal_alignment=\u00a0\u00bbright\u00a0\u00bb advanced_animations=\u00a0\u00bbyes\u00a0\u00bb start_position=\u00a0\u00bbcenter\u00a0\u00bb end_position=\u00a0\u00bbcenter\u00a0\u00bb item_padding_1280_1440=\u00a0\u00bb0 150px 0 150px\u00a0\u00bb item_padding_1024_1280=\u00a0\u00bb0 120px 0 120px\u00a0\u00bb item_padding_768_1024=\u00a0\u00bb0 60px 0 60px\u00a0\u00bb item_padding_600_768=\u00a0\u00bb0 60px 0 60px\u00a0\u00bb item_padding_480_600=\u00a0\u00bb0 30px 0 30px\u00a0\u00bb item_padding_480=\u00a0\u00bb0 30px 0 30px\u00a0\u00bb item_padding=\u00a0\u00bb0 85px 0 150px\u00a0\u00bb custom_class=\u00a0\u00bbborder-right\u00a0\u00bb][vc_column_text css=\u00a0\u00bb.vc_custom_1595861739916{padding-top: 30px !important;padding-bottom: 30px !important;}\u00a0\u00bb]<\/p>\n<h2>Un mill\u00e9naire d\u2019histoire<\/h2>\n<p>&nbsp;<\/p>\n<p>Avec une premi\u00e8re mention vers 1050, le ch\u00e2teau de Grandson a travers\u00e9 quasiment un mill\u00e9naire d\u2019histoire, sous une dizaine de propri\u00e9taires diff\u00e9rents. De la famille de Grandson, \u00e0 la maison bourguignonne de Chalon, des trois si\u00e8cles de baillage berno-fribourgeois \u00e0 la famille Blonay, de l\u2019\u00e9poque des \u00e9curies automobiles Filipinetti jusqu\u2019aux collections de la Stiftung f\u00fcr Kunst, Kultur und Geschichte.[\/vc_column_text]<a  itemprop=\"url\" href=\"https:\/\/chateau-grandson.ch\/wp-content\/uploads\/2021\/01\/histoire-FR-verslongue.pdf\" target=\"_blank\"  class=\"qbutton  default\" style=\"\">en savoir +<\/a>[\/qode_elements_holder_item][qode_elements_holder_item vertical_alignment=\u00a0\u00bbmiddle\u00a0\u00bb horizontal_alignment=\u00a0\u00bbcenter\u00a0\u00bb advanced_animations=\u00a0\u00bbno\u00a0\u00bb custom_class=\u00a0\u00bbimg-right\u00a0\u00bb item_padding=\u00a0\u00bb30px\u00a0\u00bb][vc_single_image image=\u00a0\u00bb29485&Prime; img_size=\u00a0\u00bblarge\u00a0\u00bb alignment=\u00a0\u00bbcenter\u00a0\u00bb qode_css_animation=\u00a0\u00bb\u00a0\u00bb][\/qode_elements_holder_item][\/qode_elements_holder][\/vc_column_inner][\/vc_row_inner][vc_row_inner row_type=\u00a0\u00bbrow\u00a0\u00bb type=\u00a0\u00bbfull_width\u00a0\u00bb text_align=\u00a0\u00bbcenter\u00a0\u00bb css_animation=\u00a0\u00bb\u00a0\u00bb][vc_column_inner]<span data-type=\"normal\" data-hover-icon-color=\"#303030\" class=\"qode_icon_shortcode  q_font_awsome_icon fa-lg  \" style=\" \"><i class=\"qode_icon_font_awesome fa fa-circle qode_icon_element\" style=\"color: #303030;\" ><\/i><\/span>[qode_elements_holder number_of_columns=\u00a0\u00bbtwo_columns\u00a0\u00bb switch_to_one_column=\u00a0\u00bb768&Prime; alignment_one_column=\u00a0\u00bbleft\u00a0\u00bb][qode_elements_holder_item vertical_alignment=\u00a0\u00bbmiddle\u00a0\u00bb horizontal_alignment=\u00a0\u00bbcenter\u00a0\u00bb advanced_animations=\u00a0\u00bbno\u00a0\u00bb custom_class=\u00a0\u00bbimp-left\u00a0\u00bb item_padding=\u00a0\u00bb30px\u00a0\u00bb][vc_single_image image=\u00a0\u00bb29488&Prime; img_size=\u00a0\u00bblarge\u00a0\u00bb alignment=\u00a0\u00bbcenter\u00a0\u00bb qode_css_animation=\u00a0\u00bb\u00a0\u00bb][\/qode_elements_holder_item][qode_elements_holder_item vertical_alignment=\u00a0\u00bbmiddle\u00a0\u00bb horizontal_alignment=\u00a0\u00bbleft\u00a0\u00bb advanced_animations=\u00a0\u00bbyes\u00a0\u00bb start_position=\u00a0\u00bbcenter\u00a0\u00bb end_position=\u00a0\u00bbcenter\u00a0\u00bb item_padding_1280_1440=\u00a0\u00bb0 150px 0 150px\u00a0\u00bb item_padding_1024_1280=\u00a0\u00bb0 120px 0 120px\u00a0\u00bb item_padding_768_1024=\u00a0\u00bb0 60px 0 60px\u00a0\u00bb item_padding_600_768=\u00a0\u00bb0 60px 0 60px\u00a0\u00bb item_padding_480_600=\u00a0\u00bb0 30px 0 30px\u00a0\u00bb item_padding_480=\u00a0\u00bb0 30px 0 30px\u00a0\u00bb item_padding=\u00a0\u00bb0 150px 0 85px\u00a0\u00bb custom_class=\u00a0\u00bbborder-left\u00a0\u00bb][vc_column_text css=\u00a0\u00bb.vc_custom_1595861422071{padding-top: 30px !important;padding-bottom: 30px !important;}\u00a0\u00bb]<\/p>\n<h2>Treize ans de restauration patrimoniale<\/h2>\n<p>&nbsp;<\/p>\n<p>Avec le soutien des autorit\u00e9s communales, cantonales et f\u00e9d\u00e9rales et d\u2019autres intervenants institutionnels, ce monument d\u2019importance nationale b\u00e9n\u00e9ficie d\u2019une restauration patrimoniale int\u00e9grale depuis 2012 et pour une dur\u00e9e de treize ans. Une intervention dans le but de sauvegarder, mieux comprendre et mettre en avant cet exceptionnel h\u00e9ritage b\u00e2ti.[\/vc_column_text][vc_column_text css=\u00a0\u00bb.vc_custom_1595861429001{padding-top: 30px !important;padding-bottom: 30px !important;}\u00a0\u00bb]<\/p>\n<h4>Nos partenaires<\/h4>\n<p>[\/vc_column_text][qode_clients columns=\u00a0\u00bbfour_columns\u00a0\u00bb hover_effect=\u00a0\u00bbswitch_img\u00a0\u00bb switch_effect=\u00a0\u00bbswitch_fade\u00a0\u00bb disable_separators=\u00a0\u00bb\u00a0\u00bb][qode_client link_target=\u00a0\u00bb_blank\u00a0\u00bb image=\u00a0\u00bb29426&Prime; link=\u00a0\u00bbhttps:\/\/skkg.ch\/?lang=fr\u00a0\u00bb hover_image=\u00a0\u00bb29427&Prime;][qode_client link_target=\u00a0\u00bb_blank\u00a0\u00bb image=\u00a0\u00bb29422&Prime; link=\u00a0\u00bbhttps:\/\/www.loro.ch\/fr\u00a0\u00bb hover_image=\u00a0\u00bb29423&Prime;][qode_client link_target=\u00a0\u00bb_blank\u00a0\u00bb image=\u00a0\u00bb29416&Prime; link=\u00a0\u00bbhttps:\/\/www.eca-vaud.ch\u00a0\u00bb hover_image=\u00a0\u00bb29417&Prime;][qode_client link_target=\u00a0\u00bb_blank\u00a0\u00bb image=\u00a0\u00bb29414&Prime; link=\u00a0\u00bbhttps:\/\/www.bak.admin.ch\/bak\/fr\/home.html\u00a0\u00bb hover_image=\u00a0\u00bb29415&Prime;][qode_client link_target=\u00a0\u00bb_blank\u00a0\u00bb image=\u00a0\u00bb29410&Prime; link=\u00a0\u00bbhttps:\/\/www.vd.ch\u00a0\u00bb hover_image=\u00a0\u00bb29411&Prime;][qode_client link_target=\u00a0\u00bb_blank\u00a0\u00bb image=\u00a0\u00bb29420&Prime; link=\u00a0\u00bbhttps:\/\/grandson.lionsclub.ch\/fr\/index.html\u00a0\u00bb hover_image=\u00a0\u00bb29421&Prime;][qode_client link_target=\u00a0\u00bb_blank\u00a0\u00bb image=\u00a0\u00bb29418&Prime; link=\u00a0\u00bbhttp:\/\/www.ernst-goehner-stiftung.ch\/index.php\/fr\u00a0\u00bb hover_image=\u00a0\u00bb29419&Prime;][\/qode_clients][vc_column_text css=\u00a0\u00bb.vc_custom_1607519284770{padding-top: 30px !important;padding-bottom: 30px !important;}\u00a0\u00bb]Et les partenaires suivants qui nous ont assur\u00e9 de leur soutien financier pour le projet de renouveau mus\u00e9al:[\/vc_column_text][qode_clients columns=\u00a0\u00bbfour_columns\u00a0\u00bb hover_effect=\u00a0\u00bbswitch_img\u00a0\u00bb switch_effect=\u00a0\u00bbswitch_fade\u00a0\u00bb disable_separators=\u00a0\u00bb\u00a0\u00bb][qode_client link_target=\u00a0\u00bb_blank\u00a0\u00bb image=\u00a0\u00bb29434&Prime; link=\u00a0\u00bbhttps:\/\/www.grandson.ch\u00a0\u00bb hover_image=\u00a0\u00bb29435&Prime;][qode_client link_target=\u00a0\u00bb_blank\u00a0\u00bb image=\u00a0\u00bb29412&Prime; link=\u00a0\u00bbhttps:\/\/www.fondation-cepy.ch\u00a0\u00bb hover_image=\u00a0\u00bb29413&Prime;][qode_client link_target=\u00a0\u00bb_blank\u00a0\u00bb image=\u00a0\u00bb29410&Prime; link=\u00a0\u00bbhttps:\/\/www.vd.ch\/toutes-les-autorites\/departements\/departement-de-leconomie-de-linnovation-et-du-sport-deis\/service-de-la-promotion-de-leconomie-et-de-linnovation-spei\/\u00a0\u00bb hover_image=\u00a0\u00bb29411&Prime;][qode_client link_target=\u00a0\u00bb_blank\u00a0\u00bb image=\u00a0\u00bb29424&Prime; link=\u00a0\u00bbhttps:\/\/www.propatria.ch\/fr\/\u00a0\u00bb hover_image=\u00a0\u00bb29425&Prime;][\/qode_clients][\/qode_elements_holder_item][\/qode_elements_holder]<span data-type=\"normal\" data-hover-icon-color=\"#303030\" class=\"qode_icon_shortcode  q_font_awsome_icon fa-lg  \" style=\" \"><i class=\"qode_icon_font_awesome fa fa-circle qode_icon_element\" style=\"color: #303030;\" ><\/i><\/span>[\/vc_column_inner][\/vc_row_inner]<div class=\"qode_vertical_separator\" style=\"height: 80px;width: 1px;background-color: #232323;margin: 0 0 60px 0\">\n<\/div>[\/vc_column][\/vc_row]<\/p>\n<\/div>","protected":false},"excerpt":{"rendered":"<p>[vc_row css_animation=\u00a0\u00bb\u00a0\u00bb row_type=\u00a0\u00bbrow\u00a0\u00bb use_row_as_full_screen_section=\u00a0\u00bbno\u00a0\u00bb type=\u00a0\u00bbfull_width\u00a0\u00bb angled_section=\u00a0\u00bbno\u00a0\u00bb text_align=\u00a0\u00bbcenter\u00a0\u00bb background_image_as_pattern=\u00a0\u00bbwithout_pattern\u00a0\u00bb z_index=\u00a0\u00bb\u00a0\u00bb][vc_column][vc_row_inner row_type=\u00a0\u00bbrow\u00a0\u00bb type=\u00a0\u00bbgrid\u00a0\u00bb text_align=\u00a0\u00bbcenter\u00a0\u00bb css_animation=\u00a0\u00bb\u00a0\u00bb css=\u00a0\u00bb.vc_custom_1595430003367{padding-top: 60px !important;}\u00a0\u00bb el_class=\u00a0\u00bbtitre-page\u00a0\u00bb][vc_column_inner][vc_column_text css=\u00a0\u00bb.vc_custom_1595488062094{border-top-width: 1px !important;border-right-width: 1px !important;border-bottom-width: 1px !important;border-left-width: 1px !important;padding-top: 18px !important;padding-right: 35px !important;padding-bottom: 18px !important;padding-left: 35px !important;border-left-color: #303030 !important;border-left-style: solid !important;border-right-color: #303030 !important;border-right-style: solid !important;border-top-color: #303030 !important;border-top-style: solid&#8230;<\/p>\n","protected":false},"author":1,"featured_media":0,"parent":0,"menu_order":24,"comment_status":"closed","ping_status":"closed","template":"full_width.php","meta":{"footnotes":""},"class_list":["post-29062","page","type-page","status-publish","hentry"],"yoast_head":"<!-- This site is optimized with the Yoast SEO plugin v23.8 - https:\/\/yoast.com\/wordpress\/plugins\/seo\/ -->\n<title>Histoire | Ch\u00e2teau de Grandson<\/title>\n<meta name=\"robots\" content=\"index, follow, max-snippet:-1, max-image-preview:large, max-video-preview:-1\" \/>\n<link rel=\"canonical\" href=\"https:\/\/old.chateau-grandson.ch\/fr\/histoire\/\" \/>\n<meta property=\"og:locale\" content=\"fr_FR\" \/>\n<meta property=\"og:type\" content=\"article\" \/>\n<meta property=\"og:title\" content=\"Histoire | Ch\u00e2teau de Grandson\" \/>\n<meta property=\"og:description\" content=\"[vc_row css_animation=\u00a0\u00bb\u00a0\u00bb row_type=\u00a0\u00bbrow\u00a0\u00bb use_row_as_full_screen_section=\u00a0\u00bbno\u00a0\u00bb type=\u00a0\u00bbfull_width\u00a0\u00bb angled_section=\u00a0\u00bbno\u00a0\u00bb text_align=\u00a0\u00bbcenter\u00a0\u00bb background_image_as_pattern=\u00a0\u00bbwithout_pattern\u00a0\u00bb z_index=\u00a0\u00bb\u00a0\u00bb][vc_column][vc_row_inner row_type=\u00a0\u00bbrow\u00a0\u00bb type=\u00a0\u00bbgrid\u00a0\u00bb text_align=\u00a0\u00bbcenter\u00a0\u00bb css_animation=\u00a0\u00bb\u00a0\u00bb css=\u00a0\u00bb.vc_custom_1595430003367{padding-top: 60px !important;}\u00a0\u00bb el_class=\u00a0\u00bbtitre-page\u00a0\u00bb][vc_column_inner][vc_column_text css=\u00a0\u00bb.vc_custom_1595488062094{border-top-width: 1px !important;border-right-width: 1px !important;border-bottom-width: 1px !important;border-left-width: 1px !important;padding-top: 18px !important;padding-right: 35px !important;padding-bottom: 18px !important;padding-left: 35px !important;border-left-color: #303030 !important;border-left-style: solid !important;border-right-color: #303030 !important;border-right-style: solid !important;border-top-color: #303030 !important;border-top-style: solid...\" \/>\n<meta property=\"og:url\" content=\"https:\/\/old.chateau-grandson.ch\/fr\/histoire\/\" \/>\n<meta property=\"og:site_name\" content=\"Ch\u00e2teau de Grandson\" \/>\n<meta property=\"article:publisher\" content=\"https:\/\/www.facebook.com\/ChateauDeGrandson\" \/>\n<meta property=\"article:modified_time\" content=\"2023-12-04T09:26:10+00:00\" \/>\n<meta name=\"twitter:card\" content=\"summary_large_image\" \/>\n<script type=\"application\/ld+json\" class=\"yoast-schema-graph\">{\"@context\":\"https:\/\/schema.org\",\"@graph\":[{\"@type\":\"WebPage\",\"@id\":\"https:\/\/old.chateau-grandson.ch\/fr\/histoire\/\",\"url\":\"https:\/\/old.chateau-grandson.ch\/fr\/histoire\/\",\"name\":\"Histoire | Ch\u00e2teau de Grandson\",\"isPartOf\":{\"@id\":\"https:\/\/old.chateau-grandson.ch\/fr\/#website\"},\"datePublished\":\"2020-07-23T07:28:38+00:00\",\"dateModified\":\"2023-12-04T09:26:10+00:00\",\"breadcrumb\":{\"@id\":\"https:\/\/old.chateau-grandson.ch\/fr\/histoire\/#breadcrumb\"},\"inLanguage\":\"fr-FR\",\"potentialAction\":[{\"@type\":\"ReadAction\",\"target\":[\"https:\/\/old.chateau-grandson.ch\/fr\/histoire\/\"]}]},{\"@type\":\"BreadcrumbList\",\"@id\":\"https:\/\/old.chateau-grandson.ch\/fr\/histoire\/#breadcrumb\",\"itemListElement\":[{\"@type\":\"ListItem\",\"position\":1,\"name\":\"Accueil\",\"item\":\"https:\/\/old.chateau-grandson.ch\/fr\/\"},{\"@type\":\"ListItem\",\"position\":2,\"name\":\"Histoire\"}]},{\"@type\":\"WebSite\",\"@id\":\"https:\/\/old.chateau-grandson.ch\/fr\/#website\",\"url\":\"https:\/\/old.chateau-grandson.ch\/fr\/\",\"name\":\"Ch\u00e2teau de Grandson\",\"description\":\"\",\"publisher\":{\"@id\":\"https:\/\/old.chateau-grandson.ch\/fr\/#organization\"},\"potentialAction\":[{\"@type\":\"SearchAction\",\"target\":{\"@type\":\"EntryPoint\",\"urlTemplate\":\"https:\/\/old.chateau-grandson.ch\/fr\/?s={search_term_string}\"},\"query-input\":{\"@type\":\"PropertyValueSpecification\",\"valueRequired\":true,\"valueName\":\"search_term_string\"}}],\"inLanguage\":\"fr-FR\"},{\"@type\":\"Organization\",\"@id\":\"https:\/\/old.chateau-grandson.ch\/fr\/#organization\",\"name\":\"Ch\u00e2teau de Grandson\",\"url\":\"https:\/\/old.chateau-grandson.ch\/fr\/\",\"logo\":{\"@type\":\"ImageObject\",\"inLanguage\":\"fr-FR\",\"@id\":\"https:\/\/old.chateau-grandson.ch\/fr\/#\/schema\/logo\/image\/\",\"url\":\"https:\/\/chateau-grandson.ch\/wp-content\/uploads\/2020\/07\/logo-chateau-grandson.svg\",\"contentUrl\":\"https:\/\/chateau-grandson.ch\/wp-content\/uploads\/2020\/07\/logo-chateau-grandson.svg\",\"width\":440,\"height\":271,\"caption\":\"Ch\u00e2teau de Grandson\"},\"image\":{\"@id\":\"https:\/\/old.chateau-grandson.ch\/fr\/#\/schema\/logo\/image\/\"},\"sameAs\":[\"https:\/\/www.facebook.com\/ChateauDeGrandson\",\"https:\/\/www.instagram.com\/chateau_de_grandson\/\"]}]}<\/script>\n<!-- \/ Yoast SEO plugin. -->","yoast_head_json":{"title":"Histoire | Ch\u00e2teau de Grandson","robots":{"index":"index","follow":"follow","max-snippet":"max-snippet:-1","max-image-preview":"max-image-preview:large","max-video-preview":"max-video-preview:-1"},"canonical":"https:\/\/old.chateau-grandson.ch\/fr\/histoire\/","og_locale":"fr_FR","og_type":"article","og_title":"Histoire | Ch\u00e2teau de Grandson","og_description":"[vc_row css_animation=\u00a0\u00bb\u00a0\u00bb row_type=\u00a0\u00bbrow\u00a0\u00bb use_row_as_full_screen_section=\u00a0\u00bbno\u00a0\u00bb type=\u00a0\u00bbfull_width\u00a0\u00bb angled_section=\u00a0\u00bbno\u00a0\u00bb text_align=\u00a0\u00bbcenter\u00a0\u00bb background_image_as_pattern=\u00a0\u00bbwithout_pattern\u00a0\u00bb z_index=\u00a0\u00bb\u00a0\u00bb][vc_column][vc_row_inner row_type=\u00a0\u00bbrow\u00a0\u00bb type=\u00a0\u00bbgrid\u00a0\u00bb text_align=\u00a0\u00bbcenter\u00a0\u00bb css_animation=\u00a0\u00bb\u00a0\u00bb css=\u00a0\u00bb.vc_custom_1595430003367{padding-top: 60px !important;}\u00a0\u00bb el_class=\u00a0\u00bbtitre-page\u00a0\u00bb][vc_column_inner][vc_column_text css=\u00a0\u00bb.vc_custom_1595488062094{border-top-width: 1px !important;border-right-width: 1px !important;border-bottom-width: 1px !important;border-left-width: 1px !important;padding-top: 18px !important;padding-right: 35px !important;padding-bottom: 18px !important;padding-left: 35px !important;border-left-color: #303030 !important;border-left-style: solid !important;border-right-color: #303030 !important;border-right-style: solid !important;border-top-color: #303030 !important;border-top-style: solid...","og_url":"https:\/\/old.chateau-grandson.ch\/fr\/histoire\/","og_site_name":"Ch\u00e2teau de Grandson","article_publisher":"https:\/\/www.facebook.com\/ChateauDeGrandson","article_modified_time":"2023-12-04T09:26:10+00:00","twitter_card":"summary_large_image","schema":{"@context":"https:\/\/schema.org","@graph":[{"@type":"WebPage","@id":"https:\/\/old.chateau-grandson.ch\/fr\/histoire\/","url":"https:\/\/old.chateau-grandson.ch\/fr\/histoire\/","name":"Histoire | Ch\u00e2teau de Grandson","isPartOf":{"@id":"https:\/\/old.chateau-grandson.ch\/fr\/#website"},"datePublished":"2020-07-23T07:28:38+00:00","dateModified":"2023-12-04T09:26:10+00:00","breadcrumb":{"@id":"https:\/\/old.chateau-grandson.ch\/fr\/histoire\/#breadcrumb"},"inLanguage":"fr-FR","potentialAction":[{"@type":"ReadAction","target":["https:\/\/old.chateau-grandson.ch\/fr\/histoire\/"]}]},{"@type":"BreadcrumbList","@id":"https:\/\/old.chateau-grandson.ch\/fr\/histoire\/#breadcrumb","itemListElement":[{"@type":"ListItem","position":1,"name":"Accueil","item":"https:\/\/old.chateau-grandson.ch\/fr\/"},{"@type":"ListItem","position":2,"name":"Histoire"}]},{"@type":"WebSite","@id":"https:\/\/old.chateau-grandson.ch\/fr\/#website","url":"https:\/\/old.chateau-grandson.ch\/fr\/","name":"Ch\u00e2teau de Grandson","description":"","publisher":{"@id":"https:\/\/old.chateau-grandson.ch\/fr\/#organization"},"potentialAction":[{"@type":"SearchAction","target":{"@type":"EntryPoint","urlTemplate":"https:\/\/old.chateau-grandson.ch\/fr\/?s={search_term_string}"},"query-input":{"@type":"PropertyValueSpecification","valueRequired":true,"valueName":"search_term_string"}}],"inLanguage":"fr-FR"},{"@type":"Organization","@id":"https:\/\/old.chateau-grandson.ch\/fr\/#organization","name":"Ch\u00e2teau de Grandson","url":"https:\/\/old.chateau-grandson.ch\/fr\/","logo":{"@type":"ImageObject","inLanguage":"fr-FR","@id":"https:\/\/old.chateau-grandson.ch\/fr\/#\/schema\/logo\/image\/","url":"https:\/\/chateau-grandson.ch\/wp-content\/uploads\/2020\/07\/logo-chateau-grandson.svg","contentUrl":"https:\/\/chateau-grandson.ch\/wp-content\/uploads\/2020\/07\/logo-chateau-grandson.svg","width":440,"height":271,"caption":"Ch\u00e2teau de Grandson"},"image":{"@id":"https:\/\/old.chateau-grandson.ch\/fr\/#\/schema\/logo\/image\/"},"sameAs":["https:\/\/www.facebook.com\/ChateauDeGrandson","https:\/\/www.instagram.com\/chateau_de_grandson\/"]}]}},"_links":{"self":[{"href":"https:\/\/old.chateau-grandson.ch\/fr\/wp-json\/wp\/v2\/pages\/29062"}],"collection":[{"href":"https:\/\/old.chateau-grandson.ch\/fr\/wp-json\/wp\/v2\/pages"}],"about":[{"href":"https:\/\/old.chateau-grandson.ch\/fr\/wp-json\/wp\/v2\/types\/page"}],"author":[{"embeddable":true,"href":"https:\/\/old.chateau-grandson.ch\/fr\/wp-json\/wp\/v2\/users\/1"}],"replies":[{"embeddable":true,"href":"https:\/\/old.chateau-grandson.ch\/fr\/wp-json\/wp\/v2\/comments?post=29062"}],"version-history":[{"count":89,"href":"https:\/\/old.chateau-grandson.ch\/fr\/wp-json\/wp\/v2\/pages\/29062\/revisions"}],"predecessor-version":[{"id":34893,"href":"https:\/\/old.chateau-grandson.ch\/fr\/wp-json\/wp\/v2\/pages\/29062\/revisions\/34893"}],"wp:attachment":[{"href":"https:\/\/old.chateau-grandson.ch\/fr\/wp-json\/wp\/v2\/media?parent=29062"}],"curies":[{"name":"wp","href":"https:\/\/api.w.org\/{rel}","templated":true}]}}