{"id":32087,"date":"2022-03-14T17:18:48","date_gmt":"2022-03-14T16:18:48","guid":{"rendered":"https:\/\/chateau-grandson.ch\/?page_id=32087"},"modified":"2024-08-14T18:16:16","modified_gmt":"2024-08-14T16:16:16","slug":"projet2026","status":"publish","type":"page","link":"https:\/\/old.chateau-grandson.ch\/fr\/projet2026\/","title":{"rendered":"Projet 2026"},"content":{"rendered":"<div class=\"wpb-content-wrapper\"><p>[vc_row css_animation=\u00a0\u00bb\u00a0\u00bb row_type=\u00a0\u00bbrow\u00a0\u00bb use_row_as_full_screen_section=\u00a0\u00bbno\u00a0\u00bb type=\u00a0\u00bbfull_width\u00a0\u00bb angled_section=\u00a0\u00bbno\u00a0\u00bb text_align=\u00a0\u00bbcenter\u00a0\u00bb background_image_as_pattern=\u00a0\u00bbwithout_pattern\u00a0\u00bb z_index=\u00a0\u00bb\u00a0\u00bb][vc_column][vc_row_inner row_type=\u00a0\u00bbrow\u00a0\u00bb type=\u00a0\u00bbgrid\u00a0\u00bb text_align=\u00a0\u00bbcenter\u00a0\u00bb css_animation=\u00a0\u00bb\u00a0\u00bb css=\u00a0\u00bb.vc_custom_1595430003367{padding-top: 60px !important;}\u00a0\u00bb el_class=\u00a0\u00bbtitre-page\u00a0\u00bb][vc_column_inner][vc_column_text css=\u00a0\u00bb.vc_custom_1647274695240{border-top-width: 1px !important;border-right-width: 1px !important;border-bottom-width: 1px !important;border-left-width: 1px !important;padding-top: 18px !important;padding-right: 35px !important;padding-bottom: 18px !important;padding-left: 35px !important;border-left-color: #303030 !important;border-left-style: solid !important;border-right-color: #303030 !important;border-right-style: solid !important;border-top-color: #303030 !important;border-top-style: solid !important;border-bottom-color: #303030 !important;border-bottom-style: solid !important;}\u00a0\u00bb]<\/p>\n<h1>Projet 2026<\/h1>\n<p>[\/vc_column_text][\/vc_column_inner][\/vc_row_inner]<div class=\"qode_vertical_separator\" style=\"height: 80px;width: 1px;background-color: #232323;margin: 60px 0 0 0\">\n<\/div>[vc_row_inner row_type=\u00a0\u00bbrow\u00a0\u00bb type=\u00a0\u00bbfull_width\u00a0\u00bb text_align=\u00a0\u00bbcenter\u00a0\u00bb css_animation=\u00a0\u00bb\u00a0\u00bb css=\u00a0\u00bb.vc_custom_1595506290503{margin-top: -9px !important;}\u00a0\u00bb][vc_column_inner]<span data-type=\"normal\" data-hover-icon-color=\"#303030\" class=\"qode_icon_shortcode  q_font_awsome_icon fa-lg  \" style=\" \"><i class=\"qode_icon_font_awesome fa fa-circle qode_icon_element\" style=\"color: #303030;\" ><\/i><\/span>[qode_elements_holder number_of_columns=\u00a0\u00bbtwo_columns\u00a0\u00bb switch_to_one_column=\u00a0\u00bb768&Prime; alignment_one_column=\u00a0\u00bbleft\u00a0\u00bb][qode_elements_holder_item vertical_alignment=\u00a0\u00bbmiddle\u00a0\u00bb horizontal_alignment=\u00a0\u00bbleft\u00a0\u00bb advanced_animations=\u00a0\u00bbyes\u00a0\u00bb start_position=\u00a0\u00bbcenter\u00a0\u00bb end_position=\u00a0\u00bbcenter\u00a0\u00bb item_padding_1280_1440=\u00a0\u00bb0 150px 0 150px\u00a0\u00bb item_padding_1024_1280=\u00a0\u00bb0 120px 0 120px\u00a0\u00bb item_padding_768_1024=\u00a0\u00bb0 60px 0 60px\u00a0\u00bb item_padding_600_768=\u00a0\u00bb0 60px 0 60px\u00a0\u00bb item_padding_480_600=\u00a0\u00bb0 30px 0 30px\u00a0\u00bb item_padding_480=\u00a0\u00bb0 30px 0 30px\u00a0\u00bb item_padding=\u00a0\u00bb0 85px 0 150px\u00a0\u00bb custom_class=\u00a0\u00bbborder-right\u00a0\u00bb][vc_column_text css=\u00a0\u00bb.vc_custom_1722840985977{padding-top: 30px !important;padding-bottom: 30px !important;}\u00a0\u00bb]<\/p>\n<h2><span style=\"color: #000000;\">Un monument d&rsquo;importance nationale<\/span><\/h2>\n<p>&nbsp;<\/p>\n<p><span style=\"color: #000000;\">Le ch\u00e2teau de Grandson est un des monuments embl\u00e9matiques du canton de Vaud, et plus particuli\u00e8rement du Nord vaudois. Si\u00e8ge d\u2019une des familles vaudoises les plus puissantes du XIe au XIVe si\u00e8cle et th\u00e9\u00e2tre d\u2019une bataille historique, la place forte de Grandson est aussi le symbole visible d\u2019une partie de l\u2019histoire de la Suisse et de l\u2019Europe.<\/span>[\/vc_column_text][\/qode_elements_holder_item][qode_elements_holder_item vertical_alignment=\u00a0\u00bbmiddle\u00a0\u00bb horizontal_alignment=\u00a0\u00bbcenter\u00a0\u00bb advanced_animations=\u00a0\u00bbno\u00a0\u00bb custom_class=\u00a0\u00bbimg-right\u00a0\u00bb item_padding=\u00a0\u00bb30px\u00a0\u00bb][vc_single_image image=\u00a0\u00bb29489&Prime; img_size=\u00a0\u00bblarge\u00a0\u00bb add_caption=\u00a0\u00bbyes\u00a0\u00bb alignment=\u00a0\u00bbcenter\u00a0\u00bb qode_css_animation=\u00a0\u00bb\u00a0\u00bb][\/qode_elements_holder_item][\/qode_elements_holder][\/vc_column_inner][\/vc_row_inner][vc_row_inner row_type=\u00a0\u00bbrow\u00a0\u00bb type=\u00a0\u00bbfull_width\u00a0\u00bb text_align=\u00a0\u00bbcenter\u00a0\u00bb css_animation=\u00a0\u00bb\u00a0\u00bb][vc_column_inner]<span data-type=\"normal\" data-hover-icon-color=\"#303030\" class=\"qode_icon_shortcode  q_font_awsome_icon fa-lg  \" style=\" \"><i class=\"qode_icon_font_awesome fa fa-circle qode_icon_element\" style=\"color: #303030;\" ><\/i><\/span>[qode_elements_holder number_of_columns=\u00a0\u00bbtwo_columns\u00a0\u00bb switch_to_one_column=\u00a0\u00bb768&Prime; alignment_one_column=\u00a0\u00bbleft\u00a0\u00bb][qode_elements_holder_item vertical_alignment=\u00a0\u00bbmiddle\u00a0\u00bb horizontal_alignment=\u00a0\u00bbcenter\u00a0\u00bb advanced_animations=\u00a0\u00bbno\u00a0\u00bb custom_class=\u00a0\u00bbimp-left\u00a0\u00bb item_padding=\u00a0\u00bb30px\u00a0\u00bb][vc_single_image image=\u00a0\u00bb32788&Prime; img_size=\u00a0\u00bblarge\u00a0\u00bb alignment=\u00a0\u00bbcenter\u00a0\u00bb qode_css_animation=\u00a0\u00bb\u00a0\u00bb][\/qode_elements_holder_item][qode_elements_holder_item vertical_alignment=\u00a0\u00bbmiddle\u00a0\u00bb horizontal_alignment=\u00a0\u00bbleft\u00a0\u00bb advanced_animations=\u00a0\u00bbyes\u00a0\u00bb start_position=\u00a0\u00bbcenter\u00a0\u00bb end_position=\u00a0\u00bbcenter\u00a0\u00bb item_padding_1280_1440=\u00a0\u00bb0 150px 0 150px\u00a0\u00bb item_padding_1024_1280=\u00a0\u00bb0 120px 0 120px\u00a0\u00bb item_padding_768_1024=\u00a0\u00bb0 60px 0 60px\u00a0\u00bb item_padding_600_768=\u00a0\u00bb0 60px 0 60px\u00a0\u00bb item_padding_480_600=\u00a0\u00bb0 30px 0 30px\u00a0\u00bb item_padding_480=\u00a0\u00bb0 30px 0 30px\u00a0\u00bb item_padding=\u00a0\u00bb0 150px 0 85px\u00a0\u00bb custom_class=\u00a0\u00bbborder-left\u00a0\u00bb][vc_column_text css=\u00a0\u00bb.vc_custom_1680762898108{padding-top: 30px !important;padding-bottom: 30px !important;}\u00a0\u00bb]<\/p>\n<h2>Des r\u00e9novations patrimoniales d&rsquo;envergure<\/h2>\n<p>&nbsp;<\/p>\n<p>En 2008, un bilan de sant\u00e9 de la forteresse, qui n\u2019a pas connu de r\u00e9novation globale depuis au moins cent ans, est effectu\u00e9. Des travaux d\u2019urgence sont entrepris par la Stiftung f\u00fcr Kunst, Kultur und Geschichte et la Fondation du Ch\u00e2teau de Grandson qui s\u2019engagent dans cette r\u00e9novation centennale, qui voit chaque partie du ch\u00e2teau faire l\u2019objet d\u2019\u00e9tude et \u00eatre r\u00e9nov\u00e9e.[\/vc_column_text][\/qode_elements_holder_item][\/qode_elements_holder][\/vc_column_inner][\/vc_row_inner][vc_row_inner row_type=\u00a0\u00bbrow\u00a0\u00bb type=\u00a0\u00bbfull_width\u00a0\u00bb text_align=\u00a0\u00bbcenter\u00a0\u00bb css_animation=\u00a0\u00bb\u00a0\u00bb css=\u00a0\u00bb.vc_custom_1595506290503{margin-top: -9px !important;}\u00a0\u00bb][vc_column_inner]<span data-type=\"normal\" data-hover-icon-color=\"#303030\" class=\"qode_icon_shortcode  q_font_awsome_icon fa-lg  \" style=\" \"><i class=\"qode_icon_font_awesome fa fa-circle qode_icon_element\" style=\"color: #303030;\" ><\/i><\/span>[qode_elements_holder number_of_columns=\u00a0\u00bbtwo_columns\u00a0\u00bb switch_to_one_column=\u00a0\u00bb768&Prime; alignment_one_column=\u00a0\u00bbleft\u00a0\u00bb][qode_elements_holder_item vertical_alignment=\u00a0\u00bbmiddle\u00a0\u00bb horizontal_alignment=\u00a0\u00bbleft\u00a0\u00bb advanced_animations=\u00a0\u00bbyes\u00a0\u00bb start_position=\u00a0\u00bbcenter\u00a0\u00bb end_position=\u00a0\u00bbcenter\u00a0\u00bb item_padding_1280_1440=\u00a0\u00bb0 150px 0 150px\u00a0\u00bb item_padding_1024_1280=\u00a0\u00bb0 120px 0 120px\u00a0\u00bb item_padding_768_1024=\u00a0\u00bb0 60px 0 60px\u00a0\u00bb item_padding_600_768=\u00a0\u00bb0 60px 0 60px\u00a0\u00bb item_padding_480_600=\u00a0\u00bb0 30px 0 30px\u00a0\u00bb item_padding_480=\u00a0\u00bb0 30px 0 30px\u00a0\u00bb item_padding=\u00a0\u00bb0 85px 0 150px\u00a0\u00bb custom_class=\u00a0\u00bbborder-right\u00a0\u00bb][vc_column_text css=\u00a0\u00bb.vc_custom_1722841007424{padding-top: 30px !important;padding-bottom: 30px !important;}\u00a0\u00bb]<\/p>\n<h2><span style=\"color: #000000;\">Un nouveau mus\u00e9e en 2026<\/span><\/h2>\n<p>&nbsp;<\/p>\n<p><span style=\"color: #000000;\">Les premiers travaux qui permettent de stabiliser et de r\u00e9nover l&rsquo;enveloppe b\u00e2tie de l&rsquo;\u00e9difice se terminent en 2020. L&rsquo;ann\u00e9e qui suit voit le lancement de \u00ab Ch\u00e2teau de Grandson 2026 \u00bb, un projet d\u2019envergure de plus de 40 millions de francs men\u00e9 de concert par la Stiftung f\u00fcr Kunst Kultur und Geschichte et la Fondation du Ch\u00e2teau de Grandson, qui vise \u00e0 repositionner le monument dans le paysage mus\u00e9al, culturel et touristique en Suisse.<\/span><\/p>\n<p>&nbsp;<\/p>\n<p><span style=\"color: #000000;\">Cette deuxi\u00e8me phase de travaux affectera les int\u00e9rieurs du monument afin d\u2019am\u00e9nager de nouveaux espaces d\u2019accueil et une offre mus\u00e9ographique enti\u00e8rement revisit\u00e9e. Le Ch\u00e2teau de Grandson abritera ainsi des expositions relatant l\u2019\u00e9pisode de la bataille de Grandson et des guerres de Bourgogne, l\u2019histoire de la forteresse et de ses propri\u00e9taires, ainsi qu\u2019un centre d\u00e9di\u00e9 \u00e0 l\u2019arbal\u00e8te. Une valorisation des 1,5 ha de parcs, effectu\u00e9e dans le respect de l\u2019environnement et de la biosph\u00e8re, permettra aux visiteurs d\u2019acc\u00e9der au lac et de profiter des espaces verts.<\/span><\/p>\n<p>&nbsp;<\/p>\n<p><span style=\"color: #000000;\">Le ch\u00e2teau reste ouvert au public pendant la dur\u00e9e des travaux gr\u00e2ce \u00e0 des visites guid\u00e9es et des ateliers qui permettront d\u2019appr\u00e9cier l\u2019ampleur des r\u00e9novations.<\/span>[\/vc_column_text][\/qode_elements_holder_item][qode_elements_holder_item vertical_alignment=\u00a0\u00bbmiddle\u00a0\u00bb horizontal_alignment=\u00a0\u00bbcenter\u00a0\u00bb advanced_animations=\u00a0\u00bbno\u00a0\u00bb custom_class=\u00a0\u00bbimg-right\u00a0\u00bb item_padding=\u00a0\u00bb30px\u00a0\u00bb][vc_single_image image=\u00a0\u00bb32791&Prime; img_size=\u00a0\u00bblarge\u00a0\u00bb alignment=\u00a0\u00bbcenter\u00a0\u00bb qode_css_animation=\u00a0\u00bb\u00a0\u00bb][\/qode_elements_holder_item][\/qode_elements_holder][\/vc_column_inner][\/vc_row_inner][vc_row_inner row_type=\u00a0\u00bbrow\u00a0\u00bb type=\u00a0\u00bbfull_width\u00a0\u00bb text_align=\u00a0\u00bbcenter\u00a0\u00bb css_animation=\u00a0\u00bb\u00a0\u00bb][vc_column_inner]<span data-type=\"normal\" data-hover-icon-color=\"#303030\" class=\"qode_icon_shortcode  q_font_awsome_icon fa-lg  \" style=\" \"><i class=\"qode_icon_font_awesome fa fa-circle qode_icon_element\" style=\"color: #303030;\" ><\/i><\/span>[qode_elements_holder number_of_columns=\u00a0\u00bbtwo_columns\u00a0\u00bb switch_to_one_column=\u00a0\u00bb768&Prime; alignment_one_column=\u00a0\u00bbleft\u00a0\u00bb][qode_elements_holder_item vertical_alignment=\u00a0\u00bbmiddle\u00a0\u00bb horizontal_alignment=\u00a0\u00bbcenter\u00a0\u00bb advanced_animations=\u00a0\u00bbno\u00a0\u00bb custom_class=\u00a0\u00bbimp-left\u00a0\u00bb item_padding=\u00a0\u00bb30px\u00a0\u00bb][vc_single_image image=\u00a0\u00bb35603&Prime; img_size=\u00a0\u00bblarge\u00a0\u00bb alignment=\u00a0\u00bbcenter\u00a0\u00bb css=\u00a0\u00bb\u00a0\u00bb qode_css_animation=\u00a0\u00bb\u00a0\u00bb][\/qode_elements_holder_item][qode_elements_holder_item vertical_alignment=\u00a0\u00bbmiddle\u00a0\u00bb horizontal_alignment=\u00a0\u00bbleft\u00a0\u00bb advanced_animations=\u00a0\u00bbyes\u00a0\u00bb start_position=\u00a0\u00bbcenter\u00a0\u00bb end_position=\u00a0\u00bbcenter\u00a0\u00bb item_padding_1280_1440=\u00a0\u00bb0 150px 0 150px\u00a0\u00bb item_padding_1024_1280=\u00a0\u00bb0 120px 0 120px\u00a0\u00bb item_padding_768_1024=\u00a0\u00bb0 60px 0 60px\u00a0\u00bb item_padding_600_768=\u00a0\u00bb0 60px 0 60px\u00a0\u00bb item_padding_480_600=\u00a0\u00bb0 30px 0 30px\u00a0\u00bb item_padding_480=\u00a0\u00bb0 30px 0 30px\u00a0\u00bb item_padding=\u00a0\u00bb0 150px 0 85px\u00a0\u00bb custom_class=\u00a0\u00bbborder-left\u00a0\u00bb][vc_column_text css=\u00a0\u00bb.vc_custom_1723652173386{padding-top: 30px !important;padding-bottom: 30px !important;}\u00a0\u00bb]<\/p>\n<h2><span style=\"color: #000000;\">Participez \u00e0 l\u2019am\u00e9nagement des parcs du ch\u00e2teau de Grandson !<\/span><\/h2>\n<p>&nbsp;<\/p>\n<p><span style=\"color: #000000;\">Dans le cadre des travaux du ch\u00e2teau de Grandson, le r\u00e9am\u00e9nagement des espaces ext\u00e9rieurs fera l\u2019objet d\u2019un concours en deux \u00e9tapes. La fondation propri\u00e9taire SKKG et la Fondation du Ch\u00e2teau de Grandson vous invitent \u00e0 <strong>donner votre avis pendant cette proc\u00e9dure<\/strong> en formant un groupe d&rsquo;usagers et d&rsquo;habitants de Grandson &#8211; le MiniPublic.<\/span><\/p>\n<p>&nbsp;<\/p>\n<h5><span style=\"color: #000000;\">Vous souhaitez contribuer \u00e0 ce projet d\u2019envergure ?<\/span><\/h5>\n<p>[\/vc_column_text]<a  itemprop=\"url\" href=\"https:\/\/chateau-grandson.ch\/fr\/participation\/\" target=\"_self\"  class=\"qbutton  default\" style=\"\">En savoir plus<\/a>[\/qode_elements_holder_item][\/qode_elements_holder][\/vc_column_inner][\/vc_row_inner]<div class=\"qode_vertical_separator\" style=\"height: 80px;width: 1px;background-color: #232323;margin: 0 0 60px 0\">\n<\/div>[\/vc_column][\/vc_row]<\/p>\n<\/div>","protected":false},"excerpt":{"rendered":"<p>[vc_row css_animation=\u00a0\u00bb\u00a0\u00bb row_type=\u00a0\u00bbrow\u00a0\u00bb use_row_as_full_screen_section=\u00a0\u00bbno\u00a0\u00bb type=\u00a0\u00bbfull_width\u00a0\u00bb angled_section=\u00a0\u00bbno\u00a0\u00bb text_align=\u00a0\u00bbcenter\u00a0\u00bb background_image_as_pattern=\u00a0\u00bbwithout_pattern\u00a0\u00bb z_index=\u00a0\u00bb\u00a0\u00bb][vc_column][vc_row_inner row_type=\u00a0\u00bbrow\u00a0\u00bb type=\u00a0\u00bbgrid\u00a0\u00bb text_align=\u00a0\u00bbcenter\u00a0\u00bb css_animation=\u00a0\u00bb\u00a0\u00bb css=\u00a0\u00bb.vc_custom_1595430003367{padding-top: 60px !important;}\u00a0\u00bb el_class=\u00a0\u00bbtitre-page\u00a0\u00bb][vc_column_inner][vc_column_text css=\u00a0\u00bb.vc_custom_1647274695240{border-top-width: 1px !important;border-right-width: 1px !important;border-bottom-width: 1px !important;border-left-width: 1px !important;padding-top: 18px !important;padding-right: 35px !important;padding-bottom: 18px !important;padding-left: 35px !important;border-left-color: #303030 !important;border-left-style: solid !important;border-right-color: #303030 !important;border-right-style: solid !important;border-top-color: #303030 !important;border-top-style: solid&#8230;<\/p>\n","protected":false},"author":1,"featured_media":0,"parent":0,"menu_order":39,"comment_status":"closed","ping_status":"closed","template":"full_width.php","meta":{"footnotes":""},"class_list":["post-32087","page","type-page","status-publish","hentry"],"yoast_head":"<!-- This site is optimized with the Yoast SEO plugin v23.8 - https:\/\/yoast.com\/wordpress\/plugins\/seo\/ -->\n<title>Projet 2026 | Ch\u00e2teau de Grandson<\/title>\n<meta name=\"robots\" content=\"index, follow, max-snippet:-1, max-image-preview:large, max-video-preview:-1\" \/>\n<link rel=\"canonical\" href=\"https:\/\/old.chateau-grandson.ch\/fr\/projet2026\/\" \/>\n<meta property=\"og:locale\" content=\"fr_FR\" \/>\n<meta property=\"og:type\" content=\"article\" \/>\n<meta property=\"og:title\" content=\"Projet 2026 | Ch\u00e2teau de Grandson\" \/>\n<meta property=\"og:description\" content=\"[vc_row css_animation=\u00a0\u00bb\u00a0\u00bb row_type=\u00a0\u00bbrow\u00a0\u00bb use_row_as_full_screen_section=\u00a0\u00bbno\u00a0\u00bb type=\u00a0\u00bbfull_width\u00a0\u00bb angled_section=\u00a0\u00bbno\u00a0\u00bb text_align=\u00a0\u00bbcenter\u00a0\u00bb background_image_as_pattern=\u00a0\u00bbwithout_pattern\u00a0\u00bb z_index=\u00a0\u00bb\u00a0\u00bb][vc_column][vc_row_inner row_type=\u00a0\u00bbrow\u00a0\u00bb type=\u00a0\u00bbgrid\u00a0\u00bb text_align=\u00a0\u00bbcenter\u00a0\u00bb css_animation=\u00a0\u00bb\u00a0\u00bb css=\u00a0\u00bb.vc_custom_1595430003367{padding-top: 60px !important;}\u00a0\u00bb el_class=\u00a0\u00bbtitre-page\u00a0\u00bb][vc_column_inner][vc_column_text css=\u00a0\u00bb.vc_custom_1647274695240{border-top-width: 1px !important;border-right-width: 1px !important;border-bottom-width: 1px !important;border-left-width: 1px !important;padding-top: 18px !important;padding-right: 35px !important;padding-bottom: 18px !important;padding-left: 35px !important;border-left-color: #303030 !important;border-left-style: solid !important;border-right-color: #303030 !important;border-right-style: solid !important;border-top-color: #303030 !important;border-top-style: solid...\" \/>\n<meta property=\"og:url\" content=\"https:\/\/old.chateau-grandson.ch\/fr\/projet2026\/\" \/>\n<meta property=\"og:site_name\" content=\"Ch\u00e2teau de Grandson\" \/>\n<meta property=\"article:publisher\" content=\"https:\/\/www.facebook.com\/ChateauDeGrandson\" \/>\n<meta property=\"article:modified_time\" content=\"2024-08-14T16:16:16+00:00\" \/>\n<meta name=\"twitter:card\" content=\"summary_large_image\" \/>\n<meta name=\"twitter:label1\" content=\"Dur\u00e9e de lecture estim\u00e9e\" \/>\n\t<meta name=\"twitter:data1\" content=\"4 minutes\" \/>\n<script type=\"application\/ld+json\" class=\"yoast-schema-graph\">{\"@context\":\"https:\/\/schema.org\",\"@graph\":[{\"@type\":\"WebPage\",\"@id\":\"https:\/\/old.chateau-grandson.ch\/fr\/projet2026\/\",\"url\":\"https:\/\/old.chateau-grandson.ch\/fr\/projet2026\/\",\"name\":\"Projet 2026 | Ch\u00e2teau de Grandson\",\"isPartOf\":{\"@id\":\"https:\/\/old.chateau-grandson.ch\/fr\/#website\"},\"datePublished\":\"2022-03-14T16:18:48+00:00\",\"dateModified\":\"2024-08-14T16:16:16+00:00\",\"breadcrumb\":{\"@id\":\"https:\/\/old.chateau-grandson.ch\/fr\/projet2026\/#breadcrumb\"},\"inLanguage\":\"fr-FR\",\"potentialAction\":[{\"@type\":\"ReadAction\",\"target\":[\"https:\/\/old.chateau-grandson.ch\/fr\/projet2026\/\"]}]},{\"@type\":\"BreadcrumbList\",\"@id\":\"https:\/\/old.chateau-grandson.ch\/fr\/projet2026\/#breadcrumb\",\"itemListElement\":[{\"@type\":\"ListItem\",\"position\":1,\"name\":\"Accueil\",\"item\":\"https:\/\/old.chateau-grandson.ch\/fr\/\"},{\"@type\":\"ListItem\",\"position\":2,\"name\":\"Projet 2026\"}]},{\"@type\":\"WebSite\",\"@id\":\"https:\/\/old.chateau-grandson.ch\/fr\/#website\",\"url\":\"https:\/\/old.chateau-grandson.ch\/fr\/\",\"name\":\"Ch\u00e2teau de Grandson\",\"description\":\"\",\"publisher\":{\"@id\":\"https:\/\/old.chateau-grandson.ch\/fr\/#organization\"},\"potentialAction\":[{\"@type\":\"SearchAction\",\"target\":{\"@type\":\"EntryPoint\",\"urlTemplate\":\"https:\/\/old.chateau-grandson.ch\/fr\/?s={search_term_string}\"},\"query-input\":{\"@type\":\"PropertyValueSpecification\",\"valueRequired\":true,\"valueName\":\"search_term_string\"}}],\"inLanguage\":\"fr-FR\"},{\"@type\":\"Organization\",\"@id\":\"https:\/\/old.chateau-grandson.ch\/fr\/#organization\",\"name\":\"Ch\u00e2teau de Grandson\",\"url\":\"https:\/\/old.chateau-grandson.ch\/fr\/\",\"logo\":{\"@type\":\"ImageObject\",\"inLanguage\":\"fr-FR\",\"@id\":\"https:\/\/old.chateau-grandson.ch\/fr\/#\/schema\/logo\/image\/\",\"url\":\"https:\/\/chateau-grandson.ch\/wp-content\/uploads\/2020\/07\/logo-chateau-grandson.svg\",\"contentUrl\":\"https:\/\/chateau-grandson.ch\/wp-content\/uploads\/2020\/07\/logo-chateau-grandson.svg\",\"width\":440,\"height\":271,\"caption\":\"Ch\u00e2teau de Grandson\"},\"image\":{\"@id\":\"https:\/\/old.chateau-grandson.ch\/fr\/#\/schema\/logo\/image\/\"},\"sameAs\":[\"https:\/\/www.facebook.com\/ChateauDeGrandson\",\"https:\/\/www.instagram.com\/chateau_de_grandson\/\"]}]}<\/script>\n<!-- \/ Yoast SEO plugin. -->","yoast_head_json":{"title":"Projet 2026 | Ch\u00e2teau de Grandson","robots":{"index":"index","follow":"follow","max-snippet":"max-snippet:-1","max-image-preview":"max-image-preview:large","max-video-preview":"max-video-preview:-1"},"canonical":"https:\/\/old.chateau-grandson.ch\/fr\/projet2026\/","og_locale":"fr_FR","og_type":"article","og_title":"Projet 2026 | Ch\u00e2teau de Grandson","og_description":"[vc_row css_animation=\u00a0\u00bb\u00a0\u00bb row_type=\u00a0\u00bbrow\u00a0\u00bb use_row_as_full_screen_section=\u00a0\u00bbno\u00a0\u00bb type=\u00a0\u00bbfull_width\u00a0\u00bb angled_section=\u00a0\u00bbno\u00a0\u00bb text_align=\u00a0\u00bbcenter\u00a0\u00bb background_image_as_pattern=\u00a0\u00bbwithout_pattern\u00a0\u00bb z_index=\u00a0\u00bb\u00a0\u00bb][vc_column][vc_row_inner row_type=\u00a0\u00bbrow\u00a0\u00bb type=\u00a0\u00bbgrid\u00a0\u00bb text_align=\u00a0\u00bbcenter\u00a0\u00bb css_animation=\u00a0\u00bb\u00a0\u00bb css=\u00a0\u00bb.vc_custom_1595430003367{padding-top: 60px !important;}\u00a0\u00bb el_class=\u00a0\u00bbtitre-page\u00a0\u00bb][vc_column_inner][vc_column_text css=\u00a0\u00bb.vc_custom_1647274695240{border-top-width: 1px !important;border-right-width: 1px !important;border-bottom-width: 1px !important;border-left-width: 1px !important;padding-top: 18px !important;padding-right: 35px !important;padding-bottom: 18px !important;padding-left: 35px !important;border-left-color: #303030 !important;border-left-style: solid !important;border-right-color: #303030 !important;border-right-style: solid !important;border-top-color: #303030 !important;border-top-style: solid...","og_url":"https:\/\/old.chateau-grandson.ch\/fr\/projet2026\/","og_site_name":"Ch\u00e2teau de Grandson","article_publisher":"https:\/\/www.facebook.com\/ChateauDeGrandson","article_modified_time":"2024-08-14T16:16:16+00:00","twitter_card":"summary_large_image","twitter_misc":{"Dur\u00e9e de lecture estim\u00e9e":"4 minutes"},"schema":{"@context":"https:\/\/schema.org","@graph":[{"@type":"WebPage","@id":"https:\/\/old.chateau-grandson.ch\/fr\/projet2026\/","url":"https:\/\/old.chateau-grandson.ch\/fr\/projet2026\/","name":"Projet 2026 | Ch\u00e2teau de Grandson","isPartOf":{"@id":"https:\/\/old.chateau-grandson.ch\/fr\/#website"},"datePublished":"2022-03-14T16:18:48+00:00","dateModified":"2024-08-14T16:16:16+00:00","breadcrumb":{"@id":"https:\/\/old.chateau-grandson.ch\/fr\/projet2026\/#breadcrumb"},"inLanguage":"fr-FR","potentialAction":[{"@type":"ReadAction","target":["https:\/\/old.chateau-grandson.ch\/fr\/projet2026\/"]}]},{"@type":"BreadcrumbList","@id":"https:\/\/old.chateau-grandson.ch\/fr\/projet2026\/#breadcrumb","itemListElement":[{"@type":"ListItem","position":1,"name":"Accueil","item":"https:\/\/old.chateau-grandson.ch\/fr\/"},{"@type":"ListItem","position":2,"name":"Projet 2026"}]},{"@type":"WebSite","@id":"https:\/\/old.chateau-grandson.ch\/fr\/#website","url":"https:\/\/old.chateau-grandson.ch\/fr\/","name":"Ch\u00e2teau de Grandson","description":"","publisher":{"@id":"https:\/\/old.chateau-grandson.ch\/fr\/#organization"},"potentialAction":[{"@type":"SearchAction","target":{"@type":"EntryPoint","urlTemplate":"https:\/\/old.chateau-grandson.ch\/fr\/?s={search_term_string}"},"query-input":{"@type":"PropertyValueSpecification","valueRequired":true,"valueName":"search_term_string"}}],"inLanguage":"fr-FR"},{"@type":"Organization","@id":"https:\/\/old.chateau-grandson.ch\/fr\/#organization","name":"Ch\u00e2teau de Grandson","url":"https:\/\/old.chateau-grandson.ch\/fr\/","logo":{"@type":"ImageObject","inLanguage":"fr-FR","@id":"https:\/\/old.chateau-grandson.ch\/fr\/#\/schema\/logo\/image\/","url":"https:\/\/chateau-grandson.ch\/wp-content\/uploads\/2020\/07\/logo-chateau-grandson.svg","contentUrl":"https:\/\/chateau-grandson.ch\/wp-content\/uploads\/2020\/07\/logo-chateau-grandson.svg","width":440,"height":271,"caption":"Ch\u00e2teau de Grandson"},"image":{"@id":"https:\/\/old.chateau-grandson.ch\/fr\/#\/schema\/logo\/image\/"},"sameAs":["https:\/\/www.facebook.com\/ChateauDeGrandson","https:\/\/www.instagram.com\/chateau_de_grandson\/"]}]}},"_links":{"self":[{"href":"https:\/\/old.chateau-grandson.ch\/fr\/wp-json\/wp\/v2\/pages\/32087"}],"collection":[{"href":"https:\/\/old.chateau-grandson.ch\/fr\/wp-json\/wp\/v2\/pages"}],"about":[{"href":"https:\/\/old.chateau-grandson.ch\/fr\/wp-json\/wp\/v2\/types\/page"}],"author":[{"embeddable":true,"href":"https:\/\/old.chateau-grandson.ch\/fr\/wp-json\/wp\/v2\/users\/1"}],"replies":[{"embeddable":true,"href":"https:\/\/old.chateau-grandson.ch\/fr\/wp-json\/wp\/v2\/comments?post=32087"}],"version-history":[{"count":23,"href":"https:\/\/old.chateau-grandson.ch\/fr\/wp-json\/wp\/v2\/pages\/32087\/revisions"}],"predecessor-version":[{"id":35626,"href":"https:\/\/old.chateau-grandson.ch\/fr\/wp-json\/wp\/v2\/pages\/32087\/revisions\/35626"}],"wp:attachment":[{"href":"https:\/\/old.chateau-grandson.ch\/fr\/wp-json\/wp\/v2\/media?parent=32087"}],"curies":[{"name":"wp","href":"https:\/\/api.w.org\/{rel}","templated":true}]}}