{"id":32128,"date":"2022-10-06T15:18:12","date_gmt":"2022-10-06T13:18:12","guid":{"rendered":"https:\/\/chateau-grandson.ch\/?page_id=32128"},"modified":"2025-04-01T17:40:25","modified_gmt":"2025-04-01T15:40:25","slug":"visiter","status":"publish","type":"page","link":"https:\/\/old.chateau-grandson.ch\/fr\/visiter\/","title":{"rendered":"Visiter le chantier"},"content":{"rendered":"<div class=\"wpb-content-wrapper\"><p>[vc_row css_animation=\u00a0\u00bb\u00a0\u00bb row_type=\u00a0\u00bbrow\u00a0\u00bb use_row_as_full_screen_section=\u00a0\u00bbno\u00a0\u00bb type=\u00a0\u00bbfull_width\u00a0\u00bb angled_section=\u00a0\u00bbno\u00a0\u00bb text_align=\u00a0\u00bbcenter\u00a0\u00bb background_image_as_pattern=\u00a0\u00bbwithout_pattern\u00a0\u00bb z_index=\u00a0\u00bb\u00a0\u00bb css=\u00a0\u00bb.vc_custom_1647342887737{padding-right: 30px !important;padding-bottom: 60px !important;padding-left: 30px !important;}\u00a0\u00bb][vc_column][vc_row_inner row_type=\u00a0\u00bbrow\u00a0\u00bb type=\u00a0\u00bbgrid\u00a0\u00bb text_align=\u00a0\u00bbcenter\u00a0\u00bb css_animation=\u00a0\u00bb\u00a0\u00bb css=\u00a0\u00bb.vc_custom_1665130055515{padding-top: 60px !important;}\u00a0\u00bb el_class=\u00a0\u00bbtitre-page\u00a0\u00bb][vc_column_inner][vc_column_text css=\u00a0\u00bb.vc_custom_1712736327287{border-top-width: 1px !important;border-right-width: 1px !important;border-bottom-width: 1px !important;border-left-width: 1px !important;padding-top: 18px !important;padding-right: 35px !important;padding-bottom: 18px !important;padding-left: 35px !important;border-left-color: #303030 !important;border-left-style: solid !important;border-right-color: #303030 !important;border-right-style: solid !important;border-top-color: #303030 !important;border-top-style: solid !important;border-bottom-color: #303030 !important;border-bottom-style: solid !important;}\u00a0\u00bb]<\/p>\n<h1>Visiter le chantier<\/h1>\n<p>[\/vc_column_text][\/vc_column_inner][\/vc_row_inner]<div class=\"qode_vertical_separator\" style=\"height: 80px;width: 1px;background-color: #232323;margin: 60px 0 40px 0\">\n<\/div>[vc_column_text css=\u00a0\u00bb.vc_custom_1716453257176{padding-bottom: 30px !important;}\u00a0\u00bb]<\/p>\n<h2><span style=\"color: #000000;\"><strong>Informations importantes<\/strong><\/span><\/h2>\n<p>[\/vc_column_text][vc_row_inner row_type=\u00a0\u00bbrow\u00a0\u00bb type=\u00a0\u00bbgrid\u00a0\u00bb text_align=\u00a0\u00bbleft\u00a0\u00bb css_animation=\u00a0\u00bb\u00a0\u00bb][vc_column_inner width=\u00a0\u00bb1\/2&Prime;][vc_column_text css=\u00a0\u00bb.vc_custom_1730448782056{padding-bottom: 30px !important;}\u00a0\u00bb]<\/p>\n<h3><span style=\"color: #000000;\"><strong>VISITEZ LES COULISSES DU CHANTIER DE GRANDSON<\/strong><\/span><\/h3>\n<p>&nbsp;<\/p>\n<p style=\"text-align: left;\"><span style=\"font-size: 14pt; color: #000000;\"><strong>Pendant 45 minutes<\/strong>, d\u00e9couvrez avec un guide <strong>le ch\u00e2teau de Grandson en travaux <\/strong>et les secrets de cette restauration patrimoniale exceptionnelle. Une occasion unique de voir le ch\u00e2teau sous un nouveau jour !<\/span><\/p>\n<p>&nbsp;<\/p>\n<h4 style=\"text-align: left;\"><span style=\"color: #000000;\"><span style=\"color: #000000;\"><span style=\"font-size: 18.6667px;\">Informations pratiques<\/span><\/span><\/span><\/h4>\n<ul>\n<li><span style=\"font-size: 14pt; color: #000000;\">Groupes limit\u00e9s \u00e0 12 personnes<\/span><\/li>\n<li><span style=\"font-size: 14pt; color: #000000;\">Accessible d\u00e8s 6 ans<\/span><\/li>\n<li><span style=\"font-size: 14pt; color: #000000;\">\u00c9quipement de s\u00e9curit\u00e9 fourni<\/span><\/li>\n<li><span style=\"font-size: 14pt; color: #000000;\">R\u00e9servation en ligne recommand\u00e9e<\/span><\/li>\n<\/ul>\n<p>&nbsp;<\/p>\n<p style=\"text-align: left;\"><span style=\"font-size: 14pt; color: #000000;\">R\u00e9guli\u00e8rement, <strong>des ateliers et des animations<\/strong> vous d\u00e9voilent les coulisses du vaste chantier de restauration et des m\u00e9tiers impliqu\u00e9s.<\/span><\/p>\n<p>[\/vc_column_text]<a  itemprop=\"url\" href=\"https:\/\/my.weezevent.com\/visite-guidee-du-chantier-hiver-2024-2025\" target=\"_self\"  class=\"qbutton  center default\" style=\"\">R\u00e9server ma visite<\/a>[\/vc_column_inner][vc_column_inner width=\u00a0\u00bb1\/2&Prime;][vc_column_text css=\u00a0\u00bb.vc_custom_1730448815775{padding-bottom: 30px !important;}\u00a0\u00bb]<\/p>\n<h4><span style=\"color: #000000; font-size: 14pt;\">Conditions de visite :<\/span><\/h4>\n<ul>\n<li><span style=\"font-size: 14pt; color: #000000;\">Ch\u00e2teau accessible uniquement avec un guide<\/span><\/li>\n<li><span style=\"color: #000000;\"><span style=\"font-size: 14pt;\">Le ch\u00e2teau est accessible aux enfants d\u00e8s 6 ans<\/span><\/span><\/li>\n<li><span style=\"color: #000000;\"><span style=\"font-size: 14pt;\">Collections d\u2019armes et d\u2019armures temporairement non visibles<\/span><\/span><\/li>\n<\/ul>\n<p>&nbsp;<\/p>\n<p><span style=\"font-size: 12pt;\"><em><span style=\"color: #000000;\">Ces visites sont destin\u00e9es \u00e0 tous les publics mais accessibles uniquement \u00e0 partir de 6 ans. Merci de porter des chaussures ferm\u00e9es. Casques et gilets de chantier fournis sur place. <span style=\"color: #ff0000;\">Cette activit\u00e9 est inadapt\u00e9e aux personnes \u00e0 mobilit\u00e9 r\u00e9duite ainsi qu&rsquo;aux enfants en dessous de 6 ans (m\u00eame accompagn\u00e9s!)<\/span>. Nous nous r\u00e9servons le droit de refuser toute personne ne remplissant pas les conditions \u00e9nonc\u00e9es ci-dessus.\u00a0<\/span><\/em><\/span>[\/vc_column_text][\/vc_column_inner][\/vc_row_inner][vc_row_inner row_type=\u00a0\u00bbrow\u00a0\u00bb type=\u00a0\u00bbgrid\u00a0\u00bb text_align=\u00a0\u00bbleft\u00a0\u00bb css_animation=\u00a0\u00bb\u00a0\u00bb css=\u00a0\u00bb.vc_custom_1712736610687{padding-top: 60px !important;padding-bottom: 60px !important;}\u00a0\u00bb anchor=\u00a0\u00bbtarifs\u00a0\u00bb][vc_column_inner width=\u00a0\u00bb1\/2&Prime;][qode_elements_holder number_of_columns=\u00a0\u00bbone_column\u00a0\u00bb][qode_elements_holder_item advanced_animations=\u00a0\u00bbno\u00a0\u00bb background_color=\u00a0\u00bbrgba(255,255,255,0.9)\u00a0\u00bb item_padding=\u00a0\u00bb30px\u00a0\u00bb][vc_column_text css=\u00a0\u00bb\u00a0\u00bb]<\/p>\n<h3><span style=\"color: #000000;\">Horaires d&rsquo;\u00e9t\u00e9<\/span><\/h3>\n<p>&nbsp;<\/p>\n<p><span style=\"font-size: 14pt; color: #000000;\">Lundi-vendredi <strong><span style=\"color: #ff0000;\">(mardi ferm\u00e9)<\/span><\/strong>:<\/span><\/p>\n<h2><span style=\"color: #000000;\"><strong>12:00 &#8211; 18:00<\/strong><\/span><\/h2>\n<p><span style=\"font-size: 14pt; color: #000000;\">Samedi et dimanche<\/span><\/p>\n<h2><span style=\"color: #000000;\"><strong>13:00 &#8211; 18:00<\/strong><\/span><\/h2>\n<p>&nbsp;<\/p>\n<h3><span style=\"color: #000000;\">D\u00e9part des visites guid\u00e9es<\/span><\/h3>\n<p><span style=\"font-size: 14pt; color: #000000;\">Lundi-vendredi <strong><span style=\"color: #ff0000;\">(mardi ferm\u00e9)<\/span><\/strong>:<\/span><\/p>\n<h2><span style=\"color: #000000;\"><strong>12:15 | 14:30 | 15:45 | 17:00<\/strong><\/span><\/h2>\n<p><span style=\"font-size: 14pt; color: #000000;\">Samedi et dimanche:<\/span><\/p>\n<h2><span style=\"color: #000000;\"><strong>13:15 | 14:30 | 15:45 | 17:00<\/strong><\/span><\/h2>\n<p>[\/vc_column_text][\/qode_elements_holder_item][\/qode_elements_holder][\/vc_column_inner][vc_column_inner width=\u00a0\u00bb1\/2&Prime;][qode_elements_holder number_of_columns=\u00a0\u00bbone_column\u00a0\u00bb][qode_elements_holder_item advanced_animations=\u00a0\u00bbno\u00a0\u00bb background_color=\u00a0\u00bbrgba(255,255,255,0.9)\u00a0\u00bb item_padding=\u00a0\u00bb30px\u00a0\u00bb][vc_column_text]<\/p>\n<h3 style=\"text-align: left;\">Tarifs<\/h3>\n<p>[\/vc_column_text][qode_pricing_list][qode_pricing_list_item price=\u00a0\u00bbCHF 10.00&Prime; price_font_size=\u00a0\u00bb15&Prime; title=\u00a0\u00bbADULTE\u00a0\u00bb title_font_size=\u00a0\u00bb20&Prime; text_font_size=\u00a0\u00bb13&Prime; title_color=\u00a0\u00bb#000000&Prime;][qode_pricing_list_item text=\u00a0\u00bb6 &#8211; 18 ans\u00a0\u00bb price=\u00a0\u00bbCHF 5.00&Prime; price_font_size=\u00a0\u00bb15&Prime; title=\u00a0\u00bbENFANT &amp; JEUNE\u00a0\u00bb title_font_size=\u00a0\u00bb20&Prime; text_font_size=\u00a0\u00bb13&Prime; title_color=\u00a0\u00bb#000000&Prime;][qode_pricing_list_item text=\u00a0\u00bb2 adultes, jusqu&rsquo;\u00e0 3 enfants d\u00e8s 6 ans\u00a0\u00bb price=\u00a0\u00bbCHF 20.00&Prime; price_font_size=\u00a0\u00bb15&Prime; title=\u00a0\u00bbFAMILLE\u00a0\u00bb title_font_size=\u00a0\u00bb20&Prime; text_font_size=\u00a0\u00bb13&Prime; title_color=\u00a0\u00bb#000000&Prime;][qode_pricing_list_item text=\u00a0\u00bbAVS, AI, AC, \u00e9tudiant, apprenti, militaire\u00a0\u00bb price=\u00a0\u00bbCHF 8.00&Prime; price_font_size=\u00a0\u00bb15&Prime; title=\u00a0\u00bbR\u00c9DUIT\u00a0\u00bb title_font_size=\u00a0\u00bb20&Prime; text_font_size=\u00a0\u00bb13&Prime; title_color=\u00a0\u00bb#000000&Prime;][qode_pricing_list_item text=\u00a0\u00bbAccompagnant AI et \u00e9cole, habitant de Grandson, Passeport Mus\u00e9es Suisses, membres AMS, ICOM et AACG, carte Raiffeisen**\u00a0\u00bb price_font_size=\u00a0\u00bb15&Prime; title=\u00a0\u00bbGRATUIT\u00a0\u00bb title_font_size=\u00a0\u00bb20&Prime; text_font_size=\u00a0\u00bb13&Prime; price=\u00a0\u00bbgratuit\u00a0\u00bb title_color=\u00a0\u00bb#000000&Prime;][\/qode_pricing_list][vc_column_text css=\u00a0\u00bb\u00a0\u00bb]<\/p>\n<p style=\"text-align: left;\"><span style=\"font-size: 10pt;\">Tarif applicable uniquement sur les visites guid\u00e9es publiques. Pour toute activit\u00e9 sur r\u00e9servation, merci de nous contacter.<\/span><\/p>\n<p><span style=\"font-size: 10pt;\">** toute personne pr\u00e9sentant un permis S, permis N, permis B mention r\u00e9fugi\u00e9, permis F mention r\u00e9fugi\u00e9 ou attestation de d\u00e9lai de d\u00e9part.<\/span>[\/vc_column_text][\/qode_elements_holder_item][\/qode_elements_holder][\/vc_column_inner][\/vc_row_inner]<a  itemprop=\"url\" href=\"https:\/\/my.weezevent.com\/visite-guidee-du-chantier-hiver-2024-2025\" target=\"_self\"  class=\"qbutton  center default\" style=\"\">R\u00e9server ma visite<\/a>[\/vc_column][\/vc_row][vc_row css_animation=\u00a0\u00bb\u00a0\u00bb row_type=\u00a0\u00bbrow\u00a0\u00bb use_row_as_full_screen_section=\u00a0\u00bbno\u00a0\u00bb type=\u00a0\u00bbgrid\u00a0\u00bb angled_section=\u00a0\u00bbno\u00a0\u00bb text_align=\u00a0\u00bbcenter\u00a0\u00bb background_image_as_pattern=\u00a0\u00bbwithout_pattern\u00a0\u00bb z_index=\u00a0\u00bb\u00a0\u00bb css=\u00a0\u00bb.vc_custom_1665129984293{padding-top: 60px !important;padding-bottom: 60px !important;background-color: #cbd6d3 !important;}\u00a0\u00bb anchor=\u00a0\u00bbvisite\u00a0\u00bb][vc_column][vc_column_text]<\/p>\n<h2 style=\"text-align: center;\">OFFRE DE VISITE<\/h2>\n<p>[\/vc_column_text]<div class=\"qode_vertical_separator\" style=\"height: 80px;width: 1px;background-color: #232323;margin: 60px 0 60px 0\">\n<\/div>[vc_row_inner row_type=\u00a0\u00bbrow\u00a0\u00bb type=\u00a0\u00bbfull_width\u00a0\u00bb text_align=\u00a0\u00bbleft\u00a0\u00bb css_animation=\u00a0\u00bb\u00a0\u00bb css=\u00a0\u00bb.vc_custom_1647338646420{padding-bottom: 30px !important;}\u00a0\u00bb][vc_column_inner width=\u00a0\u00bb1\/2&Prime; css=\u00a0\u00bb.vc_custom_1647338693386{padding-bottom: 30px !important;}\u00a0\u00bb][vc_single_image image=\u00a0\u00bb35344&Prime; img_size=\u00a0\u00bbfull\u00a0\u00bb css=\u00a0\u00bb\u00a0\u00bb qode_css_animation=\u00a0\u00bb\u00a0\u00bb][qode_elements_holder number_of_columns=\u00a0\u00bbone_column\u00a0\u00bb][qode_elements_holder_item advanced_animations=\u00a0\u00bbno\u00a0\u00bb background_color=\u00a0\u00bb#f9f9f9&Prime; item_padding=\u00a0\u00bb15px\u00a0\u00bb][vc_column_text css=\u00a0\u00bb.vc_custom_1738940320609{margin-bottom: 20px !important;}\u00a0\u00bb]<\/p>\n<h5><span style=\"color: #000000;\">Activit\u00e9s pour les \u00e9coles<\/span><\/h5>\n<p>&nbsp;<\/p>\n<p><span style=\"color: #000000;\">Jusqu\u2019au 30 septembre 2025, nous vous proposons des ateliers en lien avec les restaurations du ch\u00e2teau. D\u00e8s le 1er octobre 2025, le ch\u00e2teau sera enti\u00e8rement ferm\u00e9 avant sa r\u00e9ouverture en mars 2026 ! Profiter de nos offres d\u2019ici-l\u00e0 !\u00a0<\/span>[\/vc_column_text]<a  itemprop=\"url\" href=\"https:\/\/chateau-grandson.ch\/fr\/ecole\/\" target=\"_self\"  class=\"qbutton  center default\" style=\"\">Pour les classes<\/a>[\/qode_elements_holder_item][\/qode_elements_holder][\/vc_column_inner][vc_column_inner width=\u00a0\u00bb1\/2&Prime;][vc_single_image image=\u00a0\u00bb35174&Prime; img_size=\u00a0\u00bbfull\u00a0\u00bb css=\u00a0\u00bb\u00a0\u00bb qode_css_animation=\u00a0\u00bb\u00a0\u00bb][qode_elements_holder number_of_columns=\u00a0\u00bbone_column\u00a0\u00bb][qode_elements_holder_item advanced_animations=\u00a0\u00bbno\u00a0\u00bb background_color=\u00a0\u00bb#f9f9f9&Prime; item_padding=\u00a0\u00bb15px\u00a0\u00bb][vc_column_text css=\u00a0\u00bb.vc_custom_1716454513380{margin-bottom: 20px !important;}\u00a0\u00bb]<\/p>\n<h5><span style=\"color: #000000;\">Visites et activit\u00e9s pour les groupes<\/span><\/h5>\n<p>&nbsp;<\/p>\n<p><span style=\"color: #000000;\">Visitez le chantier ou prenez part \u00e0 une animation autour des m\u00e9tiers de la construction au Moyen \u00c2ge.<\/span>[\/vc_column_text]<a  itemprop=\"url\" href=\"https:\/\/chateau-grandson.ch\/fr\/groupes\/\" target=\"_self\"  class=\"qbutton  center default\" style=\"\">Visiter avec un groupe<\/a>[\/qode_elements_holder_item][\/qode_elements_holder][\/vc_column_inner][\/vc_row_inner]<div class=\"qode_vertical_separator\" style=\"height: 80px;width: 1px;background-color: #232323;margin: 20px 0 60px 0\">\n<\/div>[\/vc_column][\/vc_row]<\/p>\n<\/div>","protected":false},"excerpt":{"rendered":"<p>[vc_row css_animation=\u00a0\u00bb\u00a0\u00bb row_type=\u00a0\u00bbrow\u00a0\u00bb use_row_as_full_screen_section=\u00a0\u00bbno\u00a0\u00bb type=\u00a0\u00bbfull_width\u00a0\u00bb angled_section=\u00a0\u00bbno\u00a0\u00bb text_align=\u00a0\u00bbcenter\u00a0\u00bb background_image_as_pattern=\u00a0\u00bbwithout_pattern\u00a0\u00bb z_index=\u00a0\u00bb\u00a0\u00bb css=\u00a0\u00bb.vc_custom_1647342887737{padding-right: 30px !important;padding-bottom: 60px !important;padding-left: 30px !important;}\u00a0\u00bb][vc_column][vc_row_inner row_type=\u00a0\u00bbrow\u00a0\u00bb type=\u00a0\u00bbgrid\u00a0\u00bb text_align=\u00a0\u00bbcenter\u00a0\u00bb css_animation=\u00a0\u00bb\u00a0\u00bb css=\u00a0\u00bb.vc_custom_1665130055515{padding-top: 60px !important;}\u00a0\u00bb el_class=\u00a0\u00bbtitre-page\u00a0\u00bb][vc_column_inner][vc_column_text css=\u00a0\u00bb.vc_custom_1712736327287{border-top-width: 1px !important;border-right-width: 1px !important;border-bottom-width: 1px !important;border-left-width: 1px !important;padding-top: 18px !important;padding-right: 35px !important;padding-bottom: 18px !important;padding-left: 35px !important;border-left-color: #303030 !important;border-left-style: solid !important;border-right-color:&#8230;<\/p>\n","protected":false},"author":1,"featured_media":0,"parent":0,"menu_order":51,"comment_status":"closed","ping_status":"closed","template":"full_width.php","meta":{"footnotes":""},"class_list":["post-32128","page","type-page","status-publish","hentry"],"yoast_head":"<!-- This site is optimized with the Yoast SEO plugin v23.8 - https:\/\/yoast.com\/wordpress\/plugins\/seo\/ -->\n<title>Visiter le chantier | Ch\u00e2teau de Grandson<\/title>\n<meta name=\"robots\" content=\"index, follow, max-snippet:-1, max-image-preview:large, max-video-preview:-1\" \/>\n<link rel=\"canonical\" href=\"https:\/\/old.chateau-grandson.ch\/fr\/visiter\/\" \/>\n<meta property=\"og:locale\" content=\"fr_FR\" \/>\n<meta property=\"og:type\" content=\"article\" \/>\n<meta property=\"og:title\" content=\"Visiter le chantier | Ch\u00e2teau de Grandson\" \/>\n<meta property=\"og:description\" content=\"[vc_row css_animation=\u00a0\u00bb\u00a0\u00bb row_type=\u00a0\u00bbrow\u00a0\u00bb use_row_as_full_screen_section=\u00a0\u00bbno\u00a0\u00bb type=\u00a0\u00bbfull_width\u00a0\u00bb angled_section=\u00a0\u00bbno\u00a0\u00bb text_align=\u00a0\u00bbcenter\u00a0\u00bb background_image_as_pattern=\u00a0\u00bbwithout_pattern\u00a0\u00bb z_index=\u00a0\u00bb\u00a0\u00bb css=\u00a0\u00bb.vc_custom_1647342887737{padding-right: 30px !important;padding-bottom: 60px !important;padding-left: 30px !important;}\u00a0\u00bb][vc_column][vc_row_inner row_type=\u00a0\u00bbrow\u00a0\u00bb type=\u00a0\u00bbgrid\u00a0\u00bb text_align=\u00a0\u00bbcenter\u00a0\u00bb css_animation=\u00a0\u00bb\u00a0\u00bb css=\u00a0\u00bb.vc_custom_1665130055515{padding-top: 60px !important;}\u00a0\u00bb el_class=\u00a0\u00bbtitre-page\u00a0\u00bb][vc_column_inner][vc_column_text css=\u00a0\u00bb.vc_custom_1712736327287{border-top-width: 1px !important;border-right-width: 1px !important;border-bottom-width: 1px !important;border-left-width: 1px !important;padding-top: 18px !important;padding-right: 35px !important;padding-bottom: 18px !important;padding-left: 35px !important;border-left-color: #303030 !important;border-left-style: solid !important;border-right-color:...\" \/>\n<meta property=\"og:url\" content=\"https:\/\/old.chateau-grandson.ch\/fr\/visiter\/\" \/>\n<meta property=\"og:site_name\" content=\"Ch\u00e2teau de Grandson\" \/>\n<meta property=\"article:publisher\" content=\"https:\/\/www.facebook.com\/ChateauDeGrandson\" \/>\n<meta property=\"article:modified_time\" content=\"2025-04-01T15:40:25+00:00\" \/>\n<meta name=\"twitter:card\" content=\"summary_large_image\" \/>\n<meta name=\"twitter:label1\" content=\"Dur\u00e9e de lecture estim\u00e9e\" \/>\n\t<meta name=\"twitter:data1\" content=\"4 minutes\" \/>\n<script type=\"application\/ld+json\" class=\"yoast-schema-graph\">{\"@context\":\"https:\/\/schema.org\",\"@graph\":[{\"@type\":\"WebPage\",\"@id\":\"https:\/\/old.chateau-grandson.ch\/fr\/visiter\/\",\"url\":\"https:\/\/old.chateau-grandson.ch\/fr\/visiter\/\",\"name\":\"Visiter le chantier | Ch\u00e2teau de Grandson\",\"isPartOf\":{\"@id\":\"https:\/\/old.chateau-grandson.ch\/fr\/#website\"},\"datePublished\":\"2022-10-06T13:18:12+00:00\",\"dateModified\":\"2025-04-01T15:40:25+00:00\",\"breadcrumb\":{\"@id\":\"https:\/\/old.chateau-grandson.ch\/fr\/visiter\/#breadcrumb\"},\"inLanguage\":\"fr-FR\",\"potentialAction\":[{\"@type\":\"ReadAction\",\"target\":[\"https:\/\/old.chateau-grandson.ch\/fr\/visiter\/\"]}]},{\"@type\":\"BreadcrumbList\",\"@id\":\"https:\/\/old.chateau-grandson.ch\/fr\/visiter\/#breadcrumb\",\"itemListElement\":[{\"@type\":\"ListItem\",\"position\":1,\"name\":\"Accueil\",\"item\":\"https:\/\/old.chateau-grandson.ch\/fr\/\"},{\"@type\":\"ListItem\",\"position\":2,\"name\":\"Visiter le chantier\"}]},{\"@type\":\"WebSite\",\"@id\":\"https:\/\/old.chateau-grandson.ch\/fr\/#website\",\"url\":\"https:\/\/old.chateau-grandson.ch\/fr\/\",\"name\":\"Ch\u00e2teau de Grandson\",\"description\":\"\",\"publisher\":{\"@id\":\"https:\/\/old.chateau-grandson.ch\/fr\/#organization\"},\"potentialAction\":[{\"@type\":\"SearchAction\",\"target\":{\"@type\":\"EntryPoint\",\"urlTemplate\":\"https:\/\/old.chateau-grandson.ch\/fr\/?s={search_term_string}\"},\"query-input\":{\"@type\":\"PropertyValueSpecification\",\"valueRequired\":true,\"valueName\":\"search_term_string\"}}],\"inLanguage\":\"fr-FR\"},{\"@type\":\"Organization\",\"@id\":\"https:\/\/old.chateau-grandson.ch\/fr\/#organization\",\"name\":\"Ch\u00e2teau de Grandson\",\"url\":\"https:\/\/old.chateau-grandson.ch\/fr\/\",\"logo\":{\"@type\":\"ImageObject\",\"inLanguage\":\"fr-FR\",\"@id\":\"https:\/\/old.chateau-grandson.ch\/fr\/#\/schema\/logo\/image\/\",\"url\":\"https:\/\/chateau-grandson.ch\/wp-content\/uploads\/2020\/07\/logo-chateau-grandson.svg\",\"contentUrl\":\"https:\/\/chateau-grandson.ch\/wp-content\/uploads\/2020\/07\/logo-chateau-grandson.svg\",\"width\":440,\"height\":271,\"caption\":\"Ch\u00e2teau de Grandson\"},\"image\":{\"@id\":\"https:\/\/old.chateau-grandson.ch\/fr\/#\/schema\/logo\/image\/\"},\"sameAs\":[\"https:\/\/www.facebook.com\/ChateauDeGrandson\",\"https:\/\/www.instagram.com\/chateau_de_grandson\/\"]}]}<\/script>\n<!-- \/ Yoast SEO plugin. -->","yoast_head_json":{"title":"Visiter le chantier | Ch\u00e2teau de Grandson","robots":{"index":"index","follow":"follow","max-snippet":"max-snippet:-1","max-image-preview":"max-image-preview:large","max-video-preview":"max-video-preview:-1"},"canonical":"https:\/\/old.chateau-grandson.ch\/fr\/visiter\/","og_locale":"fr_FR","og_type":"article","og_title":"Visiter le chantier | Ch\u00e2teau de Grandson","og_description":"[vc_row css_animation=\u00a0\u00bb\u00a0\u00bb row_type=\u00a0\u00bbrow\u00a0\u00bb use_row_as_full_screen_section=\u00a0\u00bbno\u00a0\u00bb type=\u00a0\u00bbfull_width\u00a0\u00bb angled_section=\u00a0\u00bbno\u00a0\u00bb text_align=\u00a0\u00bbcenter\u00a0\u00bb background_image_as_pattern=\u00a0\u00bbwithout_pattern\u00a0\u00bb z_index=\u00a0\u00bb\u00a0\u00bb css=\u00a0\u00bb.vc_custom_1647342887737{padding-right: 30px !important;padding-bottom: 60px !important;padding-left: 30px !important;}\u00a0\u00bb][vc_column][vc_row_inner row_type=\u00a0\u00bbrow\u00a0\u00bb type=\u00a0\u00bbgrid\u00a0\u00bb text_align=\u00a0\u00bbcenter\u00a0\u00bb css_animation=\u00a0\u00bb\u00a0\u00bb css=\u00a0\u00bb.vc_custom_1665130055515{padding-top: 60px !important;}\u00a0\u00bb el_class=\u00a0\u00bbtitre-page\u00a0\u00bb][vc_column_inner][vc_column_text css=\u00a0\u00bb.vc_custom_1712736327287{border-top-width: 1px !important;border-right-width: 1px !important;border-bottom-width: 1px !important;border-left-width: 1px !important;padding-top: 18px !important;padding-right: 35px !important;padding-bottom: 18px !important;padding-left: 35px !important;border-left-color: #303030 !important;border-left-style: solid !important;border-right-color:...","og_url":"https:\/\/old.chateau-grandson.ch\/fr\/visiter\/","og_site_name":"Ch\u00e2teau de Grandson","article_publisher":"https:\/\/www.facebook.com\/ChateauDeGrandson","article_modified_time":"2025-04-01T15:40:25+00:00","twitter_card":"summary_large_image","twitter_misc":{"Dur\u00e9e de lecture estim\u00e9e":"4 minutes"},"schema":{"@context":"https:\/\/schema.org","@graph":[{"@type":"WebPage","@id":"https:\/\/old.chateau-grandson.ch\/fr\/visiter\/","url":"https:\/\/old.chateau-grandson.ch\/fr\/visiter\/","name":"Visiter le chantier | Ch\u00e2teau de Grandson","isPartOf":{"@id":"https:\/\/old.chateau-grandson.ch\/fr\/#website"},"datePublished":"2022-10-06T13:18:12+00:00","dateModified":"2025-04-01T15:40:25+00:00","breadcrumb":{"@id":"https:\/\/old.chateau-grandson.ch\/fr\/visiter\/#breadcrumb"},"inLanguage":"fr-FR","potentialAction":[{"@type":"ReadAction","target":["https:\/\/old.chateau-grandson.ch\/fr\/visiter\/"]}]},{"@type":"BreadcrumbList","@id":"https:\/\/old.chateau-grandson.ch\/fr\/visiter\/#breadcrumb","itemListElement":[{"@type":"ListItem","position":1,"name":"Accueil","item":"https:\/\/old.chateau-grandson.ch\/fr\/"},{"@type":"ListItem","position":2,"name":"Visiter le chantier"}]},{"@type":"WebSite","@id":"https:\/\/old.chateau-grandson.ch\/fr\/#website","url":"https:\/\/old.chateau-grandson.ch\/fr\/","name":"Ch\u00e2teau de Grandson","description":"","publisher":{"@id":"https:\/\/old.chateau-grandson.ch\/fr\/#organization"},"potentialAction":[{"@type":"SearchAction","target":{"@type":"EntryPoint","urlTemplate":"https:\/\/old.chateau-grandson.ch\/fr\/?s={search_term_string}"},"query-input":{"@type":"PropertyValueSpecification","valueRequired":true,"valueName":"search_term_string"}}],"inLanguage":"fr-FR"},{"@type":"Organization","@id":"https:\/\/old.chateau-grandson.ch\/fr\/#organization","name":"Ch\u00e2teau de Grandson","url":"https:\/\/old.chateau-grandson.ch\/fr\/","logo":{"@type":"ImageObject","inLanguage":"fr-FR","@id":"https:\/\/old.chateau-grandson.ch\/fr\/#\/schema\/logo\/image\/","url":"https:\/\/chateau-grandson.ch\/wp-content\/uploads\/2020\/07\/logo-chateau-grandson.svg","contentUrl":"https:\/\/chateau-grandson.ch\/wp-content\/uploads\/2020\/07\/logo-chateau-grandson.svg","width":440,"height":271,"caption":"Ch\u00e2teau de Grandson"},"image":{"@id":"https:\/\/old.chateau-grandson.ch\/fr\/#\/schema\/logo\/image\/"},"sameAs":["https:\/\/www.facebook.com\/ChateauDeGrandson","https:\/\/www.instagram.com\/chateau_de_grandson\/"]}]}},"_links":{"self":[{"href":"https:\/\/old.chateau-grandson.ch\/fr\/wp-json\/wp\/v2\/pages\/32128"}],"collection":[{"href":"https:\/\/old.chateau-grandson.ch\/fr\/wp-json\/wp\/v2\/pages"}],"about":[{"href":"https:\/\/old.chateau-grandson.ch\/fr\/wp-json\/wp\/v2\/types\/page"}],"author":[{"embeddable":true,"href":"https:\/\/old.chateau-grandson.ch\/fr\/wp-json\/wp\/v2\/users\/1"}],"replies":[{"embeddable":true,"href":"https:\/\/old.chateau-grandson.ch\/fr\/wp-json\/wp\/v2\/comments?post=32128"}],"version-history":[{"count":237,"href":"https:\/\/old.chateau-grandson.ch\/fr\/wp-json\/wp\/v2\/pages\/32128\/revisions"}],"predecessor-version":[{"id":35859,"href":"https:\/\/old.chateau-grandson.ch\/fr\/wp-json\/wp\/v2\/pages\/32128\/revisions\/35859"}],"wp:attachment":[{"href":"https:\/\/old.chateau-grandson.ch\/fr\/wp-json\/wp\/v2\/media?parent=32128"}],"curies":[{"name":"wp","href":"https:\/\/api.w.org\/{rel}","templated":true}]}}