{"id":33038,"date":"2022-10-06T17:04:55","date_gmt":"2022-10-06T15:04:55","guid":{"rendered":"https:\/\/chateau-grandson.ch\/?page_id=33038"},"modified":"2022-11-18T09:21:17","modified_gmt":"2022-11-18T08:21:17","slug":"mentions-legales","status":"publish","type":"page","link":"https:\/\/old.chateau-grandson.ch\/fr\/mentions-legales\/","title":{"rendered":"Mentions l\u00e9gales"},"content":{"rendered":"<div class=\"wpb-content-wrapper\"><p>[vc_row css_animation=\u00a0\u00bb\u00a0\u00bb row_type=\u00a0\u00bbrow\u00a0\u00bb use_row_as_full_screen_section=\u00a0\u00bbno\u00a0\u00bb type=\u00a0\u00bbfull_width\u00a0\u00bb angled_section=\u00a0\u00bbno\u00a0\u00bb text_align=\u00a0\u00bbcenter\u00a0\u00bb background_image_as_pattern=\u00a0\u00bbwithout_pattern\u00a0\u00bb z_index=\u00a0\u00bb\u00a0\u00bb][vc_column][vc_row_inner row_type=\u00a0\u00bbrow\u00a0\u00bb type=\u00a0\u00bbgrid\u00a0\u00bb text_align=\u00a0\u00bbcenter\u00a0\u00bb css_animation=\u00a0\u00bb\u00a0\u00bb css=\u00a0\u00bb.vc_custom_1595430003367{padding-top: 60px !important;}\u00a0\u00bb el_class=\u00a0\u00bbtitre-page\u00a0\u00bb][vc_column_inner][vc_column_text css=\u00a0\u00bb.vc_custom_1657787841649{border-top-width: 1px !important;border-right-width: 1px !important;border-bottom-width: 1px !important;border-left-width: 1px !important;padding-top: 18px !important;padding-right: 35px !important;padding-bottom: 18px !important;padding-left: 35px !important;border-left-color: #303030 !important;border-left-style: solid !important;border-right-color: #303030 !important;border-right-style: solid !important;border-top-color: #303030 !important;border-top-style: solid !important;border-bottom-color: #303030 !important;border-bottom-style: solid !important;}\u00a0\u00bb]<\/p>\n<h1>Mentions l\u00e9gales<\/h1>\n<p>[\/vc_column_text][\/vc_column_inner][\/vc_row_inner]<div class=\"qode_vertical_separator\" style=\"height: 80px;width: 1px;background-color: #232323;margin: 60px 0 60px 0\">\n<\/div>[vc_row_inner row_type=\u00a0\u00bbrow\u00a0\u00bb type=\u00a0\u00bbgrid\u00a0\u00bb text_align=\u00a0\u00bbleft\u00a0\u00bb css_animation=\u00a0\u00bb\u00a0\u00bb][vc_column_inner width=\u00a0\u00bb1\/2&Prime;][vc_column_text]<\/p>\n<h3>Responsabilit\u00e9<\/h3>\n<p>&nbsp;<\/p>\n<p><span style=\"font-size: 14pt;\">La Fondation du Ch\u00e2teau de Grandson apporte le plus grand soin \u00e0 la justesse des informations publi\u00e9es sur son site web, mais ne peut la garantir. Ces informations sont fournies \u00e0 destination d&rsquo;un usage personnel et \u00e0 des fins informatives. La Fondation se r\u00e9serve express\u00e9ment le droit de compl\u00e9ter, modifier, supprimer ou diffuser tout ou partie des informations, \u00e0 tout moment et sans avertissement pr\u00e9alable.<\/span><\/p>\n<p>&nbsp;<\/p>\n<p><span style=\"font-size: 14pt;\">La Fondation du Ch\u00e2teau de Grandson d\u00e9cline toute responsabilit\u00e9 pour \u00a0tout dommage qui pourrait \u00eatre caus\u00e9 par l&rsquo;acc\u00e8s \u00e0 son site web, son utilisation ainsi qu\u2019aux informations diffus\u00e9es. La responsabilit\u00e9 de la Fondation est exclue dans la mesure o\u00f9 aucune faute intentionnelle ou n\u00e9gligence grave ne lui est imputable.<\/span><\/p>\n<p>&nbsp;<\/p>\n<p><span style=\"font-size: 14pt;\">Le site web du ch\u00e2teau de Grandson (chateau-grandson.ch) contient des liens menant \u00e0 d\u2019autres sites web qui ne rel\u00e8vent pas de la responsabilit\u00e9 de la Fondation. La Fondation du Ch\u00e2teau de Grandson d\u00e9cline toute responsabilit\u00e9 concernant le respect de la protection des donn\u00e9es par les propri\u00e9taires de ces autres sites web ainsi que pour le contenu de ceux-ci.<\/span>[\/vc_column_text][\/vc_column_inner][vc_column_inner width=\u00a0\u00bb1\/2&Prime;][vc_column_text]<\/p>\n<h3>Protection des donn\u00e9es<\/h3>\n<p>&nbsp;<\/p>\n<p><span style=\"font-size: 14pt;\">La Fondation du Ch\u00e2teau de Grandson respecte scrupuleusement le droit \u00e0 la sph\u00e8re priv\u00e9e et la protection contre l\u2019utilisation abusive et frauduleuse des donn\u00e9es personnelles de ses visiteurs.\u00a0Elle se conforme aux dispositions l\u00e9gales applicables en la mati\u00e8re.<\/span><\/p>\n<p>&nbsp;<\/p>\n<p><span style=\"font-size: 14pt;\">La Fondation du Ch\u00e2teau de Grandson ne collecte aucune donn\u00e9e permettant d\u2019identifier personnellement les visiteurs de son site web, \u00e0 moins que ces donn\u00e9es ne lui soient fournies volontairement par le visiteur au moyen d\u2019un formulaire ou par courriel. Dans ce cas, les donn\u00e9es peuvent \u00eatre conserv\u00e9es et utilis\u00e9es, avec le consentement de l\u2019utilisateur, \u00e0 des fins administratives, d\u2019am\u00e9lioration des services propos\u00e9s, de transmission d\u2019informations et de promotions de l\u2019activit\u00e9 du ch\u00e2teau de Grandson, de son mus\u00e9e et de son restaurant.<\/span><\/p>\n<p>&nbsp;<\/p>\n<p><span style=\"font-size: 14pt;\">Les donn\u00e9es personnelles communiqu\u00e9es par les visiteurs sont trait\u00e9es de mani\u00e8re confidentielle et ne sont ni vendues, ni fournies \u00e0 des tiers. Les utilisateurs peuvent, en tout temps, faire valoir leur droit \u00e0 la protection des donn\u00e9es et obtenir des renseignements sur l\u2019enregistrement de leurs donn\u00e9es personnelles, les corriger, les compl\u00e9ter ou s\u2019opposer \u00e0 leur utilisation, ou encore en exiger la suppression si n\u00e9cessaire.<\/span><\/p>\n<p>&nbsp;<\/p>\n<p><span style=\"font-size: 14pt;\">Pour toute question ou demande de pr\u00e9cisions quant \u00e0 l\u2019utilisation et le traitement des donn\u00e9es, merci de contacter\u00a0:<\/span><\/p>\n<p>&nbsp;<\/p>\n<p style=\"padding-left: 40px;\"><strong><span style=\"font-size: 14pt;\">Fondation du Ch\u00e2teau de Grandson<\/span><\/strong><\/p>\n<p style=\"padding-left: 40px;\"><span style=\"font-size: 14pt;\">Place du Ch\u00e2teau 12<\/span><\/p>\n<p style=\"padding-left: 40px;\"><span style=\"font-size: 14pt;\">1422 Grandson<\/span><\/p>\n<p style=\"padding-left: 40px;\"><span style=\"font-size: 14pt;\"><a href=\"mailto:administration@chateau-grandson.ch\">administration@chateau-grandson.ch<\/a><\/span><\/p>\n<p>\u00a0[\/vc_column_text][vc_column_text]<\/p>\n<h3>Droits d&rsquo;auteurs<\/h3>\n<p>&nbsp;<\/p>\n<p><span style=\"font-size: 14pt;\">Tous les textes, images, contenus graphiques figurant sur le site web du ch\u00e2teau de Grandson sont la propri\u00e9t\u00e9 exclusive de la Fondation du Ch\u00e2teau de Grandson ou celle de tiers cit\u00e9s express\u00e9ment et sont prot\u00e9g\u00e9s par la l\u00e9gislation sur les droits d\u2019auteur. La reproduction, la transmission, la modification ou l\u2019utilisation de tout contenu sont interdits et doivent faire l\u2019objet d\u2019une autorisation \u00e9crite pr\u00e9alable au d\u00e9tenteur des droits. Le fait de t\u00e9l\u00e9charger ou de copier des images, textes, photos ou autres \u00e9l\u00e9ments graphiques n\u2019entra\u00eene aucun transfert de droits.<\/span><\/p>\n<p>&nbsp;<\/p>\n<p><span style=\"font-size: 14pt;\">Le for juridique est Grandson VD, Suisse.<\/span><\/p>\n<p>&nbsp;<\/p>\n<p><span style=\"font-size: 14pt;\">Fondation du Ch\u00e2teau de Grandson, Grandson, Juillet 2022.<\/span>[\/vc_column_text][\/vc_column_inner][\/vc_row_inner]<div class=\"qode_vertical_separator\" style=\"height: 80px;width: 1px;background-color: #232323;margin: 60px 0 60px 0\">\n<\/div>[\/vc_column][\/vc_row]<\/p>\n<\/div>","protected":false},"excerpt":{"rendered":"<p>[vc_row css_animation=\u00a0\u00bb\u00a0\u00bb row_type=\u00a0\u00bbrow\u00a0\u00bb use_row_as_full_screen_section=\u00a0\u00bbno\u00a0\u00bb type=\u00a0\u00bbfull_width\u00a0\u00bb angled_section=\u00a0\u00bbno\u00a0\u00bb text_align=\u00a0\u00bbcenter\u00a0\u00bb background_image_as_pattern=\u00a0\u00bbwithout_pattern\u00a0\u00bb z_index=\u00a0\u00bb\u00a0\u00bb][vc_column][vc_row_inner row_type=\u00a0\u00bbrow\u00a0\u00bb type=\u00a0\u00bbgrid\u00a0\u00bb text_align=\u00a0\u00bbcenter\u00a0\u00bb css_animation=\u00a0\u00bb\u00a0\u00bb css=\u00a0\u00bb.vc_custom_1595430003367{padding-top: 60px !important;}\u00a0\u00bb el_class=\u00a0\u00bbtitre-page\u00a0\u00bb][vc_column_inner][vc_column_text css=\u00a0\u00bb.vc_custom_1657787841649{border-top-width: 1px !important;border-right-width: 1px !important;border-bottom-width: 1px !important;border-left-width: 1px !important;padding-top: 18px !important;padding-right: 35px !important;padding-bottom: 18px !important;padding-left: 35px !important;border-left-color: #303030 !important;border-left-style: solid !important;border-right-color: #303030 !important;border-right-style: solid !important;border-top-color: #303030 !important;border-top-style: solid&#8230;<\/p>\n","protected":false},"author":1,"featured_media":0,"parent":0,"menu_order":34,"comment_status":"closed","ping_status":"closed","template":"full_width.php","meta":{"footnotes":""},"class_list":["post-33038","page","type-page","status-publish","hentry"],"yoast_head":"<!-- This site is optimized with the Yoast SEO plugin v23.8 - https:\/\/yoast.com\/wordpress\/plugins\/seo\/ -->\n<title>Mentions l\u00e9gales | Ch\u00e2teau de Grandson<\/title>\n<meta name=\"robots\" content=\"index, follow, max-snippet:-1, max-image-preview:large, max-video-preview:-1\" \/>\n<link rel=\"canonical\" href=\"https:\/\/old.chateau-grandson.ch\/fr\/mentions-legales\/\" \/>\n<meta property=\"og:locale\" content=\"fr_FR\" \/>\n<meta property=\"og:type\" content=\"article\" \/>\n<meta property=\"og:title\" content=\"Mentions l\u00e9gales | Ch\u00e2teau de Grandson\" \/>\n<meta property=\"og:description\" content=\"[vc_row css_animation=\u00a0\u00bb\u00a0\u00bb row_type=\u00a0\u00bbrow\u00a0\u00bb use_row_as_full_screen_section=\u00a0\u00bbno\u00a0\u00bb type=\u00a0\u00bbfull_width\u00a0\u00bb angled_section=\u00a0\u00bbno\u00a0\u00bb text_align=\u00a0\u00bbcenter\u00a0\u00bb background_image_as_pattern=\u00a0\u00bbwithout_pattern\u00a0\u00bb z_index=\u00a0\u00bb\u00a0\u00bb][vc_column][vc_row_inner row_type=\u00a0\u00bbrow\u00a0\u00bb type=\u00a0\u00bbgrid\u00a0\u00bb text_align=\u00a0\u00bbcenter\u00a0\u00bb css_animation=\u00a0\u00bb\u00a0\u00bb css=\u00a0\u00bb.vc_custom_1595430003367{padding-top: 60px !important;}\u00a0\u00bb el_class=\u00a0\u00bbtitre-page\u00a0\u00bb][vc_column_inner][vc_column_text css=\u00a0\u00bb.vc_custom_1657787841649{border-top-width: 1px !important;border-right-width: 1px !important;border-bottom-width: 1px !important;border-left-width: 1px !important;padding-top: 18px !important;padding-right: 35px !important;padding-bottom: 18px !important;padding-left: 35px !important;border-left-color: #303030 !important;border-left-style: solid !important;border-right-color: #303030 !important;border-right-style: solid !important;border-top-color: #303030 !important;border-top-style: solid...\" \/>\n<meta property=\"og:url\" content=\"https:\/\/old.chateau-grandson.ch\/fr\/mentions-legales\/\" \/>\n<meta property=\"og:site_name\" content=\"Ch\u00e2teau de Grandson\" \/>\n<meta property=\"article:publisher\" content=\"https:\/\/www.facebook.com\/ChateauDeGrandson\" \/>\n<meta property=\"article:modified_time\" content=\"2022-11-18T08:21:17+00:00\" \/>\n<meta name=\"twitter:card\" content=\"summary_large_image\" \/>\n<meta name=\"twitter:label1\" content=\"Dur\u00e9e de lecture estim\u00e9e\" \/>\n\t<meta name=\"twitter:data1\" content=\"3 minutes\" \/>\n<script type=\"application\/ld+json\" class=\"yoast-schema-graph\">{\"@context\":\"https:\/\/schema.org\",\"@graph\":[{\"@type\":\"WebPage\",\"@id\":\"https:\/\/old.chateau-grandson.ch\/fr\/mentions-legales\/\",\"url\":\"https:\/\/old.chateau-grandson.ch\/fr\/mentions-legales\/\",\"name\":\"Mentions l\u00e9gales | Ch\u00e2teau de Grandson\",\"isPartOf\":{\"@id\":\"https:\/\/old.chateau-grandson.ch\/fr\/#website\"},\"datePublished\":\"2022-10-06T15:04:55+00:00\",\"dateModified\":\"2022-11-18T08:21:17+00:00\",\"breadcrumb\":{\"@id\":\"https:\/\/old.chateau-grandson.ch\/fr\/mentions-legales\/#breadcrumb\"},\"inLanguage\":\"fr-FR\",\"potentialAction\":[{\"@type\":\"ReadAction\",\"target\":[\"https:\/\/old.chateau-grandson.ch\/fr\/mentions-legales\/\"]}]},{\"@type\":\"BreadcrumbList\",\"@id\":\"https:\/\/old.chateau-grandson.ch\/fr\/mentions-legales\/#breadcrumb\",\"itemListElement\":[{\"@type\":\"ListItem\",\"position\":1,\"name\":\"Accueil\",\"item\":\"https:\/\/old.chateau-grandson.ch\/fr\/\"},{\"@type\":\"ListItem\",\"position\":2,\"name\":\"Mentions l\u00e9gales\"}]},{\"@type\":\"WebSite\",\"@id\":\"https:\/\/old.chateau-grandson.ch\/fr\/#website\",\"url\":\"https:\/\/old.chateau-grandson.ch\/fr\/\",\"name\":\"Ch\u00e2teau de Grandson\",\"description\":\"\",\"publisher\":{\"@id\":\"https:\/\/old.chateau-grandson.ch\/fr\/#organization\"},\"potentialAction\":[{\"@type\":\"SearchAction\",\"target\":{\"@type\":\"EntryPoint\",\"urlTemplate\":\"https:\/\/old.chateau-grandson.ch\/fr\/?s={search_term_string}\"},\"query-input\":{\"@type\":\"PropertyValueSpecification\",\"valueRequired\":true,\"valueName\":\"search_term_string\"}}],\"inLanguage\":\"fr-FR\"},{\"@type\":\"Organization\",\"@id\":\"https:\/\/old.chateau-grandson.ch\/fr\/#organization\",\"name\":\"Ch\u00e2teau de Grandson\",\"url\":\"https:\/\/old.chateau-grandson.ch\/fr\/\",\"logo\":{\"@type\":\"ImageObject\",\"inLanguage\":\"fr-FR\",\"@id\":\"https:\/\/old.chateau-grandson.ch\/fr\/#\/schema\/logo\/image\/\",\"url\":\"https:\/\/chateau-grandson.ch\/wp-content\/uploads\/2020\/07\/logo-chateau-grandson.svg\",\"contentUrl\":\"https:\/\/chateau-grandson.ch\/wp-content\/uploads\/2020\/07\/logo-chateau-grandson.svg\",\"width\":440,\"height\":271,\"caption\":\"Ch\u00e2teau de Grandson\"},\"image\":{\"@id\":\"https:\/\/old.chateau-grandson.ch\/fr\/#\/schema\/logo\/image\/\"},\"sameAs\":[\"https:\/\/www.facebook.com\/ChateauDeGrandson\",\"https:\/\/www.instagram.com\/chateau_de_grandson\/\"]}]}<\/script>\n<!-- \/ Yoast SEO plugin. -->","yoast_head_json":{"title":"Mentions l\u00e9gales | Ch\u00e2teau de Grandson","robots":{"index":"index","follow":"follow","max-snippet":"max-snippet:-1","max-image-preview":"max-image-preview:large","max-video-preview":"max-video-preview:-1"},"canonical":"https:\/\/old.chateau-grandson.ch\/fr\/mentions-legales\/","og_locale":"fr_FR","og_type":"article","og_title":"Mentions l\u00e9gales | Ch\u00e2teau de Grandson","og_description":"[vc_row css_animation=\u00a0\u00bb\u00a0\u00bb row_type=\u00a0\u00bbrow\u00a0\u00bb use_row_as_full_screen_section=\u00a0\u00bbno\u00a0\u00bb type=\u00a0\u00bbfull_width\u00a0\u00bb angled_section=\u00a0\u00bbno\u00a0\u00bb text_align=\u00a0\u00bbcenter\u00a0\u00bb background_image_as_pattern=\u00a0\u00bbwithout_pattern\u00a0\u00bb z_index=\u00a0\u00bb\u00a0\u00bb][vc_column][vc_row_inner row_type=\u00a0\u00bbrow\u00a0\u00bb type=\u00a0\u00bbgrid\u00a0\u00bb text_align=\u00a0\u00bbcenter\u00a0\u00bb css_animation=\u00a0\u00bb\u00a0\u00bb css=\u00a0\u00bb.vc_custom_1595430003367{padding-top: 60px !important;}\u00a0\u00bb el_class=\u00a0\u00bbtitre-page\u00a0\u00bb][vc_column_inner][vc_column_text css=\u00a0\u00bb.vc_custom_1657787841649{border-top-width: 1px !important;border-right-width: 1px !important;border-bottom-width: 1px !important;border-left-width: 1px !important;padding-top: 18px !important;padding-right: 35px !important;padding-bottom: 18px !important;padding-left: 35px !important;border-left-color: #303030 !important;border-left-style: solid !important;border-right-color: #303030 !important;border-right-style: solid !important;border-top-color: #303030 !important;border-top-style: solid...","og_url":"https:\/\/old.chateau-grandson.ch\/fr\/mentions-legales\/","og_site_name":"Ch\u00e2teau de Grandson","article_publisher":"https:\/\/www.facebook.com\/ChateauDeGrandson","article_modified_time":"2022-11-18T08:21:17+00:00","twitter_card":"summary_large_image","twitter_misc":{"Dur\u00e9e de lecture estim\u00e9e":"3 minutes"},"schema":{"@context":"https:\/\/schema.org","@graph":[{"@type":"WebPage","@id":"https:\/\/old.chateau-grandson.ch\/fr\/mentions-legales\/","url":"https:\/\/old.chateau-grandson.ch\/fr\/mentions-legales\/","name":"Mentions l\u00e9gales | Ch\u00e2teau de Grandson","isPartOf":{"@id":"https:\/\/old.chateau-grandson.ch\/fr\/#website"},"datePublished":"2022-10-06T15:04:55+00:00","dateModified":"2022-11-18T08:21:17+00:00","breadcrumb":{"@id":"https:\/\/old.chateau-grandson.ch\/fr\/mentions-legales\/#breadcrumb"},"inLanguage":"fr-FR","potentialAction":[{"@type":"ReadAction","target":["https:\/\/old.chateau-grandson.ch\/fr\/mentions-legales\/"]}]},{"@type":"BreadcrumbList","@id":"https:\/\/old.chateau-grandson.ch\/fr\/mentions-legales\/#breadcrumb","itemListElement":[{"@type":"ListItem","position":1,"name":"Accueil","item":"https:\/\/old.chateau-grandson.ch\/fr\/"},{"@type":"ListItem","position":2,"name":"Mentions l\u00e9gales"}]},{"@type":"WebSite","@id":"https:\/\/old.chateau-grandson.ch\/fr\/#website","url":"https:\/\/old.chateau-grandson.ch\/fr\/","name":"Ch\u00e2teau de Grandson","description":"","publisher":{"@id":"https:\/\/old.chateau-grandson.ch\/fr\/#organization"},"potentialAction":[{"@type":"SearchAction","target":{"@type":"EntryPoint","urlTemplate":"https:\/\/old.chateau-grandson.ch\/fr\/?s={search_term_string}"},"query-input":{"@type":"PropertyValueSpecification","valueRequired":true,"valueName":"search_term_string"}}],"inLanguage":"fr-FR"},{"@type":"Organization","@id":"https:\/\/old.chateau-grandson.ch\/fr\/#organization","name":"Ch\u00e2teau de Grandson","url":"https:\/\/old.chateau-grandson.ch\/fr\/","logo":{"@type":"ImageObject","inLanguage":"fr-FR","@id":"https:\/\/old.chateau-grandson.ch\/fr\/#\/schema\/logo\/image\/","url":"https:\/\/chateau-grandson.ch\/wp-content\/uploads\/2020\/07\/logo-chateau-grandson.svg","contentUrl":"https:\/\/chateau-grandson.ch\/wp-content\/uploads\/2020\/07\/logo-chateau-grandson.svg","width":440,"height":271,"caption":"Ch\u00e2teau de Grandson"},"image":{"@id":"https:\/\/old.chateau-grandson.ch\/fr\/#\/schema\/logo\/image\/"},"sameAs":["https:\/\/www.facebook.com\/ChateauDeGrandson","https:\/\/www.instagram.com\/chateau_de_grandson\/"]}]}},"_links":{"self":[{"href":"https:\/\/old.chateau-grandson.ch\/fr\/wp-json\/wp\/v2\/pages\/33038"}],"collection":[{"href":"https:\/\/old.chateau-grandson.ch\/fr\/wp-json\/wp\/v2\/pages"}],"about":[{"href":"https:\/\/old.chateau-grandson.ch\/fr\/wp-json\/wp\/v2\/types\/page"}],"author":[{"embeddable":true,"href":"https:\/\/old.chateau-grandson.ch\/fr\/wp-json\/wp\/v2\/users\/1"}],"replies":[{"embeddable":true,"href":"https:\/\/old.chateau-grandson.ch\/fr\/wp-json\/wp\/v2\/comments?post=33038"}],"version-history":[{"count":2,"href":"https:\/\/old.chateau-grandson.ch\/fr\/wp-json\/wp\/v2\/pages\/33038\/revisions"}],"predecessor-version":[{"id":33563,"href":"https:\/\/old.chateau-grandson.ch\/fr\/wp-json\/wp\/v2\/pages\/33038\/revisions\/33563"}],"wp:attachment":[{"href":"https:\/\/old.chateau-grandson.ch\/fr\/wp-json\/wp\/v2\/media?parent=33038"}],"curies":[{"name":"wp","href":"https:\/\/api.w.org\/{rel}","templated":true}]}}